{"id":18682,"date":"2025-01-20T06:01:47","date_gmt":"2025-01-20T06:01:47","guid":{"rendered":"https:\/\/marqalicante-admin.qwair.com\/item\/los-toros-de-el-argar-figurillas-de-arcilla-de-la-edad-del-bronce\/"},"modified":"2025-06-04T16:33:28","modified_gmt":"2025-06-04T16:33:28","slug":"los-toros-de-el-argar-figurillas-de-arcilla-de-la-edad-del-bronce","status":"publish","type":"product","link":"https:\/\/marqalicante-admin.qwair.com\/es\/producto\/los-toros-de-el-argar-figurillas-de-arcilla-de-la-edad-del-bronce\/","title":{"rendered":"Los toros de El Argar. Figurillas de arcilla de la Edad del Bronce"},"content":{"rendered":"    \n    <div class=\"documento-item\">\n        \n        \n                    <a href=\"https:\/\/marqalicante.com\/contenido\/publicaciones\/pub_147.pdf\" class=\"documento-btn\" target=\"_blank\" rel=\"noopener\">\n                <i class=\"fas fa-file-pdf\"><\/i> Descargar PDF\n            <\/a>\n            <\/div>\n\n    \n","protected":false},"excerpt":{"rendered":"<p>Durante las excavaciones pioneras de Luis Siret en los yacimientos almerienses de la Cultura de El Argar&#44; a finales del siglo XIX&#44; aparecieron unas peque\u00f1as y enigm\u00e1ticas figurillas de arcilla que representaban esquem\u00e1ticamente toros o vacas. Durante casi un siglo la atribuci\u00f3n cultural de estas peque\u00f1as figurillas ha estado envuelta en la controversia. Hoy ya resulta indiscutible su pertenencia a la Edad del Bronce&#44; gracias a los trabajos realizados en fechas recientes en el yacimiento alicantino de Laderas del Castillo&#44; en Callosa de Segura&#44; y en otros yacimientos de la peninsula&#44; como La Bastida o Marroqu\u00edes Bajos.<\/p>\n","protected":false},"featured_media":18507,"template":"","meta":{"kia_subtitle":""},"product_brand":[],"product_cat":[1397],"product_tag":[],"class_list":{"0":"post-18682","1":"product","2":"type-product","3":"status-publish","4":"has-post-thumbnail","6":"product_cat-publicaciones","8":"first","9":"instock","10":"virtual","11":"product-type-simple"},"meta_box":{"ia_expediente":"","ia_ano":"","ia_fechas_de_actuacion":"","ia_municipios_comarcas":"","ia_directores":"","ia_periodos_culturales":"","ia_tipos_de_intervencion":"","ia_equipo_tecnico":"","ia_autores":"","ia_promotores":"","ia_deposito_de_materiales":"","ia_coordenadas_utm":""},"_links":{"self":[{"href":"https:\/\/marqalicante-admin.qwair.com\/es\/wp-json\/wp\/v2\/product\/18682","targetHints":{"allow":["GET"]}}],"collection":[{"href":"https:\/\/marqalicante-admin.qwair.com\/es\/wp-json\/wp\/v2\/product"}],"about":[{"href":"https:\/\/marqalicante-admin.qwair.com\/es\/wp-json\/wp\/v2\/types\/product"}],"wp:featuredmedia":[{"embeddable":true,"href":"https:\/\/marqalicante-admin.qwair.com\/es\/wp-json\/wp\/v2\/media\/18507"}],"wp:attachment":[{"href":"https:\/\/marqalicante-admin.qwair.com\/es\/wp-json\/wp\/v2\/media?parent=18682"}],"wp:term":[{"taxonomy":"product_brand","embeddable":true,"href":"https:\/\/marqalicante-admin.qwair.com\/es\/wp-json\/wp\/v2\/product_brand?post=18682"},{"taxonomy":"product_cat","embeddable":true,"href":"https:\/\/marqalicante-admin.qwair.com\/es\/wp-json\/wp\/v2\/product_cat?post=18682"},{"taxonomy":"product_tag","embeddable":true,"href":"https:\/\/marqalicante-admin.qwair.com\/es\/wp-json\/wp\/v2\/product_tag?post=18682"}],"curies":[{"name":"wp","href":"https:\/\/api.w.org\/{rel}","templated":true}]}}