{"id":18680,"date":"2025-02-03T07:09:32","date_gmt":"2025-02-03T07:09:32","guid":{"rendered":"https:\/\/marqalicante-admin.qwair.com\/item\/marq-arqueologia-y-museos-09-2\/"},"modified":"2025-06-04T16:33:28","modified_gmt":"2025-06-04T16:33:28","slug":"marq-arqueologia-y-museos-09-2","status":"publish","type":"product","link":"https:\/\/marqalicante-admin.qwair.com\/es\/producto\/marq-arqueologia-y-museos-09-2\/","title":{"rendered":"MARQ&#44; ARQUEOLOG\u00cdA Y MUSEOS 09"},"content":{"rendered":"<div class=\"documento-item\">\n                    <h2 class=\"documento-title\">Datos preliminares acerca de los recursos litol\u00f3gicos en el sur de Alicante (Espa\u00f1a): El s\u00edlex veleta y el ejemplo del \u00e1rea de captaci\u00f3n y talla del Paleol\u00edtico medio de Bardissa (Hond\u00f3n de las Nieves)<\/h2>\n        \n                    <p class=\"documento-subtitle\">Francisco Javier Molina Hern\u00e1ndez&#044; Daniel Belmonte Mas&#044; Ana Satorre P\u00e9rez&#044; Antonio Tarri\u00f1o Vinagre&#044; Cristo Manuel Hern\u00e1ndez G\u00f3mez&#044; Bertila Galv\u00e1n Santos<\/p>\n        \n                    <a href=\"\/wp-content\/uploads\/2025\/01\/publi-revistas\/pub_116.pdf\" class=\"documento-btn\">\n                <i class=\"fas fa-file-pdf\"><\/i> Descargar PDF\n            <\/a>\n            <\/div>\n\n        \n    <div class=\"documento-item\">\n                    <h2 class=\"documento-title\">El Abrigo del Horno Ciego. Un nuevo enclave de Arte Rupestre Levantino en Millares (Valencia)<\/h2>\n        \n                    <p class=\"documento-subtitle\">Trinidad Mart\u00ednez i Rubio&#044; Ximo Martorell Briz&#044; Manfred Bader y Katja Bader<\/p>\n        \n                    <a href=\"\/wp-content\/uploads\/2025\/01\/publi-revistas\/pub_117.pdf\" class=\"documento-btn\">\n                <i class=\"fas fa-file-pdf\"><\/i> Descargar PDF\n            <\/a>\n            <\/div>\n\n        \n    <div class=\"documento-item\">\n                    <h2 class=\"documento-title\">La vajilla campaniforme del Pe\u00f1\u00f3n de la Zorra (Villena&#044; Alicante): aproximaci\u00f3n a su estilo y contexto hist\u00f3rico<\/h2>\n        \n                    <p class=\"documento-subtitle\">Gabriel Garc\u00eda Ati\u00e9nzar y Miriam Alba Luz\u00f3n<\/p>\n        \n                    <a href=\"\/wp-content\/uploads\/2025\/01\/publi-revistas\/pub_118.pdf\" class=\"documento-btn\">\n                <i class=\"fas fa-file-pdf\"><\/i> Descargar PDF\n            <\/a>\n            <\/div>\n\n        \n    <div class=\"documento-item\">\n                    <h2 class=\"documento-title\">La producci\u00f3n de hilo a finales de la Edad del Bronce e inicios de la Edad del Hierro en el Sureste y el Levante peninsular: las fusayolas de materiales \u00f3seos<\/h2>\n        \n                    <p class=\"documento-subtitle\">Ricardo E. Basso Rial<\/p>\n        \n                    <a href=\"\/wp-content\/uploads\/2025\/01\/publi-revistas\/pub_119.pdf\" class=\"documento-btn\">\n                <i class=\"fas fa-file-pdf\"><\/i> Descargar PDF\n            <\/a>\n            <\/div>\n\n        \n    <div class=\"documento-item\">\n                    <h2 class=\"documento-title\">Bronces fatim\u00edes de Denia: Nuevos tipos<\/h2>\n        \n                    <p class=\"documento-subtitle\">Rafael Azuar Ruiz<\/p>\n        \n                    <a href=\"\/wp-content\/uploads\/2025\/01\/publi-revistas\/pub_120.pdf\" class=\"documento-btn\">\n                <i class=\"fas fa-file-pdf\"><\/i> Descargar PDF\n            <\/a>\n            <\/div>\n\n        \n    <div class=\"documento-item\">\n                    <h2 class=\"documento-title\">Memoria de Actividades del MARQ 2017<\/h2>\n        \n                    <p class=\"documento-subtitle\">Equipo T\u00e9cnico del MARQ<\/p>\n        \n                    <a href=\"\/wp-content\/uploads\/2025\/01\/publi-revistas\/pub_121.pdf\" class=\"documento-btn\">\n                <i class=\"fas fa-file-pdf\"><\/i> Descargar PDF\n            <\/a>\n            <\/div>\n\n        \n    <div class=\"documento-item\">\n                    <h2 class=\"documento-title\">Los Hornos de yeso del Cerro del Sastre en Sax (Alicante). Primera intervenci\u00f3n para su puesta en valor<\/h2>\n        \n                    <p class=\"documento-subtitle\">Jos\u00e9 Ram\u00f3n Ortega P\u00e9rez&#044; Jaime M. Giner Mart\u00ednez&#044; Marco Aurelio Esquembre Bebia&#044; Leticia Requena P\u00e9rez<\/p>\n        \n                    <a href=\"\/wp-content\/uploads\/2025\/01\/publi-revistas\/pub_165.pdf\" class=\"documento-btn\">\n                <i class=\"fas fa-file-pdf\"><\/i> Descargar PDF\n            <\/a>\n            <\/div>\n\n        \n    <div class=\"documento-item\">\n                    <h2 class=\"documento-title\">Miguel de Elizaicin y Espa\u00f1a (1855-1932): Militar&#044; pol\u00edtico y promotor incansable del Museo Arqueol\u00f3gico Provincial de Alicante<\/h2>\n        \n                    <p class=\"documento-subtitle\">Santiago Olcina Lagos<\/p>\n        \n                    <a href=\"\/wp-content\/uploads\/2025\/01\/publi-revistas\/pub_166.pdf\" class=\"documento-btn\">\n                <i class=\"fas fa-file-pdf\"><\/i> Descargar PDF\n            <\/a>\n            <\/div>\n","protected":false},"excerpt":{"rendered":"<p>Publicaci\u00f3n peri\u00f3dica y sistem\u00e1tica sobre los trabajos de investigaci\u00f3n arqueol\u00f3gica con art\u00edculos centrados en la pr\u00e1ctica propia de los museos&#44; para dar a conocer la investigaci\u00f3n del rico Patrimonio Arqueol\u00f3gico de Alicante.<\/p>\n","protected":false},"featured_media":18505,"template":"","meta":{"kia_subtitle":""},"product_brand":[],"product_cat":[1365],"product_tag":[],"class_list":{"0":"post-18680","1":"product","2":"type-product","3":"status-publish","4":"has-post-thumbnail","6":"product_cat-marq-arqueologia-y-museos","8":"first","9":"instock","10":"virtual","11":"product-type-simple"},"meta_box":{"ia_expediente":"","ia_ano":"","ia_fechas_de_actuacion":"","ia_municipios_comarcas":"","ia_directores":"","ia_periodos_culturales":"","ia_tipos_de_intervencion":"","ia_equipo_tecnico":"","ia_autores":"","ia_promotores":"","ia_deposito_de_materiales":"","ia_coordenadas_utm":""},"_links":{"self":[{"href":"https:\/\/marqalicante-admin.qwair.com\/es\/wp-json\/wp\/v2\/product\/18680","targetHints":{"allow":["GET"]}}],"collection":[{"href":"https:\/\/marqalicante-admin.qwair.com\/es\/wp-json\/wp\/v2\/product"}],"about":[{"href":"https:\/\/marqalicante-admin.qwair.com\/es\/wp-json\/wp\/v2\/types\/product"}],"wp:featuredmedia":[{"embeddable":true,"href":"https:\/\/marqalicante-admin.qwair.com\/es\/wp-json\/wp\/v2\/media\/18505"}],"wp:attachment":[{"href":"https:\/\/marqalicante-admin.qwair.com\/es\/wp-json\/wp\/v2\/media?parent=18680"}],"wp:term":[{"taxonomy":"product_brand","embeddable":true,"href":"https:\/\/marqalicante-admin.qwair.com\/es\/wp-json\/wp\/v2\/product_brand?post=18680"},{"taxonomy":"product_cat","embeddable":true,"href":"https:\/\/marqalicante-admin.qwair.com\/es\/wp-json\/wp\/v2\/product_cat?post=18680"},{"taxonomy":"product_tag","embeddable":true,"href":"https:\/\/marqalicante-admin.qwair.com\/es\/wp-json\/wp\/v2\/product_tag?post=18680"}],"curies":[{"name":"wp","href":"https:\/\/api.w.org\/{rel}","templated":true}]}}