{"id":18678,"date":"2025-02-03T07:09:32","date_gmt":"2025-02-03T07:09:32","guid":{"rendered":"https:\/\/marqalicante-admin.qwair.com\/item\/marq-arqueologia-y-museos-07-2\/"},"modified":"2025-06-04T16:33:28","modified_gmt":"2025-06-04T16:33:28","slug":"marq-arqueologia-y-museos-07-2","status":"publish","type":"product","link":"https:\/\/marqalicante-admin.qwair.com\/es\/producto\/marq-arqueologia-y-museos-07-2\/","title":{"rendered":"MARQ&#44; ARQUEOLOG\u00edA Y MUSEOS 07"},"content":{"rendered":"<div class=\"documento-item\">\n                    <h2 class=\"documento-title\">Muerte y espect\u00e1culo en arqueolog\u00eda<\/h2>\n        \n                    <p class=\"documento-subtitle\">Vicente Lull<\/p>\n        \n                    <a href=\"\/wp-content\/uploads\/2025\/01\/publi-revistas\/pub_97.pdf\" class=\"documento-btn\">\n                <i class=\"fas fa-file-pdf\"><\/i> Descargar PDF\n            <\/a>\n            <\/div>\n\n        \n    <div class=\"documento-item\">\n                    <h2 class=\"documento-title\">Galanet (Elche&#044; Alicante). Nuevas evidencias de ocupaci\u00f3n humana del Camp d\u2019Elx durante el Neol\u00edtico final<\/h2>\n        \n                    <p class=\"documento-subtitle\">Palmira Torregrosa Gim\u00e9nez y Eduardo L\u00f3pez Segu\u00ed<\/p>\n        \n                    <a href=\"\/wp-content\/uploads\/2025\/01\/publi-revistas\/pub_98.pdf\" class=\"documento-btn\">\n                <i class=\"fas fa-file-pdf\"><\/i> Descargar PDF\n            <\/a>\n            <\/div>\n\n        \n    <div class=\"documento-item\">\n                    <h2 class=\"documento-title\">La \u201cCasa del horno\u201d de la Illeta dels Banyets (El Campello&#044; Alicante): un taller de esparto en la Contestania ib\u00e9rica<\/h2>\n        \n                    <p class=\"documento-subtitle\">Pascual Perdiguero Asensi<\/p>\n        \n                    <a href=\"\/wp-content\/uploads\/2025\/01\/publi-revistas\/pub_99.pdf\" class=\"documento-btn\">\n                <i class=\"fas fa-file-pdf\"><\/i> Descargar PDF\n            <\/a>\n            <\/div>\n\n        \n    <div class=\"documento-item\">\n                    <h2 class=\"documento-title\">Nuevas evidencias de la producci\u00f3n de lucernas en el valle del Vinalop\u00f3: un molde procedente de Villa Petraria (Petrer&#044; Alicante)<\/h2>\n        \n                    <p class=\"documento-subtitle\">Ana Garc\u00eda Barrachina<\/p>\n        \n                    <a href=\"\/wp-content\/uploads\/2025\/01\/publi-revistas\/pub_100.pdf\" class=\"documento-btn\">\n                <i class=\"fas fa-file-pdf\"><\/i> Descargar PDF\n            <\/a>\n            <\/div>\n\n        \n    <div class=\"documento-item\">\n                    <h2 class=\"documento-title\">Monedes de seques provincials romanes d\u2019Hisp\u00e0nia de la col\u00b7lecci\u00f3 D. Enrique Llobregat (MARQ&#044; Alacant)<\/h2>\n        \n                    <p class=\"documento-subtitle\">Julio J. Ram\u00f3n S\u00e1nchez i Jos\u00e9 M. Torregrosa Yago<\/p>\n        \n                    <a href=\"\/wp-content\/uploads\/2025\/01\/publi-revistas\/pub_101.pdf\" class=\"documento-btn\">\n                <i class=\"fas fa-file-pdf\"><\/i> Descargar PDF\n            <\/a>\n            <\/div>\n\n        \n    <div class=\"documento-item\">\n                    <h2 class=\"documento-title\">De la villa romana a la alquer\u00eda bajomedieval en l\u2019Alacant\u00ed. Excavaci\u00f3n arqueol\u00f3gica en la Avenida Conrado Albaladejo (Alicante)<\/h2>\n        \n                    <p class=\"documento-subtitle\">Francisco Andr\u00e9s Molina Mas&#044; Jos\u00e9 Ram\u00f3n Ortega P\u00e9rez e Inmaculada Reina G\u00f3mez<\/p>\n        \n                    <a href=\"\/wp-content\/uploads\/2025\/01\/publi-revistas\/pub_102.pdf\" class=\"documento-btn\">\n                <i class=\"fas fa-file-pdf\"><\/i> Descargar PDF\n            <\/a>\n            <\/div>\n\n        \n    <div class=\"documento-item\">\n                    <h2 class=\"documento-title\">Inscripciones en rib\u0101\u1e6d de al-Andalus (Guardamar y Arrifana)<\/h2>\n        \n                    <p class=\"documento-subtitle\">Carmen Barcel\u00f3<\/p>\n        \n                    <a href=\"\/wp-content\/uploads\/2025\/01\/publi-revistas\/pub_103.pdf\" class=\"documento-btn\">\n                <i class=\"fas fa-file-pdf\"><\/i> Descargar PDF\n            <\/a>\n            <\/div>\n\n        \n    <div class=\"documento-item\">\n                    <h2 class=\"documento-title\">R\u00e1pitas en el l\u00edmite occidental del Islam medieval. Su incidencia en la configuraci\u00f3n del paisaje fronterizo en el sector oriental del valle del Ebro altomedieval: La R\u00e0pita (Lleida)<\/h2>\n        \n                    <p class=\"documento-subtitle\">Jes\u00fas Brufal Sucarrat<\/p>\n        \n                    <a href=\"\/wp-content\/uploads\/2025\/01\/publi-revistas\/pub_104.pdf\" class=\"documento-btn\">\n                <i class=\"fas fa-file-pdf\"><\/i> Descargar PDF\n            <\/a>\n            <\/div>\n\n        \n    <div class=\"documento-item\">\n                    <h2 class=\"documento-title\">Redescubriendo el Castillet (Millares&#044; Val\u00e8ncia). Una nueva lectura de la fortaleza isl\u00e1mica junto al J\u00facar a partir de los resultados de la primera campa\u00f1a de excavaciones<\/h2>\n        \n                    <p class=\"documento-subtitle\">Trinidad Mart\u00ednez i Rubio y Ximo Martorell Briz<\/p>\n        \n                    <a href=\"\/wp-content\/uploads\/2025\/01\/publi-revistas\/pub_105.pdf\" class=\"documento-btn\">\n                <i class=\"fas fa-file-pdf\"><\/i> Descargar PDF\n            <\/a>\n            <\/div>\n\n        \n    <div class=\"documento-item\">\n                    <h2 class=\"documento-title\">Arqueolog\u00eda de la fortificaci\u00f3n de la costa de Alicante en \u00e9poca medieval y moderna. El caso del sistema defensivo de Calp<\/h2>\n        \n                    <p class=\"documento-subtitle\">Jos\u00e9 Luis Men\u00e9ndez Fueyo y Joaqu\u00edn Pina Mira<\/p>\n        \n                    <a href=\"\/wp-content\/uploads\/2025\/01\/publi-revistas\/pub_106.pdf\" class=\"documento-btn\">\n                <i class=\"fas fa-file-pdf\"><\/i> Descargar PDF\n            <\/a>\n            <\/div>\n\n        \n    <div class=\"documento-item\">\n                    <h2 class=\"documento-title\">El Museo Monogr\u00e1fico de La Alcudia de Elche. Una nueva etapa en su historia<\/h2>\n        \n                    <p class=\"documento-subtitle\">Alejandro Ramos Molina<\/p>\n        \n                    <a href=\"\/wp-content\/uploads\/2025\/01\/publi-revistas\/pub_107.pdf\" class=\"documento-btn\">\n                <i class=\"fas fa-file-pdf\"><\/i> Descargar PDF\n            <\/a>\n            <\/div>\n\n        \n    <div class=\"documento-item\">\n                    <h2 class=\"documento-title\">Memoria de Actividades del MARQ 2015<\/h2>\n        \n                    <p class=\"documento-subtitle\">MARQ. Equipo t\u00e9cnico<\/p>\n        \n                    <a href=\"\/wp-content\/uploads\/2025\/01\/publi-revistas\/pub_108.pdf\" class=\"documento-btn\">\n                <i class=\"fas fa-file-pdf\"><\/i> Descargar PDF\n            <\/a>\n            <\/div>\n","protected":false},"excerpt":{"rendered":"<p>Publicaci\u00f3n peri\u00f3dica y sistem\u00e1tica sobre los trabajos de investigaci\u00f3n arqueol\u00f3gica con art\u00edculos centrados en la pr\u00e1ctica propia de los museos&#44; para dar a conocer la investigaci\u00f3n del rico Patrimonio Arqueol\u00f3gico de Alicante.<\/p>\n","protected":false},"featured_media":18503,"template":"","meta":{"kia_subtitle":""},"product_brand":[],"product_cat":[1365],"product_tag":[],"class_list":{"0":"post-18678","1":"product","2":"type-product","3":"status-publish","4":"has-post-thumbnail","6":"product_cat-marq-arqueologia-y-museos","8":"first","9":"instock","10":"virtual","11":"product-type-simple"},"meta_box":{"ia_expediente":"","ia_ano":"","ia_fechas_de_actuacion":"","ia_municipios_comarcas":"","ia_directores":"","ia_periodos_culturales":"","ia_tipos_de_intervencion":"","ia_equipo_tecnico":"","ia_autores":"","ia_promotores":"","ia_deposito_de_materiales":"","ia_coordenadas_utm":""},"_links":{"self":[{"href":"https:\/\/marqalicante-admin.qwair.com\/es\/wp-json\/wp\/v2\/product\/18678","targetHints":{"allow":["GET"]}}],"collection":[{"href":"https:\/\/marqalicante-admin.qwair.com\/es\/wp-json\/wp\/v2\/product"}],"about":[{"href":"https:\/\/marqalicante-admin.qwair.com\/es\/wp-json\/wp\/v2\/types\/product"}],"wp:featuredmedia":[{"embeddable":true,"href":"https:\/\/marqalicante-admin.qwair.com\/es\/wp-json\/wp\/v2\/media\/18503"}],"wp:attachment":[{"href":"https:\/\/marqalicante-admin.qwair.com\/es\/wp-json\/wp\/v2\/media?parent=18678"}],"wp:term":[{"taxonomy":"product_brand","embeddable":true,"href":"https:\/\/marqalicante-admin.qwair.com\/es\/wp-json\/wp\/v2\/product_brand?post=18678"},{"taxonomy":"product_cat","embeddable":true,"href":"https:\/\/marqalicante-admin.qwair.com\/es\/wp-json\/wp\/v2\/product_cat?post=18678"},{"taxonomy":"product_tag","embeddable":true,"href":"https:\/\/marqalicante-admin.qwair.com\/es\/wp-json\/wp\/v2\/product_tag?post=18678"}],"curies":[{"name":"wp","href":"https:\/\/api.w.org\/{rel}","templated":true}]}}