{"id":18664,"date":"2025-02-03T07:09:32","date_gmt":"2025-02-03T07:09:32","guid":{"rendered":"https:\/\/marqalicante-admin.qwair.com\/item\/marq-arqueologia-y-museos-05-2\/"},"modified":"2025-06-04T16:33:27","modified_gmt":"2025-06-04T16:33:27","slug":"marq-arqueologia-y-museos-05-2","status":"publish","type":"product","link":"https:\/\/marqalicante-admin.qwair.com\/es\/producto\/marq-arqueologia-y-museos-05-2\/","title":{"rendered":"MARQ&#44; ARQUEOLOG\u00cdA Y MUSEOS 05"},"content":{"rendered":"<div class=\"documento-item\">\n                    <h2 class=\"documento-title\">Transcurridos 10 a\u00f1os<\/h2>\n        \n                    <p class=\"documento-subtitle\">J. A. Cort\u00e9s Garrido y Manuel H. Olcina Dom\u00e9nech<\/p>\n        \n                    <a href=\"\/wp-content\/uploads\/2025\/01\/publi-revistas\/pub_73.pdf\" class=\"documento-btn\">\n                <i class=\"fas fa-file-pdf\"><\/i> Descargar PDF\n            <\/a>\n            <\/div>\n\n        \n    <div class=\"documento-item\">\n                    <h2 class=\"documento-title\">Las industrias de la Cova dels Blaus (La Vall d\u2019Uix\u00f3&#044; Castell\u00f3). Aportaci\u00f3n a la transici\u00f3n paleol\u00edtico-epipaleol\u00edtico en las comarcas septentrionales del Pa\u00eds Valenciano<\/h2>\n        \n                    <p class=\"documento-subtitle\">Josep A. Casab\u00f3 i Bernad<\/p>\n        \n                    <a href=\"\/wp-content\/uploads\/2025\/01\/publi-revistas\/pub_74.pdf\" class=\"documento-btn\">\n                <i class=\"fas fa-file-pdf\"><\/i> Descargar PDF\n            <\/a>\n            <\/div>\n\n        \n    <div class=\"documento-item\">\n                    <h2 class=\"documento-title\">Mas d\u2019Is y las construcciones con fosos del VI al III milenio cal a.C.<\/h2>\n        \n                    <p class=\"documento-subtitle\">Joan Bernabeu Aub\u00e1n&#044; Teresa Orozco K\u00f6hler&#044; Agust\u00edn Diez Castillo<\/p>\n        \n                    <a href=\"\/wp-content\/uploads\/2025\/01\/publi-revistas\/pub_75.pdf\" class=\"documento-btn\">\n                <i class=\"fas fa-file-pdf\"><\/i> Descargar PDF\n            <\/a>\n            <\/div>\n\n        \n    <div class=\"documento-item\">\n                    <h2 class=\"documento-title\">Estudio arqueometal\u00fargico del punz\u00f3n de Cova de la Pesseta (Torrelles de Foix&#044; Barcelona). Datos composicionales&#044; metalogr\u00e1ficos&#044; isot\u00f3picos y funcionales<\/h2>\n        \n                    <p class=\"documento-subtitle\">Ignacio Soriano&#044; Jorge Cham\u00f3n Fern\u00e1ndez<\/p>\n        \n                    <a href=\"\/wp-content\/uploads\/2025\/01\/publi-revistas\/pub_76.pdf\" class=\"documento-btn\">\n                <i class=\"fas fa-file-pdf\"><\/i> Descargar PDF\n            <\/a>\n            <\/div>\n\n        \n    <div class=\"documento-item\">\n                    <h2 class=\"documento-title\">Huellas de uso en las alabardas arg\u00e1ricas: una primera aproximaci\u00f3n<\/h2>\n        \n                    <p class=\"documento-subtitle\">Dirk Brandherm<\/p>\n        \n                    <a href=\"\/wp-content\/uploads\/2025\/01\/publi-revistas\/pub_77.pdf\" class=\"documento-btn\">\n                <i class=\"fas fa-file-pdf\"><\/i> Descargar PDF\n            <\/a>\n            <\/div>\n\n        \n    <div class=\"documento-item\">\n                    <h2 class=\"documento-title\">A medio camino. Excavaciones arqueol\u00f3gicas en El Negret (Agost&#044; Alicante)<\/h2>\n        \n                    <p class=\"documento-subtitle\">Virginia Barciela Gonz\u00e1lez&#044; Mauro S. Hern\u00e1ndez P\u00e9rez&#044; Eduardo L\u00f3pez Segu\u00ed&#044; Palmira Torregrosa Gim\u00e9nez<\/p>\n        \n                    <a href=\"\/wp-content\/uploads\/2025\/01\/publi-revistas\/pub_78.pdf\" class=\"documento-btn\">\n                <i class=\"fas fa-file-pdf\"><\/i> Descargar PDF\n            <\/a>\n            <\/div>\n\n        \n    <div class=\"documento-item\">\n                    <h2 class=\"documento-title\">El kalathos del gallo: una decoraci\u00f3n simb\u00f3lica singular en un vaso de Lucentum<\/h2>\n        \n                    <p class=\"documento-subtitle\">Miguel F. P\u00e9rez Blasco<\/p>\n        \n                    <a href=\"\/wp-content\/uploads\/2025\/01\/publi-revistas\/pub_79.pdf\" class=\"documento-btn\">\n                <i class=\"fas fa-file-pdf\"><\/i> Descargar PDF\n            <\/a>\n            <\/div>\n\n        \n    <div class=\"documento-item\">\n                    <h2 class=\"documento-title\">Un fragmento de cer\u00e1mica ib\u00e9rica pintada del Tossal de Manises atribuido a Castillo del R\u00edo (Aspe)<\/h2>\n        \n                    <p class=\"documento-subtitle\">Enric Verd\u00fa Parra&#044; Manuel H. Olcina Dom\u00e9nech<\/p>\n        \n                    <a href=\"\/wp-content\/uploads\/2025\/01\/publi-revistas\/pub_80.pdf\" class=\"documento-btn\">\n                <i class=\"fas fa-file-pdf\"><\/i> Descargar PDF\n            <\/a>\n            <\/div>\n\n        \n    <div class=\"documento-item\">\n                    <h2 class=\"documento-title\">Una posible producci\u00f3n del Portus Ilicitanus (Santa Pola&#044; Alicante)<\/h2>\n        \n                    <p class=\"documento-subtitle\">Ana Garc\u00eda Barrachina<\/p>\n        \n                    <a href=\"\/wp-content\/uploads\/2025\/01\/publi-revistas\/pub_81.pdf\" class=\"documento-btn\">\n                <i class=\"fas fa-file-pdf\"><\/i> Descargar PDF\n            <\/a>\n            <\/div>\n\n        \n    <div class=\"documento-item\">\n                    <h2 class=\"documento-title\">Revisando la transici\u00f3n. El final de la Antig\u00fcedad Tard\u00eda en el yacimiento de Fontcalent (Alicante)<\/h2>\n        \n                    <p class=\"documento-subtitle\">M\u00aa Teresa Xim\u00e9nez de Emb\u00fan S\u00e1nchez<\/p>\n        \n                    <a href=\"\/wp-content\/uploads\/2025\/01\/publi-revistas\/pub_82.pdf\" class=\"documento-btn\">\n                <i class=\"fas fa-file-pdf\"><\/i> Descargar PDF\n            <\/a>\n            <\/div>\n\n        \n    <div class=\"documento-item\">\n        \n        \n                    <a href=\"\/wp-content\/uploads\/2025\/01\/publi-revistas\/pub_83.pdf\" class=\"documento-btn\">\n                <i class=\"fas fa-file-pdf\"><\/i> Descargar PDF\n            <\/a>\n            <\/div>\n\n        \n    <div class=\"documento-item\">\n                    <h2 class=\"documento-title\">Diez exposiciones del ciclo \u201cMuseos Municipales en el MARQ\u201d<\/h2>\n        \n                    <p class=\"documento-subtitle\">Jorge A. Soler&#044; Jose Luis Men\u00e9ndez&#044; Juan A. L\u00f3pez&#044; Teresa Xim\u00e9nez de Emb\u00fan&#044; Lorena Hern\u00e1ndez&#044; Silvia Roca&#044; Elena Santamarina&#044; Rafael Moya y Gemma Sala<\/p>\n        \n                    <a href=\"\/wp-content\/uploads\/2025\/01\/publi-revistas\/pub_84.pdf\" class=\"documento-btn\">\n                <i class=\"fas fa-file-pdf\"><\/i> Descargar PDF\n            <\/a>\n            <\/div>\n\n        \n    <div class=\"documento-item\">\n                    <h2 class=\"documento-title\">MARQ. Memoria de actividades 2010-2011<\/h2>\n        \n                    <p class=\"documento-subtitle\">MARQ. Equipo t\u00e9cnico<\/p>\n        \n                    <a href=\"\/wp-content\/uploads\/2025\/01\/publi-revistas\/pub_85.pdf\" class=\"documento-btn\">\n                <i class=\"fas fa-file-pdf\"><\/i> Descargar PDF\n            <\/a>\n            <\/div>\n","protected":false},"excerpt":{"rendered":"<p>Publicaci\u00f3n peri\u00f3dica de difusi\u00f3n de trabajos de car\u00e1cter cient\u00edfico relacionados con la investigaci\u00f3n arqueol\u00f3gica y museogr\u00e1fica.<\/p>\n","protected":false},"featured_media":18489,"template":"","meta":{"kia_subtitle":""},"product_brand":[],"product_cat":[1365],"product_tag":[],"class_list":{"0":"post-18664","1":"product","2":"type-product","3":"status-publish","4":"has-post-thumbnail","6":"product_cat-marq-arqueologia-y-museos","8":"first","9":"instock","10":"virtual","11":"product-type-simple"},"meta_box":{"ia_expediente":"","ia_ano":"","ia_fechas_de_actuacion":"","ia_municipios_comarcas":"","ia_directores":"","ia_periodos_culturales":"","ia_tipos_de_intervencion":"","ia_equipo_tecnico":"","ia_autores":"","ia_promotores":"","ia_deposito_de_materiales":"","ia_coordenadas_utm":""},"_links":{"self":[{"href":"https:\/\/marqalicante-admin.qwair.com\/es\/wp-json\/wp\/v2\/product\/18664","targetHints":{"allow":["GET"]}}],"collection":[{"href":"https:\/\/marqalicante-admin.qwair.com\/es\/wp-json\/wp\/v2\/product"}],"about":[{"href":"https:\/\/marqalicante-admin.qwair.com\/es\/wp-json\/wp\/v2\/types\/product"}],"wp:featuredmedia":[{"embeddable":true,"href":"https:\/\/marqalicante-admin.qwair.com\/es\/wp-json\/wp\/v2\/media\/18489"}],"wp:attachment":[{"href":"https:\/\/marqalicante-admin.qwair.com\/es\/wp-json\/wp\/v2\/media?parent=18664"}],"wp:term":[{"taxonomy":"product_brand","embeddable":true,"href":"https:\/\/marqalicante-admin.qwair.com\/es\/wp-json\/wp\/v2\/product_brand?post=18664"},{"taxonomy":"product_cat","embeddable":true,"href":"https:\/\/marqalicante-admin.qwair.com\/es\/wp-json\/wp\/v2\/product_cat?post=18664"},{"taxonomy":"product_tag","embeddable":true,"href":"https:\/\/marqalicante-admin.qwair.com\/es\/wp-json\/wp\/v2\/product_tag?post=18664"}],"curies":[{"name":"wp","href":"https:\/\/api.w.org\/{rel}","templated":true}]}}