{"id":18662,"date":"2025-02-03T07:09:32","date_gmt":"2025-02-03T07:09:32","guid":{"rendered":"https:\/\/marqalicante-admin.qwair.com\/item\/marq-arqueologia-y-museos-06-2\/"},"modified":"2025-06-04T16:33:27","modified_gmt":"2025-06-04T16:33:27","slug":"marq-arqueologia-y-museos-06-2","status":"publish","type":"product","link":"https:\/\/marqalicante-admin.qwair.com\/es\/producto\/marq-arqueologia-y-museos-06-2\/","title":{"rendered":"MARQ&#44; ARQUEOLOG\u00cdA Y MUSEOS 06"},"content":{"rendered":"<div class=\"documento-item\">\n                    <h2 class=\"documento-title\">La Cova del Barranc Fondo (X\u00e0tiva&#044; Val\u00e8ncia). Materiales depositados en el Museu de Prehist\u00f2ria de Val\u00e8ncia<\/h2>\n        \n                    <p class=\"documento-subtitle\">Pablo Garc\u00eda Borja&#044; \u00c1ngel Velasco Berzosa&#044; Margarita Vadillo Conesa&#044; Josep Llu\u00eds Pascual Benito&#044; Mario Sanz Tormo y Emilio Cortell P\u00e9rez<\/p>\n        \n                    <a href=\"\/wp-content\/uploads\/2025\/01\/publi-revistas\/pub_86.pdf\" class=\"documento-btn\">\n                <i class=\"fas fa-file-pdf\"><\/i> Descargar PDF\n            <\/a>\n            <\/div>\n\n        \n    <div class=\"documento-item\">\n                    <h2 class=\"documento-title\">Evidencias de extracci\u00f3n de soportes como m\u00e9todo para la elaboraci\u00f3n de artefactos \u00f3seos durante el II milenio AC en la Pen\u00ednsula Ib\u00e9rica<\/h2>\n        \n                    <p class=\"documento-subtitle\">Manuel Altamirano Garc\u00eda<\/p>\n        \n                    <a href=\"\/wp-content\/uploads\/2025\/01\/publi-revistas\/pub_87.pdf\" class=\"documento-btn\">\n                <i class=\"fas fa-file-pdf\"><\/i> Descargar PDF\n            <\/a>\n            <\/div>\n\n        \n    <div class=\"documento-item\">\n                    <h2 class=\"documento-title\">Espacios de forja en El Argar. El edificio central de Tira del Lienzo (Totana&#044; Murcia)<\/h2>\n        \n                    <p class=\"documento-subtitle\">Selina Delgado-Raack&#044; Vicente Lull&#044; Katja Martin&#044; Rafael Mic\u00f3&#044; Cristina Rihuete Herrada y Roberto Risch<\/p>\n        \n                    <a href=\"\/wp-content\/uploads\/2025\/01\/publi-revistas\/pub_88.pdf\" class=\"documento-btn\">\n                <i class=\"fas fa-file-pdf\"><\/i> Descargar PDF\n            <\/a>\n            <\/div>\n\n        \n    <div class=\"documento-item\">\n                    <h2 class=\"documento-title\">Consideraciones en torno al poblamiento durante el Bronce Tard\u00edo en las comarcas del Bajo Segura y Bajo Vinalop\u00f3 (Alicante)<\/h2>\n        \n                    <p class=\"documento-subtitle\">Sergio Mart\u00ednez Monle\u00f3n<\/p>\n        \n                    <a href=\"\/wp-content\/uploads\/2025\/01\/publi-revistas\/pub_89.pdf\" class=\"documento-btn\">\n                <i class=\"fas fa-file-pdf\"><\/i> Descargar PDF\n            <\/a>\n            <\/div>\n\n        \n    <div class=\"documento-item\">\n                    <h2 class=\"documento-title\">Burlarse de la muerte. Un nuevo amuleto de la necr\u00f3polis de l\u2019Albufereta<\/h2>\n        \n                    <p class=\"documento-subtitle\">Enric Verd\u00fa Parra<\/p>\n        \n                    <a href=\"\/wp-content\/uploads\/2025\/01\/publi-revistas\/pub_90.pdf\" class=\"documento-btn\">\n                <i class=\"fas fa-file-pdf\"><\/i> Descargar PDF\n            <\/a>\n            <\/div>\n\n        \n    <div class=\"documento-item\">\n                    <h2 class=\"documento-title\">Redescubriendo la Villa Romana de La Agualeja (Monforte del Cid&#044; Alicante) 20 a\u00f1os despu\u00e9s<\/h2>\n        \n                    <p class=\"documento-subtitle\">Francisco Andr\u00e9s Molina Mas<\/p>\n        \n                    <a href=\"\/wp-content\/uploads\/2025\/01\/publi-revistas\/pub_91.pdf\" class=\"documento-btn\">\n                <i class=\"fas fa-file-pdf\"><\/i> Descargar PDF\n            <\/a>\n            <\/div>\n\n        \n    <div class=\"documento-item\">\n                    <h2 class=\"documento-title\">Una balsa de \u00e9poca romana en el barranco del Juncaret (Mutxamel)<\/h2>\n        \n                    <p class=\"documento-subtitle\">Anna Garcia Barrachina y Felipe Francisco Giner Pantoja<\/p>\n        \n                    <a href=\"\/wp-content\/uploads\/2025\/01\/publi-revistas\/pub_92.pdf\" class=\"documento-btn\">\n                <i class=\"fas fa-file-pdf\"><\/i> Descargar PDF\n            <\/a>\n            <\/div>\n\n        \n    <div class=\"documento-item\">\n                    <h2 class=\"documento-title\">El registro funerario de Cabezo Pardo (San Isidro \/ Granja de Rocamora&#044; Alicante)<\/h2>\n        \n                    <p class=\"documento-subtitle\">Juan Antonio L\u00f3pez Padilla&#044; M\u00aa Teresa Xim\u00e9nez de Emb\u00fan S\u00e1nchez&#044; Susana G\u00f3mez Gonz\u00e1lez&#044; Alejandro Romero Rameta<\/p>\n        \n                    <a href=\"\/wp-content\/uploads\/2025\/01\/publi-revistas\/pub_93.pdf\" class=\"documento-btn\">\n                <i class=\"fas fa-file-pdf\"><\/i> Descargar PDF\n            <\/a>\n            <\/div>\n\n        \n    <div class=\"documento-item\">\n                    <h2 class=\"documento-title\">Arqueolog\u00edas ambientales para el conocimiento del paleo-paisaje y del aprovechamiento de sus recursos en el Sharq Al-Andalus (Siglos VIII-X d. C.)<\/h2>\n        \n                    <p class=\"documento-subtitle\">Rafael Azuar Ru\u00edz<\/p>\n        \n                    <a href=\"\/wp-content\/uploads\/2025\/01\/publi-revistas\/pub_94.pdf\" class=\"documento-btn\">\n                <i class=\"fas fa-file-pdf\"><\/i> Descargar PDF\n            <\/a>\n            <\/div>\n\n        \n    <div class=\"documento-item\">\n                    <h2 class=\"documento-title\">Morir en Ifach. Un posible caso de brucelosis en una tumba doble de la pobla medieval de Ifach (Calp&#044; Alicante)<\/h2>\n        \n                    <p class=\"documento-subtitle\">Stefania Malagutti y Jose Luis Menendez Fueyo<\/p>\n        \n                    <a href=\"\/wp-content\/uploads\/2025\/01\/publi-revistas\/pub_95.pdf\" class=\"documento-btn\">\n                <i class=\"fas fa-file-pdf\"><\/i> Descargar PDF\n            <\/a>\n            <\/div>\n\n        \n    <div class=\"documento-item\">\n                    <h2 class=\"documento-title\">Memoria de Actividades del MARQ 2012   2014<\/h2>\n        \n                    <p class=\"documento-subtitle\">MARQ. Equipo t\u00e9cnico<\/p>\n        \n                    <a href=\"\/wp-content\/uploads\/2025\/01\/publi-revistas\/pub_96.pdf\" class=\"documento-btn\">\n                <i class=\"fas fa-file-pdf\"><\/i> Descargar PDF\n            <\/a>\n            <\/div>\n","protected":false},"excerpt":{"rendered":"<p>Publicaci\u00f3n peri\u00f3dica de difusi\u00f3n de trabajos de car\u00e1cter cient\u00edfico relacionados con la investigaci\u00f3n arqueol\u00f3gica y museol\u00f3gico-museogr\u00e1fica.<\/p>\n","protected":false},"featured_media":18487,"template":"","meta":{"kia_subtitle":""},"product_brand":[],"product_cat":[1365],"product_tag":[],"class_list":{"0":"post-18662","1":"product","2":"type-product","3":"status-publish","4":"has-post-thumbnail","6":"product_cat-marq-arqueologia-y-museos","8":"first","9":"instock","10":"virtual","11":"product-type-simple"},"meta_box":{"ia_expediente":"","ia_ano":"","ia_fechas_de_actuacion":"","ia_municipios_comarcas":"","ia_directores":"","ia_periodos_culturales":"","ia_tipos_de_intervencion":"","ia_equipo_tecnico":"","ia_autores":"","ia_promotores":"","ia_deposito_de_materiales":"","ia_coordenadas_utm":""},"_links":{"self":[{"href":"https:\/\/marqalicante-admin.qwair.com\/es\/wp-json\/wp\/v2\/product\/18662","targetHints":{"allow":["GET"]}}],"collection":[{"href":"https:\/\/marqalicante-admin.qwair.com\/es\/wp-json\/wp\/v2\/product"}],"about":[{"href":"https:\/\/marqalicante-admin.qwair.com\/es\/wp-json\/wp\/v2\/types\/product"}],"wp:featuredmedia":[{"embeddable":true,"href":"https:\/\/marqalicante-admin.qwair.com\/es\/wp-json\/wp\/v2\/media\/18487"}],"wp:attachment":[{"href":"https:\/\/marqalicante-admin.qwair.com\/es\/wp-json\/wp\/v2\/media?parent=18662"}],"wp:term":[{"taxonomy":"product_brand","embeddable":true,"href":"https:\/\/marqalicante-admin.qwair.com\/es\/wp-json\/wp\/v2\/product_brand?post=18662"},{"taxonomy":"product_cat","embeddable":true,"href":"https:\/\/marqalicante-admin.qwair.com\/es\/wp-json\/wp\/v2\/product_cat?post=18662"},{"taxonomy":"product_tag","embeddable":true,"href":"https:\/\/marqalicante-admin.qwair.com\/es\/wp-json\/wp\/v2\/product_tag?post=18662"}],"curies":[{"name":"wp","href":"https:\/\/api.w.org\/{rel}","templated":true}]}}