{"id":18659,"date":"2025-01-20T06:01:40","date_gmt":"2025-01-20T06:01:40","guid":{"rendered":"https:\/\/marqalicante-admin.qwair.com\/item\/la-illeta-dels-banyets-y-los-viveros-romanos-de-la-costa-mediterranea-espanola-cuestion-de-conservacion\/"},"modified":"2025-06-04T16:33:27","modified_gmt":"2025-06-04T16:33:27","slug":"la-illeta-dels-banyets-y-los-viveros-romanos-de-la-costa-mediterranea-espanola-cuestion-de-conservacion","status":"publish","type":"product","link":"https:\/\/marqalicante-admin.qwair.com\/es\/producto\/la-illeta-dels-banyets-y-los-viveros-romanos-de-la-costa-mediterranea-espanola-cuestion-de-conservacion\/","title":{"rendered":"LA ILLETA DELS BANYETS Y LOS VIVEROS ROMANOS DE LA COSTA MEDITERR\u00c4NEA ESPA\u00d1OLA. CUESTION DE CONSERVACI\u00d3N"},"content":{"rendered":"    \n    <div class=\"documento-item\">\n        \n        \n                    <a href=\"https:\/\/marqalicante.com\/contenido\/publicaciones\/pub2_124.pdf\" class=\"documento-btn\" target=\"_blank\" rel=\"noopener\">\n                <i class=\"fas fa-file-pdf\"><\/i> Descargar PDF\n            <\/a>\n            <\/div>\n\n    \n","protected":false},"excerpt":{"rendered":"<p>Volumen que recoge las aportaciones y estudios de diversos autores&#44; presentadas en las jornadas que se celebraron en noviembre de 2014 en el MARQ&#44; relativos a los viveros de \u00e9poca romana de la costa mediterr\u00e1nea espa\u00f1ola.<\/p>\n","protected":false},"featured_media":18484,"template":"","meta":{"kia_subtitle":""},"product_brand":[],"product_cat":[1397],"product_tag":[],"class_list":{"0":"post-18659","1":"product","2":"type-product","3":"status-publish","4":"has-post-thumbnail","6":"product_cat-publicaciones","8":"first","9":"instock","10":"virtual","11":"product-type-simple"},"meta_box":{"ia_expediente":"","ia_ano":"","ia_fechas_de_actuacion":"","ia_municipios_comarcas":"","ia_directores":"","ia_periodos_culturales":"","ia_tipos_de_intervencion":"","ia_equipo_tecnico":"","ia_autores":"","ia_promotores":"","ia_deposito_de_materiales":"","ia_coordenadas_utm":""},"_links":{"self":[{"href":"https:\/\/marqalicante-admin.qwair.com\/es\/wp-json\/wp\/v2\/product\/18659","targetHints":{"allow":["GET"]}}],"collection":[{"href":"https:\/\/marqalicante-admin.qwair.com\/es\/wp-json\/wp\/v2\/product"}],"about":[{"href":"https:\/\/marqalicante-admin.qwair.com\/es\/wp-json\/wp\/v2\/types\/product"}],"wp:featuredmedia":[{"embeddable":true,"href":"https:\/\/marqalicante-admin.qwair.com\/es\/wp-json\/wp\/v2\/media\/18484"}],"wp:attachment":[{"href":"https:\/\/marqalicante-admin.qwair.com\/es\/wp-json\/wp\/v2\/media?parent=18659"}],"wp:term":[{"taxonomy":"product_brand","embeddable":true,"href":"https:\/\/marqalicante-admin.qwair.com\/es\/wp-json\/wp\/v2\/product_brand?post=18659"},{"taxonomy":"product_cat","embeddable":true,"href":"https:\/\/marqalicante-admin.qwair.com\/es\/wp-json\/wp\/v2\/product_cat?post=18659"},{"taxonomy":"product_tag","embeddable":true,"href":"https:\/\/marqalicante-admin.qwair.com\/es\/wp-json\/wp\/v2\/product_tag?post=18659"}],"curies":[{"name":"wp","href":"https:\/\/api.w.org\/{rel}","templated":true}]}}