{"id":18655,"date":"2025-01-20T06:01:38","date_gmt":"2025-01-20T06:01:38","guid":{"rendered":"https:\/\/marqalicante-admin.qwair.com\/item\/prestigio-y-eternidad-los-ajuares-funerarios-del-penon-de-la-zorra\/"},"modified":"2025-06-04T16:33:26","modified_gmt":"2025-06-04T16:33:26","slug":"prestigio-y-eternidad-los-ajuares-funerarios-del-penon-de-la-zorra","status":"publish","type":"product","link":"https:\/\/marqalicante-admin.qwair.com\/es\/producto\/prestigio-y-eternidad-los-ajuares-funerarios-del-penon-de-la-zorra\/","title":{"rendered":"PRESTIGIO Y ETERNIDAD. LOS AJUARES FUNERARIOS DEL PE\u00d1\u00d3N DE LA ZORRA"},"content":{"rendered":"    \n    <div class=\"documento-item\">\n        \n        \n                    <a href=\"https:\/\/marqalicante.com\/contenido\/publicaciones\/pub_120.pdf\" class=\"documento-btn\" target=\"_blank\" rel=\"noopener\">\n                <i class=\"fas fa-file-pdf\"><\/i> Descargar PDF\n            <\/a>\n            <\/div>\n\n    \n","protected":false},"excerpt":{"rendered":"<p>Publicaci\u00f3n de la exposici\u00f3n Prestigio y Eternidad. Los Ajuares funerarios del Pe\u00f1\u00f3n de la Zorra (octubre 2012 -febrero 2013 )&#44; en la que se exhiben las piezas halladas en el interior de la Cueva Oriental de este yacimiento villenense&#44; que sirvi\u00f3 de tumba en los momentos finales del Calcol\u00edtico<\/p>\n","protected":false},"featured_media":18480,"template":"","meta":{"kia_subtitle":""},"product_brand":[],"product_cat":[1397],"product_tag":[],"class_list":{"0":"post-18655","1":"product","2":"type-product","3":"status-publish","4":"has-post-thumbnail","6":"product_cat-publicaciones","8":"first","9":"instock","10":"virtual","11":"product-type-simple"},"meta_box":{"ia_expediente":"","ia_ano":"","ia_fechas_de_actuacion":"","ia_municipios_comarcas":"","ia_directores":"","ia_periodos_culturales":"","ia_tipos_de_intervencion":"","ia_equipo_tecnico":"","ia_autores":"","ia_promotores":"","ia_deposito_de_materiales":"","ia_coordenadas_utm":""},"_links":{"self":[{"href":"https:\/\/marqalicante-admin.qwair.com\/es\/wp-json\/wp\/v2\/product\/18655","targetHints":{"allow":["GET"]}}],"collection":[{"href":"https:\/\/marqalicante-admin.qwair.com\/es\/wp-json\/wp\/v2\/product"}],"about":[{"href":"https:\/\/marqalicante-admin.qwair.com\/es\/wp-json\/wp\/v2\/types\/product"}],"wp:featuredmedia":[{"embeddable":true,"href":"https:\/\/marqalicante-admin.qwair.com\/es\/wp-json\/wp\/v2\/media\/18480"}],"wp:attachment":[{"href":"https:\/\/marqalicante-admin.qwair.com\/es\/wp-json\/wp\/v2\/media?parent=18655"}],"wp:term":[{"taxonomy":"product_brand","embeddable":true,"href":"https:\/\/marqalicante-admin.qwair.com\/es\/wp-json\/wp\/v2\/product_brand?post=18655"},{"taxonomy":"product_cat","embeddable":true,"href":"https:\/\/marqalicante-admin.qwair.com\/es\/wp-json\/wp\/v2\/product_cat?post=18655"},{"taxonomy":"product_tag","embeddable":true,"href":"https:\/\/marqalicante-admin.qwair.com\/es\/wp-json\/wp\/v2\/product_tag?post=18655"}],"curies":[{"name":"wp","href":"https:\/\/api.w.org\/{rel}","templated":true}]}}