{"id":18654,"date":"2025-01-20T06:01:38","date_gmt":"2025-01-20T06:01:38","guid":{"rendered":"https:\/\/marqalicante-admin.qwair.com\/item\/pintura-mural-romana-de-la-villa-de-la-quintilla-lorca\/"},"modified":"2025-06-04T16:33:26","modified_gmt":"2025-06-04T16:33:26","slug":"pintura-mural-romana-de-la-villa-de-la-quintilla-lorca","status":"publish","type":"product","link":"https:\/\/marqalicante-admin.qwair.com\/es\/producto\/pintura-mural-romana-de-la-villa-de-la-quintilla-lorca\/","title":{"rendered":"Pintura mural romana de la villa de La Quintilla (Lorca)"},"content":{"rendered":"    \n    <div class=\"documento-item\">\n        \n        \n                    <a href=\"https:\/\/marqalicante.com\/contenido\/publicaciones\/pub_119.pdf\" class=\"documento-btn\" target=\"_blank\" rel=\"noopener\">\n                <i class=\"fas fa-file-pdf\"><\/i> Descargar PDF\n            <\/a>\n            <\/div>\n\n    \n","protected":false},"excerpt":{"rendered":"<p>Publicaci\u00f3n de la exposici\u00f3n Pintura mural romana de la villa de La Quintilla (Lorca) (abril-junio de 2012 )&#44; en la que se expuso al p\u00fablico un fragmento de pintura mural depositado en el Museo Arqueol\u00f3gico Municipal de Lorca y que fue restaurado en el MARQ en virtud del convenio suscrito entre la Diputaci\u00f3n de Alicante&#44; la Fundaci\u00f3n C.V. MARQ y el Ayuntamiento de Lorca para la recuperaci\u00f3n de los bienes hist\u00f3rico-art\u00edsticos da\u00f1ados por el terremoto de mayo de 2011 .<\/p>\n","protected":false},"featured_media":18479,"template":"","meta":{"kia_subtitle":""},"product_brand":[],"product_cat":[1397],"product_tag":[],"class_list":{"0":"post-18654","1":"product","2":"type-product","3":"status-publish","4":"has-post-thumbnail","6":"product_cat-publicaciones","8":"first","9":"instock","10":"virtual","11":"product-type-simple"},"meta_box":{"ia_expediente":"","ia_ano":"","ia_fechas_de_actuacion":"","ia_municipios_comarcas":"","ia_directores":"","ia_periodos_culturales":"","ia_tipos_de_intervencion":"","ia_equipo_tecnico":"","ia_autores":"","ia_promotores":"","ia_deposito_de_materiales":"","ia_coordenadas_utm":""},"_links":{"self":[{"href":"https:\/\/marqalicante-admin.qwair.com\/es\/wp-json\/wp\/v2\/product\/18654","targetHints":{"allow":["GET"]}}],"collection":[{"href":"https:\/\/marqalicante-admin.qwair.com\/es\/wp-json\/wp\/v2\/product"}],"about":[{"href":"https:\/\/marqalicante-admin.qwair.com\/es\/wp-json\/wp\/v2\/types\/product"}],"wp:featuredmedia":[{"embeddable":true,"href":"https:\/\/marqalicante-admin.qwair.com\/es\/wp-json\/wp\/v2\/media\/18479"}],"wp:attachment":[{"href":"https:\/\/marqalicante-admin.qwair.com\/es\/wp-json\/wp\/v2\/media?parent=18654"}],"wp:term":[{"taxonomy":"product_brand","embeddable":true,"href":"https:\/\/marqalicante-admin.qwair.com\/es\/wp-json\/wp\/v2\/product_brand?post=18654"},{"taxonomy":"product_cat","embeddable":true,"href":"https:\/\/marqalicante-admin.qwair.com\/es\/wp-json\/wp\/v2\/product_cat?post=18654"},{"taxonomy":"product_tag","embeddable":true,"href":"https:\/\/marqalicante-admin.qwair.com\/es\/wp-json\/wp\/v2\/product_tag?post=18654"}],"curies":[{"name":"wp","href":"https:\/\/api.w.org\/{rel}","templated":true}]}}