{"id":18651,"date":"2025-01-20T06:01:37","date_gmt":"2025-01-20T06:01:37","guid":{"rendered":"https:\/\/marqalicante-admin.qwair.com\/item\/el-ultimo-viaje-de-la-fragata-mercedes-la-razon-frente-al-expolio-un-tesoro-cultural-recuperado\/"},"modified":"2025-06-04T16:33:26","modified_gmt":"2025-06-04T16:33:26","slug":"el-ultimo-viaje-de-la-fragata-mercedes-la-razon-frente-al-expolio-un-tesoro-cultural-recuperado","status":"publish","type":"product","link":"https:\/\/marqalicante-admin.qwair.com\/es\/producto\/el-ultimo-viaje-de-la-fragata-mercedes-la-razon-frente-al-expolio-un-tesoro-cultural-recuperado\/","title":{"rendered":"EL \u00daLTIMO VIAJE DE LA FRAGATA MERCEDES. LA RAZ\u00d3N FRENTE AL EXPOLIO. UN TESORO CULTURAL RECUPERADO"},"content":{"rendered":"","protected":false},"excerpt":{"rendered":"<p>Cat\u00e1logo de la exposici\u00f3n que bajo este mismo t\u00edtulo repasa el contexto hist\u00f3rico del hundimiento de la fragata Mercedes el 5 de octubre de 1804 tras el ataque de una flotilla inglesa en aguas cercanas a la Bah\u00eda de C\u00e1diz&#44; y tambi\u00e9n la batalla judicial librada por el Estado espa\u00f1ol para la recuperaci\u00f3n de sus restos&#44; sustra\u00eddos del pecio en 2007 por la empresa \u201ccaza tesoros\u201d Odissey y trasladados a Estados Unidos&#44; en donde se pretend\u00eda vender lo expoliado.<\/p>\n","protected":false},"featured_media":18476,"template":"","meta":{"kia_subtitle":""},"product_brand":[],"product_cat":[1397],"product_tag":[],"class_list":{"0":"post-18651","1":"product","2":"type-product","3":"status-publish","4":"has-post-thumbnail","6":"product_cat-publicaciones","8":"first","9":"instock","10":"virtual","11":"product-type-simple"},"meta_box":{"ia_expediente":"","ia_ano":"","ia_fechas_de_actuacion":"","ia_municipios_comarcas":"","ia_directores":"","ia_periodos_culturales":"","ia_tipos_de_intervencion":"","ia_equipo_tecnico":"","ia_autores":"","ia_promotores":"","ia_deposito_de_materiales":"","ia_coordenadas_utm":""},"_links":{"self":[{"href":"https:\/\/marqalicante-admin.qwair.com\/es\/wp-json\/wp\/v2\/product\/18651","targetHints":{"allow":["GET"]}}],"collection":[{"href":"https:\/\/marqalicante-admin.qwair.com\/es\/wp-json\/wp\/v2\/product"}],"about":[{"href":"https:\/\/marqalicante-admin.qwair.com\/es\/wp-json\/wp\/v2\/types\/product"}],"wp:featuredmedia":[{"embeddable":true,"href":"https:\/\/marqalicante-admin.qwair.com\/es\/wp-json\/wp\/v2\/media\/18476"}],"wp:attachment":[{"href":"https:\/\/marqalicante-admin.qwair.com\/es\/wp-json\/wp\/v2\/media?parent=18651"}],"wp:term":[{"taxonomy":"product_brand","embeddable":true,"href":"https:\/\/marqalicante-admin.qwair.com\/es\/wp-json\/wp\/v2\/product_brand?post=18651"},{"taxonomy":"product_cat","embeddable":true,"href":"https:\/\/marqalicante-admin.qwair.com\/es\/wp-json\/wp\/v2\/product_cat?post=18651"},{"taxonomy":"product_tag","embeddable":true,"href":"https:\/\/marqalicante-admin.qwair.com\/es\/wp-json\/wp\/v2\/product_tag?post=18651"}],"curies":[{"name":"wp","href":"https:\/\/api.w.org\/{rel}","templated":true}]}}