{"id":18647,"date":"2025-01-20T06:01:36","date_gmt":"2025-01-20T06:01:36","guid":{"rendered":"https:\/\/marqalicante-admin.qwair.com\/item\/plan-director-para-la-conservacion-y-puesta-en-valor-del-conjunto-arqueologico-de-la-rabita-y-la-fonteta\/"},"modified":"2025-06-04T16:33:26","modified_gmt":"2025-06-04T16:33:26","slug":"plan-director-para-la-conservacion-y-puesta-en-valor-del-conjunto-arqueologico-de-la-rabita-y-la-fonteta","status":"publish","type":"product","link":"https:\/\/marqalicante-admin.qwair.com\/es\/producto\/plan-director-para-la-conservacion-y-puesta-en-valor-del-conjunto-arqueologico-de-la-rabita-y-la-fonteta\/","title":{"rendered":"PLAN DIRECTOR PARA LA CONSERVACI\u00d3N Y PUESTA EN VALOR DEL CONJUNTO ARQUEOL\u00d3GICO DE LA R\u00c1BITA Y LA FONTETA"},"content":{"rendered":"    \n    <div class=\"documento-item\">\n        \n        \n                    <a href=\"https:\/\/marqalicante.com\/contenido\/publicaciones\/pub2_112.pdf\" class=\"documento-btn\" target=\"_blank\" rel=\"noopener\">\n                <i class=\"fas fa-file-pdf\"><\/i> Descargar PDF\n            <\/a>\n            <\/div>\n\n    \n","protected":false},"excerpt":{"rendered":"<p>Se expone el Plan Director para la conservaci\u00f3n y puesta en valor del conjunto arqueol\u00f3gico de La R\u00e1bita y La Fonteta&#44; fruto del convenio suscrito entre la Diputaci\u00f3n de Alicante&#44; la Fundaci\u00f3n MARQ y el Ayuntamiento de Guardamar del Segura.<\/p>\n","protected":false},"featured_media":18472,"template":"","meta":{"kia_subtitle":""},"product_brand":[],"product_cat":[1397],"product_tag":[],"class_list":{"0":"post-18647","1":"product","2":"type-product","3":"status-publish","4":"has-post-thumbnail","6":"product_cat-publicaciones","8":"first","9":"instock","10":"virtual","11":"product-type-simple"},"meta_box":{"ia_expediente":"","ia_ano":"","ia_fechas_de_actuacion":"","ia_municipios_comarcas":"","ia_directores":"","ia_periodos_culturales":"","ia_tipos_de_intervencion":"","ia_equipo_tecnico":"","ia_autores":"","ia_promotores":"","ia_deposito_de_materiales":"","ia_coordenadas_utm":""},"_links":{"self":[{"href":"https:\/\/marqalicante-admin.qwair.com\/es\/wp-json\/wp\/v2\/product\/18647","targetHints":{"allow":["GET"]}}],"collection":[{"href":"https:\/\/marqalicante-admin.qwair.com\/es\/wp-json\/wp\/v2\/product"}],"about":[{"href":"https:\/\/marqalicante-admin.qwair.com\/es\/wp-json\/wp\/v2\/types\/product"}],"wp:featuredmedia":[{"embeddable":true,"href":"https:\/\/marqalicante-admin.qwair.com\/es\/wp-json\/wp\/v2\/media\/18472"}],"wp:attachment":[{"href":"https:\/\/marqalicante-admin.qwair.com\/es\/wp-json\/wp\/v2\/media?parent=18647"}],"wp:term":[{"taxonomy":"product_brand","embeddable":true,"href":"https:\/\/marqalicante-admin.qwair.com\/es\/wp-json\/wp\/v2\/product_brand?post=18647"},{"taxonomy":"product_cat","embeddable":true,"href":"https:\/\/marqalicante-admin.qwair.com\/es\/wp-json\/wp\/v2\/product_cat?post=18647"},{"taxonomy":"product_tag","embeddable":true,"href":"https:\/\/marqalicante-admin.qwair.com\/es\/wp-json\/wp\/v2\/product_tag?post=18647"}],"curies":[{"name":"wp","href":"https:\/\/api.w.org\/{rel}","templated":true}]}}