{"id":18643,"date":"2025-01-20T06:01:35","date_gmt":"2025-01-20T06:01:35","guid":{"rendered":"https:\/\/marqalicante-admin.qwair.com\/item\/el-tresor-de-sant-joan-dalacant\/"},"modified":"2025-06-04T16:33:26","modified_gmt":"2025-06-04T16:33:26","slug":"el-tresor-de-sant-joan-dalacant","status":"publish","type":"product","link":"https:\/\/marqalicante-admin.qwair.com\/es\/producto\/el-tresor-de-sant-joan-dalacant\/","title":{"rendered":"EL TRESOR DE SANT JOAN D\u2019ALACANT"},"content":{"rendered":"    \n    <div class=\"documento-item\">\n        \n        \n                    <a href=\"https:\/\/marqalicante.com\/contenido\/publicaciones\/pub_109.pdf\" class=\"documento-btn\" target=\"_blank\" rel=\"noopener\">\n                <i class=\"fas fa-file-pdf\"><\/i> Descargar PDF\n            <\/a>\n            <\/div>\n\n    \n","protected":false},"excerpt":{"rendered":"<p>Estudio monogr\u00e1fico del tesoro de Sant Joan d\u2019Alacant. Incluye el cat\u00e1logo y an\u00e1lisis numism\u00e1tico de las monedas que lo componen y los datos que permiten identificar a su propietario y reconstruir el contexto hist\u00f3rico de su ocultaci\u00f3n&#44; producida el a\u00f1o 1823 &#44; coincidiendo con el final del Trienio Liberal.<\/p>\n","protected":false},"featured_media":18468,"template":"","meta":{"kia_subtitle":""},"product_brand":[],"product_cat":[1397],"product_tag":[],"class_list":{"0":"post-18643","1":"product","2":"type-product","3":"status-publish","4":"has-post-thumbnail","6":"product_cat-publicaciones","8":"first","9":"instock","10":"virtual","11":"product-type-simple"},"meta_box":{"ia_expediente":"","ia_ano":"","ia_fechas_de_actuacion":"","ia_municipios_comarcas":"","ia_directores":"","ia_periodos_culturales":"","ia_tipos_de_intervencion":"","ia_equipo_tecnico":"","ia_autores":"","ia_promotores":"","ia_deposito_de_materiales":"","ia_coordenadas_utm":""},"_links":{"self":[{"href":"https:\/\/marqalicante-admin.qwair.com\/es\/wp-json\/wp\/v2\/product\/18643","targetHints":{"allow":["GET"]}}],"collection":[{"href":"https:\/\/marqalicante-admin.qwair.com\/es\/wp-json\/wp\/v2\/product"}],"about":[{"href":"https:\/\/marqalicante-admin.qwair.com\/es\/wp-json\/wp\/v2\/types\/product"}],"wp:featuredmedia":[{"embeddable":true,"href":"https:\/\/marqalicante-admin.qwair.com\/es\/wp-json\/wp\/v2\/media\/18468"}],"wp:attachment":[{"href":"https:\/\/marqalicante-admin.qwair.com\/es\/wp-json\/wp\/v2\/media?parent=18643"}],"wp:term":[{"taxonomy":"product_brand","embeddable":true,"href":"https:\/\/marqalicante-admin.qwair.com\/es\/wp-json\/wp\/v2\/product_brand?post=18643"},{"taxonomy":"product_cat","embeddable":true,"href":"https:\/\/marqalicante-admin.qwair.com\/es\/wp-json\/wp\/v2\/product_cat?post=18643"},{"taxonomy":"product_tag","embeddable":true,"href":"https:\/\/marqalicante-admin.qwair.com\/es\/wp-json\/wp\/v2\/product_tag?post=18643"}],"curies":[{"name":"wp","href":"https:\/\/api.w.org\/{rel}","templated":true}]}}