{"id":18629,"date":"2025-01-20T06:01:30","date_gmt":"2025-01-20T06:01:30","guid":{"rendered":"https:\/\/marqalicante-admin.qwair.com\/item\/la-necropolis-de-vistalegre-aspe-alicante-1985-1986\/"},"modified":"2025-06-04T16:33:25","modified_gmt":"2025-06-04T16:33:25","slug":"la-necropolis-de-vistalegre-aspe-alicante-1985-1986","status":"publish","type":"product","link":"https:\/\/marqalicante-admin.qwair.com\/es\/producto\/la-necropolis-de-vistalegre-aspe-alicante-1985-1986\/","title":{"rendered":"LA NECR\u00d3POLIS DE VISTALEGRE (ASPE&#44; ALICANTE) 1985-1986"},"content":{"rendered":"","protected":false},"excerpt":{"rendered":"<p>Obra p\u00f3stuma de la autora&#44; correspondiente a la memoria de las actuaciones arqueol\u00f3gicas realizada bajo su direcci\u00f3n en este importante yacimientos arqueol\u00f3gico alicantino en los a\u00f1os ochenta del siglo XX. La obra incluye el informe completo del estudio antropol\u00f3gico de los restos humanos y un estudio sint\u00e9tico actualizado de la necr\u00f3polis a cargo de Sonia Guti\u00e9rrez Lloret.<\/p>\n","protected":false},"featured_media":18454,"template":"","meta":{"kia_subtitle":""},"product_brand":[],"product_cat":[1397],"product_tag":[],"class_list":{"0":"post-18629","1":"product","2":"type-product","3":"status-publish","4":"has-post-thumbnail","6":"product_cat-publicaciones","8":"first","9":"instock","10":"virtual","11":"product-type-simple"},"meta_box":{"ia_expediente":"","ia_ano":"","ia_fechas_de_actuacion":"","ia_municipios_comarcas":"","ia_directores":"","ia_periodos_culturales":"","ia_tipos_de_intervencion":"","ia_equipo_tecnico":"","ia_autores":"","ia_promotores":"","ia_deposito_de_materiales":"","ia_coordenadas_utm":""},"_links":{"self":[{"href":"https:\/\/marqalicante-admin.qwair.com\/es\/wp-json\/wp\/v2\/product\/18629","targetHints":{"allow":["GET"]}}],"collection":[{"href":"https:\/\/marqalicante-admin.qwair.com\/es\/wp-json\/wp\/v2\/product"}],"about":[{"href":"https:\/\/marqalicante-admin.qwair.com\/es\/wp-json\/wp\/v2\/types\/product"}],"wp:featuredmedia":[{"embeddable":true,"href":"https:\/\/marqalicante-admin.qwair.com\/es\/wp-json\/wp\/v2\/media\/18454"}],"wp:attachment":[{"href":"https:\/\/marqalicante-admin.qwair.com\/es\/wp-json\/wp\/v2\/media?parent=18629"}],"wp:term":[{"taxonomy":"product_brand","embeddable":true,"href":"https:\/\/marqalicante-admin.qwair.com\/es\/wp-json\/wp\/v2\/product_brand?post=18629"},{"taxonomy":"product_cat","embeddable":true,"href":"https:\/\/marqalicante-admin.qwair.com\/es\/wp-json\/wp\/v2\/product_cat?post=18629"},{"taxonomy":"product_tag","embeddable":true,"href":"https:\/\/marqalicante-admin.qwair.com\/es\/wp-json\/wp\/v2\/product_tag?post=18629"}],"curies":[{"name":"wp","href":"https:\/\/api.w.org\/{rel}","templated":true}]}}