{"id":18625,"date":"2025-01-20T06:01:29","date_gmt":"2025-01-20T06:01:29","guid":{"rendered":"https:\/\/marqalicante-admin.qwair.com\/item\/ermitage-tesoros-de-la-arqueologia-rusa-en-el-marq\/"},"modified":"2025-06-04T16:33:24","modified_gmt":"2025-06-04T16:33:24","slug":"ermitage-tesoros-de-la-arqueologia-rusa-en-el-marq","status":"publish","type":"product","link":"https:\/\/marqalicante-admin.qwair.com\/es\/producto\/ermitage-tesoros-de-la-arqueologia-rusa-en-el-marq\/","title":{"rendered":"ERMITAGE. TESOROS DE LA ARQUEOLOG\u00cdA RUSA EN EL MARQ"},"content":{"rendered":"    \n    <div class=\"documento-item\">\n        \n        \n                    <a href=\"https:\/\/marqalicante.com\/contenido\/publicaciones\/pub2_88.pdf\" class=\"documento-btn\" target=\"_blank\" rel=\"noopener\">\n                <i class=\"fas fa-file-pdf\"><\/i> Descargar PDF\n            <\/a>\n            <\/div>\n\n    \n","protected":false},"excerpt":{"rendered":"<p>Cat\u00e1logo de la exposici\u00f3n&#44; en el que se incluyen varios trabajos relacionados con la historia de las investigaciones arqueol\u00f3gicas realizadas por el Museo Estatal del Hermitage de San Petersburgo y con los fondos arqueol\u00f3gicos que \u00e9ste conserva&#44; desde la Estepa Rusa y el Mar B\u00e1ltico hasta las llanuras centrales de Asia y el Mar Negro. Comprar en la tienda virtual del MARQ<\/p>\n","protected":false},"featured_media":18450,"template":"","meta":{"kia_subtitle":""},"product_brand":[],"product_cat":[1397],"product_tag":[],"class_list":{"0":"post-18625","1":"product","2":"type-product","3":"status-publish","4":"has-post-thumbnail","6":"product_cat-publicaciones","8":"first","9":"instock","10":"virtual","11":"product-type-simple"},"meta_box":{"ia_expediente":"","ia_ano":"","ia_fechas_de_actuacion":"","ia_municipios_comarcas":"","ia_directores":"","ia_periodos_culturales":"","ia_tipos_de_intervencion":"","ia_equipo_tecnico":"","ia_autores":"","ia_promotores":"","ia_deposito_de_materiales":"","ia_coordenadas_utm":""},"_links":{"self":[{"href":"https:\/\/marqalicante-admin.qwair.com\/es\/wp-json\/wp\/v2\/product\/18625","targetHints":{"allow":["GET"]}}],"collection":[{"href":"https:\/\/marqalicante-admin.qwair.com\/es\/wp-json\/wp\/v2\/product"}],"about":[{"href":"https:\/\/marqalicante-admin.qwair.com\/es\/wp-json\/wp\/v2\/types\/product"}],"wp:featuredmedia":[{"embeddable":true,"href":"https:\/\/marqalicante-admin.qwair.com\/es\/wp-json\/wp\/v2\/media\/18450"}],"wp:attachment":[{"href":"https:\/\/marqalicante-admin.qwair.com\/es\/wp-json\/wp\/v2\/media?parent=18625"}],"wp:term":[{"taxonomy":"product_brand","embeddable":true,"href":"https:\/\/marqalicante-admin.qwair.com\/es\/wp-json\/wp\/v2\/product_brand?post=18625"},{"taxonomy":"product_cat","embeddable":true,"href":"https:\/\/marqalicante-admin.qwair.com\/es\/wp-json\/wp\/v2\/product_cat?post=18625"},{"taxonomy":"product_tag","embeddable":true,"href":"https:\/\/marqalicante-admin.qwair.com\/es\/wp-json\/wp\/v2\/product_tag?post=18625"}],"curies":[{"name":"wp","href":"https:\/\/api.w.org\/{rel}","templated":true}]}}