{"id":18622,"date":"2025-01-20T06:01:29","date_gmt":"2025-01-20T06:01:29","guid":{"rendered":"https:\/\/marqalicante-admin.qwair.com\/item\/arqueologia-en-alicante-homenaje-a-hermanfrid-schubart\/"},"modified":"2025-07-23T06:36:26","modified_gmt":"2025-07-23T06:36:26","slug":"arqueologia-en-alicante-homenaje-a-hermanfrid-schubart","status":"publish","type":"product","link":"https:\/\/marqalicante-admin.qwair.com\/es\/producto\/arqueologia-en-alicante-homenaje-a-hermanfrid-schubart\/","title":{"rendered":"ARQUEOLOG\u00cdA EN ALICANTE. HOMENAJE A HERMANFRID SCHUBART"},"content":{"rendered":"    \n    <div class=\"documento-item\">\n        \n        \n                    <a href=\"https:\/\/marqalicante-classic-admin.qwair.com\/contenido\/publicaciones\/pub_85.pdf\" class=\"documento-btn\" target=\"_blank\" rel=\"noopener\">\n                <i class=\"fas fa-file-pdf\"><\/i> Descargar PDF\n            <\/a>\n            <\/div>\n\n    \n","protected":false},"excerpt":{"rendered":"<p>Colecci\u00f3n de textos presentados en homenaje al Dr. Hermanfrid Schubart, en los que se recogen datos biogr\u00e1ficos y un recorrido por su extensa actividad arqueol\u00f3gica en la pen\u00ednsula ib\u00e9rica y en particular en tierras alicantinas, con especial menci\u00f3n a sus trabajos en el Pic de l\u2019\u00c0guila y Alt de Benimaquia, en X\u00e0bia.<\/p>\n","protected":false},"featured_media":18447,"template":"","meta":{"kia_subtitle":""},"product_brand":[],"product_cat":[1397],"product_tag":[],"class_list":{"0":"post-18622","1":"product","2":"type-product","3":"status-publish","4":"has-post-thumbnail","6":"product_cat-publicaciones","8":"first","9":"instock","10":"virtual","11":"product-type-simple"},"meta_box":{"ia_expediente":"","ia_ano":"","ia_fechas_de_actuacion":"","ia_municipios_comarcas":"","ia_directores":"","ia_periodos_culturales":"","ia_tipos_de_intervencion":"","ia_equipo_tecnico":"","ia_autores":"","ia_promotores":"","ia_deposito_de_materiales":"","ia_coordenadas_utm":""},"_links":{"self":[{"href":"https:\/\/marqalicante-admin.qwair.com\/es\/wp-json\/wp\/v2\/product\/18622","targetHints":{"allow":["GET"]}}],"collection":[{"href":"https:\/\/marqalicante-admin.qwair.com\/es\/wp-json\/wp\/v2\/product"}],"about":[{"href":"https:\/\/marqalicante-admin.qwair.com\/es\/wp-json\/wp\/v2\/types\/product"}],"wp:featuredmedia":[{"embeddable":true,"href":"https:\/\/marqalicante-admin.qwair.com\/es\/wp-json\/wp\/v2\/media\/18447"}],"wp:attachment":[{"href":"https:\/\/marqalicante-admin.qwair.com\/es\/wp-json\/wp\/v2\/media?parent=18622"}],"wp:term":[{"taxonomy":"product_brand","embeddable":true,"href":"https:\/\/marqalicante-admin.qwair.com\/es\/wp-json\/wp\/v2\/product_brand?post=18622"},{"taxonomy":"product_cat","embeddable":true,"href":"https:\/\/marqalicante-admin.qwair.com\/es\/wp-json\/wp\/v2\/product_cat?post=18622"},{"taxonomy":"product_tag","embeddable":true,"href":"https:\/\/marqalicante-admin.qwair.com\/es\/wp-json\/wp\/v2\/product_tag?post=18622"}],"curies":[{"name":"wp","href":"https:\/\/api.w.org\/{rel}","templated":true}]}}