{"id":18618,"date":"2025-01-20T06:01:27","date_gmt":"2025-01-20T06:01:27","guid":{"rendered":"https:\/\/marqalicante-admin.qwair.com\/item\/el-castell-de-castalla-arqueologia-arquitectura-e-historia-de-una-fortificacion-medieval-de-frontera\/"},"modified":"2025-07-23T11:08:59","modified_gmt":"2025-07-23T11:08:59","slug":"el-castell-de-castalla-arqueologia-arquitectura-e-historia-de-una-fortificacion-medieval-de-frontera","status":"publish","type":"product","link":"https:\/\/marqalicante-admin.qwair.com\/es\/producto\/el-castell-de-castalla-arqueologia-arquitectura-e-historia-de-una-fortificacion-medieval-de-frontera\/","title":{"rendered":"EL CASTELL DE CASTALLA. ARQUEOLOG\u00cdA, ARQUITECTURA E HISTORIA DE UNA FORTIFICACI\u00d3N MEDIEVAL DE FRONTERA"},"content":{"rendered":"    \n    <div class=\"documento-item\">\n        \n        \n                    <a href=\"https:\/\/marqalicante-classic-admin.qwair.com\/contenido\/publicaciones\/pub2_81.pdf\" class=\"documento-btn\" target=\"_blank\" rel=\"noopener\">\n                <i class=\"fas fa-file-pdf\"><\/i> Descargar PDF\n            <\/a>\n            <\/div>\n\n    \n","protected":false},"excerpt":{"rendered":"<p>Se presentan de forma exhaustiva los resultados de las intervenciones arqueol\u00f3gicas y arquitect\u00f3nicas llevadas a cabo con ocasi\u00f3n de la restauraci\u00f3n de este importante monumento alicantino, a los que acompa\u00f1an varios estudios de contenido documental relacionados con el devenir hist\u00f3rico de esta fortaleza desde su construcci\u00f3n hasta la \u00e9poca actual<\/p>\n","protected":false},"featured_media":18443,"template":"","meta":{"kia_subtitle":""},"product_brand":[],"product_cat":[1397],"product_tag":[],"class_list":{"0":"post-18618","1":"product","2":"type-product","3":"status-publish","4":"has-post-thumbnail","6":"product_cat-publicaciones","8":"first","9":"instock","10":"virtual","11":"product-type-simple"},"meta_box":{"ia_expediente":"","ia_ano":"","ia_fechas_de_actuacion":"","ia_municipios_comarcas":"","ia_directores":"","ia_periodos_culturales":"","ia_tipos_de_intervencion":"","ia_equipo_tecnico":"","ia_autores":"","ia_promotores":"","ia_deposito_de_materiales":"","ia_coordenadas_utm":""},"_links":{"self":[{"href":"https:\/\/marqalicante-admin.qwair.com\/es\/wp-json\/wp\/v2\/product\/18618","targetHints":{"allow":["GET"]}}],"collection":[{"href":"https:\/\/marqalicante-admin.qwair.com\/es\/wp-json\/wp\/v2\/product"}],"about":[{"href":"https:\/\/marqalicante-admin.qwair.com\/es\/wp-json\/wp\/v2\/types\/product"}],"wp:featuredmedia":[{"embeddable":true,"href":"https:\/\/marqalicante-admin.qwair.com\/es\/wp-json\/wp\/v2\/media\/18443"}],"wp:attachment":[{"href":"https:\/\/marqalicante-admin.qwair.com\/es\/wp-json\/wp\/v2\/media?parent=18618"}],"wp:term":[{"taxonomy":"product_brand","embeddable":true,"href":"https:\/\/marqalicante-admin.qwair.com\/es\/wp-json\/wp\/v2\/product_brand?post=18618"},{"taxonomy":"product_cat","embeddable":true,"href":"https:\/\/marqalicante-admin.qwair.com\/es\/wp-json\/wp\/v2\/product_cat?post=18618"},{"taxonomy":"product_tag","embeddable":true,"href":"https:\/\/marqalicante-admin.qwair.com\/es\/wp-json\/wp\/v2\/product_tag?post=18618"}],"curies":[{"name":"wp","href":"https:\/\/api.w.org\/{rel}","templated":true}]}}