{"id":18617,"date":"2025-01-20T06:01:27","date_gmt":"2025-01-20T06:01:27","guid":{"rendered":"https:\/\/marqalicante-admin.qwair.com\/item\/la-torreta-el-monastil-elda-alicante-del-iv-al-iii-milenio-ac-en-la-cuenca-del-rio-vinalopo\/"},"modified":"2025-06-04T16:33:24","modified_gmt":"2025-06-04T16:33:24","slug":"la-torreta-el-monastil-elda-alicante-del-iv-al-iii-milenio-ac-en-la-cuenca-del-rio-vinalopo","status":"publish","type":"product","link":"https:\/\/marqalicante-admin.qwair.com\/es\/producto\/la-torreta-el-monastil-elda-alicante-del-iv-al-iii-milenio-ac-en-la-cuenca-del-rio-vinalopo\/","title":{"rendered":"LA TORRETA &#8211; EL MONASTIL (ELDA&#44; ALICANTE) DEL IV AL III MILENIO AC EN LA CUENCA DEL R\u00cdO VINALOP\u00d3"},"content":{"rendered":"    \n    <div class=\"documento-item\">\n        \n        \n                    <a href=\"https:\/\/marqalicante.com\/contenido\/publicaciones\/pub2_80.pdf\" class=\"documento-btn\" target=\"_blank\" rel=\"noopener\">\n                <i class=\"fas fa-file-pdf\"><\/i> Descargar PDF\n            <\/a>\n            <\/div>\n\n    \n","protected":false},"excerpt":{"rendered":"<p>Memoria relativa a la excavaci\u00f3n de este yacimiento prehist\u00f3rico de \u00e9poca neol\u00edtica localizado al pie de la Sierra de El Monastil&#44; importante enclave arqueol\u00f3gico del Vinalop\u00f3 Mitj\u00e0&#44; en la que se incluye una gran variedad de estudios t\u00e9cnicos relacionados con el registro arqueol\u00f3gico recuperado. COMPRAR EN LA TIENDA VIRTUAL DEL MARQ<\/p>\n","protected":false},"featured_media":18442,"template":"","meta":{"kia_subtitle":""},"product_brand":[],"product_cat":[1397],"product_tag":[],"class_list":{"0":"post-18617","1":"product","2":"type-product","3":"status-publish","4":"has-post-thumbnail","6":"product_cat-publicaciones","8":"first","9":"instock","10":"virtual","11":"product-type-simple"},"meta_box":{"ia_expediente":"","ia_ano":"","ia_fechas_de_actuacion":"","ia_municipios_comarcas":"","ia_directores":"","ia_periodos_culturales":"","ia_tipos_de_intervencion":"","ia_equipo_tecnico":"","ia_autores":"","ia_promotores":"","ia_deposito_de_materiales":"","ia_coordenadas_utm":""},"_links":{"self":[{"href":"https:\/\/marqalicante-admin.qwair.com\/es\/wp-json\/wp\/v2\/product\/18617","targetHints":{"allow":["GET"]}}],"collection":[{"href":"https:\/\/marqalicante-admin.qwair.com\/es\/wp-json\/wp\/v2\/product"}],"about":[{"href":"https:\/\/marqalicante-admin.qwair.com\/es\/wp-json\/wp\/v2\/types\/product"}],"wp:featuredmedia":[{"embeddable":true,"href":"https:\/\/marqalicante-admin.qwair.com\/es\/wp-json\/wp\/v2\/media\/18442"}],"wp:attachment":[{"href":"https:\/\/marqalicante-admin.qwair.com\/es\/wp-json\/wp\/v2\/media?parent=18617"}],"wp:term":[{"taxonomy":"product_brand","embeddable":true,"href":"https:\/\/marqalicante-admin.qwair.com\/es\/wp-json\/wp\/v2\/product_brand?post=18617"},{"taxonomy":"product_cat","embeddable":true,"href":"https:\/\/marqalicante-admin.qwair.com\/es\/wp-json\/wp\/v2\/product_cat?post=18617"},{"taxonomy":"product_tag","embeddable":true,"href":"https:\/\/marqalicante-admin.qwair.com\/es\/wp-json\/wp\/v2\/product_tag?post=18617"}],"curies":[{"name":"wp","href":"https:\/\/api.w.org\/{rel}","templated":true}]}}