{"id":18611,"date":"2025-01-20T06:01:26","date_gmt":"2025-01-20T06:01:26","guid":{"rendered":"https:\/\/marqalicante-admin.qwair.com\/item\/la-illeta-dels-banyets-epocas-iberica-y-romana-i\/"},"modified":"2025-06-04T16:33:24","modified_gmt":"2025-06-04T16:33:24","slug":"la-illeta-dels-banyets-epocas-iberica-y-romana-i","status":"publish","type":"product","link":"https:\/\/marqalicante-admin.qwair.com\/es\/producto\/la-illeta-dels-banyets-epocas-iberica-y-romana-i\/","title":{"rendered":"LA ILLETA DELS BANYETS. \u00c9POCAS IB\u00c9RICA Y ROMANA I"},"content":{"rendered":"    \n    <div class=\"documento-item\">\n        \n        \n                    <a href=\"https:\/\/marqalicante.com\/contenido\/publicaciones\/pub2_86.pdf\" class=\"documento-btn\" target=\"_blank\" rel=\"noopener\">\n                <i class=\"fas fa-file-pdf\"><\/i> Descargar PDF\n            <\/a>\n            <\/div>\n\n    \n","protected":false},"excerpt":{"rendered":"<p>Obra en la que se lleva a cabo una puesta al d\u00eda de las actuaciones realizadas en la Illeta dels Banyets en relaci\u00f3n con el asentamiento ib\u00e9rico y la ocupaci\u00f3n de \u00e9poca romana registrada en este yacimiento&#44; teniendo como n\u00facleo fundamental las excavaciones de E. Llobregat.<\/p>\n","protected":false},"featured_media":18436,"template":"","meta":{"kia_subtitle":""},"product_brand":[],"product_cat":[1397],"product_tag":[],"class_list":{"0":"post-18611","1":"product","2":"type-product","3":"status-publish","4":"has-post-thumbnail","6":"product_cat-publicaciones","8":"first","9":"instock","10":"virtual","11":"product-type-simple"},"meta_box":{"ia_expediente":"","ia_ano":"","ia_fechas_de_actuacion":"","ia_municipios_comarcas":"","ia_directores":"","ia_periodos_culturales":"","ia_tipos_de_intervencion":"","ia_equipo_tecnico":"","ia_autores":"","ia_promotores":"","ia_deposito_de_materiales":"","ia_coordenadas_utm":""},"_links":{"self":[{"href":"https:\/\/marqalicante-admin.qwair.com\/es\/wp-json\/wp\/v2\/product\/18611","targetHints":{"allow":["GET"]}}],"collection":[{"href":"https:\/\/marqalicante-admin.qwair.com\/es\/wp-json\/wp\/v2\/product"}],"about":[{"href":"https:\/\/marqalicante-admin.qwair.com\/es\/wp-json\/wp\/v2\/types\/product"}],"wp:featuredmedia":[{"embeddable":true,"href":"https:\/\/marqalicante-admin.qwair.com\/es\/wp-json\/wp\/v2\/media\/18436"}],"wp:attachment":[{"href":"https:\/\/marqalicante-admin.qwair.com\/es\/wp-json\/wp\/v2\/media?parent=18611"}],"wp:term":[{"taxonomy":"product_brand","embeddable":true,"href":"https:\/\/marqalicante-admin.qwair.com\/es\/wp-json\/wp\/v2\/product_brand?post=18611"},{"taxonomy":"product_cat","embeddable":true,"href":"https:\/\/marqalicante-admin.qwair.com\/es\/wp-json\/wp\/v2\/product_cat?post=18611"},{"taxonomy":"product_tag","embeddable":true,"href":"https:\/\/marqalicante-admin.qwair.com\/es\/wp-json\/wp\/v2\/product_tag?post=18611"}],"curies":[{"name":"wp","href":"https:\/\/api.w.org\/{rel}","templated":true}]}}