{"id":18599,"date":"2025-01-20T06:01:22","date_gmt":"2025-01-20T06:01:22","guid":{"rendered":"https:\/\/marqalicante-admin.qwair.com\/item\/la-illeta-del-banyets-el-campello-alicante-estudios-de-la-edad-del-bronce-y-epoca-iberica\/"},"modified":"2025-06-04T16:33:23","modified_gmt":"2025-06-04T16:33:23","slug":"la-illeta-del-banyets-el-campello-alicante-estudios-de-la-edad-del-bronce-y-epoca-iberica","status":"publish","type":"product","link":"https:\/\/marqalicante-admin.qwair.com\/es\/producto\/la-illeta-del-banyets-el-campello-alicante-estudios-de-la-edad-del-bronce-y-epoca-iberica\/","title":{"rendered":"LA ILLETA DEL BANYETS (EL CAMPELLO&#44; ALICANTE). ESTUDIOS DE LA EDAD DEL BRONCE Y \u00c9POCA IB\u00c9RICA"},"content":{"rendered":"    \n    <div class=\"documento-item\">\n        \n        \n                    <a href=\"https:\/\/marqalicante.com\/contenido\/publicaciones\/pub_60.pdf\" class=\"documento-btn\" target=\"_blank\" rel=\"noopener\">\n                <i class=\"fas fa-file-pdf\"><\/i> Descargar PDF\n            <\/a>\n            <\/div>\n\n    \n","protected":false},"excerpt":{"rendered":"<p>Primera de las publicaciones de la serie MAYOR&#44; l\u00ednea editorial nacida con la vocaci\u00f3n de difundir y divulgar la investigaci\u00f3n cient\u00edfica del MARQ. En esta obra&#44; \u201cLa Illeta dels Banyets (El Campello&#44; Alicante). Estudios de la Edad del Bronce y \u00c9poca Ib\u00e9rica\u201d&#44; editada el a\u00f1o 1997 &#44; se tratan diversos trabajos sobre uno de los yacimientos clave de la arqueolog\u00eda alicantina.<\/p>\n","protected":false},"featured_media":18424,"template":"","meta":{"kia_subtitle":""},"product_brand":[],"product_cat":[1397],"product_tag":[],"class_list":{"0":"post-18599","1":"product","2":"type-product","3":"status-publish","4":"has-post-thumbnail","6":"product_cat-publicaciones","8":"first","9":"instock","10":"virtual","11":"product-type-simple"},"meta_box":{"ia_expediente":"","ia_ano":"","ia_fechas_de_actuacion":"","ia_municipios_comarcas":"","ia_directores":"","ia_periodos_culturales":"","ia_tipos_de_intervencion":"","ia_equipo_tecnico":"","ia_autores":"","ia_promotores":"","ia_deposito_de_materiales":"","ia_coordenadas_utm":""},"_links":{"self":[{"href":"https:\/\/marqalicante-admin.qwair.com\/es\/wp-json\/wp\/v2\/product\/18599","targetHints":{"allow":["GET"]}}],"collection":[{"href":"https:\/\/marqalicante-admin.qwair.com\/es\/wp-json\/wp\/v2\/product"}],"about":[{"href":"https:\/\/marqalicante-admin.qwair.com\/es\/wp-json\/wp\/v2\/types\/product"}],"wp:featuredmedia":[{"embeddable":true,"href":"https:\/\/marqalicante-admin.qwair.com\/es\/wp-json\/wp\/v2\/media\/18424"}],"wp:attachment":[{"href":"https:\/\/marqalicante-admin.qwair.com\/es\/wp-json\/wp\/v2\/media?parent=18599"}],"wp:term":[{"taxonomy":"product_brand","embeddable":true,"href":"https:\/\/marqalicante-admin.qwair.com\/es\/wp-json\/wp\/v2\/product_brand?post=18599"},{"taxonomy":"product_cat","embeddable":true,"href":"https:\/\/marqalicante-admin.qwair.com\/es\/wp-json\/wp\/v2\/product_cat?post=18599"},{"taxonomy":"product_tag","embeddable":true,"href":"https:\/\/marqalicante-admin.qwair.com\/es\/wp-json\/wp\/v2\/product_tag?post=18599"}],"curies":[{"name":"wp","href":"https:\/\/api.w.org\/{rel}","templated":true}]}}