{"id":18589,"date":"2025-01-20T06:01:19","date_gmt":"2025-01-20T06:01:19","guid":{"rendered":"https:\/\/marqalicante-admin.qwair.com\/item\/la-belleza-del-cuerpo-arte-y-pensamiento-en-la-antigua-grecia\/"},"modified":"2025-06-04T16:33:22","modified_gmt":"2025-06-04T16:33:22","slug":"la-belleza-del-cuerpo-arte-y-pensamiento-en-la-antigua-grecia","status":"publish","type":"product","link":"https:\/\/marqalicante-admin.qwair.com\/es\/producto\/la-belleza-del-cuerpo-arte-y-pensamiento-en-la-antigua-grecia\/","title":{"rendered":"LA BELLEZA DEL CUERPO. ARTE Y PENSAMIENTO EN LA ANTIGUA GRECIA"},"content":{"rendered":"    \n    <div class=\"documento-item\">\n        \n        \n                    <a href=\"https:\/\/marqalicante.com\/contenido\/publicaciones\/pub2_53.pdf\" class=\"documento-btn\" target=\"_blank\" rel=\"noopener\">\n                <i class=\"fas fa-file-pdf\"><\/i> Descargar PDF\n            <\/a>\n            <\/div>\n\n    \n","protected":false},"excerpt":{"rendered":"<p>Cat\u00e1logo de la exposici\u00f3n realizada en el MARQ en la que se re\u00fane una de las colecciones m\u00e1s relevantes de arte cl\u00e1sico jam\u00e1s vista fuera de las dependencias del British Museum&#44; entre la que se incluye una de las c\u00e9lebres copias del Disc\u00f3bolo de Mir\u00f3n. 30 euros COMPRAR EN LA TIENDA VIRTUAL DEL MARQ Audemars Piguet<\/p>\n","protected":false},"featured_media":18414,"template":"","meta":{"kia_subtitle":""},"product_brand":[],"product_cat":[1397],"product_tag":[],"class_list":{"0":"post-18589","1":"product","2":"type-product","3":"status-publish","4":"has-post-thumbnail","6":"product_cat-publicaciones","8":"first","9":"instock","10":"virtual","11":"product-type-simple"},"meta_box":{"ia_expediente":"","ia_ano":"","ia_fechas_de_actuacion":"","ia_municipios_comarcas":"","ia_directores":"","ia_periodos_culturales":"","ia_tipos_de_intervencion":"","ia_equipo_tecnico":"","ia_autores":"","ia_promotores":"","ia_deposito_de_materiales":"","ia_coordenadas_utm":""},"_links":{"self":[{"href":"https:\/\/marqalicante-admin.qwair.com\/es\/wp-json\/wp\/v2\/product\/18589","targetHints":{"allow":["GET"]}}],"collection":[{"href":"https:\/\/marqalicante-admin.qwair.com\/es\/wp-json\/wp\/v2\/product"}],"about":[{"href":"https:\/\/marqalicante-admin.qwair.com\/es\/wp-json\/wp\/v2\/types\/product"}],"wp:featuredmedia":[{"embeddable":true,"href":"https:\/\/marqalicante-admin.qwair.com\/es\/wp-json\/wp\/v2\/media\/18414"}],"wp:attachment":[{"href":"https:\/\/marqalicante-admin.qwair.com\/es\/wp-json\/wp\/v2\/media?parent=18589"}],"wp:term":[{"taxonomy":"product_brand","embeddable":true,"href":"https:\/\/marqalicante-admin.qwair.com\/es\/wp-json\/wp\/v2\/product_brand?post=18589"},{"taxonomy":"product_cat","embeddable":true,"href":"https:\/\/marqalicante-admin.qwair.com\/es\/wp-json\/wp\/v2\/product_cat?post=18589"},{"taxonomy":"product_tag","embeddable":true,"href":"https:\/\/marqalicante-admin.qwair.com\/es\/wp-json\/wp\/v2\/product_tag?post=18589"}],"curies":[{"name":"wp","href":"https:\/\/api.w.org\/{rel}","templated":true}]}}