{"id":18582,"date":"2025-02-03T07:09:32","date_gmt":"2025-02-03T07:09:32","guid":{"rendered":"https:\/\/marqalicante-admin.qwair.com\/item\/marq-arqueologia-y-museos-00-2\/"},"modified":"2025-06-04T16:33:22","modified_gmt":"2025-06-04T16:33:22","slug":"marq-arqueologia-y-museos-00-2","status":"publish","type":"product","link":"https:\/\/marqalicante-admin.qwair.com\/es\/producto\/marq-arqueologia-y-museos-00-2\/","title":{"rendered":"MARQ&#44; ARQUEOLOG\u00cdA Y MUSEOS 00"},"content":{"rendered":"<div class=\"documento-item\">\n                    <h2 class=\"documento-title\">MARQ&#044; Arqueolog\u00eda y Museo<\/h2>\n        \n                    <p class=\"documento-subtitle\">Azuar Ruiz&#044; Rafael<\/p>\n        \n                    <a href=\"\/wp-content\/uploads\/2025\/01\/publi-revistas\/pub_1.pdf\" class=\"documento-btn\">\n                <i class=\"fas fa-file-pdf\"><\/i> Descargar PDF\n            <\/a>\n            <\/div>\n\n        \n    <div class=\"documento-item\">\n                    <h2 class=\"documento-title\">Domus y la gesti\u00f3n de las colecciones muse\u00edsticas<\/h2>\n        \n                    <p class=\"documento-subtitle\">Andr\u00e9s Carretero P\u00e9rez<\/p>\n        \n                    <a href=\"\/wp-content\/uploads\/2025\/01\/publi-revistas\/pub_3.pdf\" class=\"documento-btn\">\n                <i class=\"fas fa-file-pdf\"><\/i> Descargar PDF\n            <\/a>\n            <\/div>\n\n        \n    <div class=\"documento-item\">\n                    <h2 class=\"documento-title\">El Proyecto Champollion. Museo Arqueol\u00f3gico Nacional.<\/h2>\n        \n                    <p class=\"documento-subtitle\">M\u00aa del Carmen P\u00e9rez Die&#044; M\u00aa del Carmen Alonso Rodr\u00edguez<\/p>\n        \n                    <a href=\"\/wp-content\/uploads\/2025\/01\/publi-revistas\/pub_4.pdf\" class=\"documento-btn\">\n                <i class=\"fas fa-file-pdf\"><\/i> Descargar PDF\n            <\/a>\n            <\/div>\n\n        \n    <div class=\"documento-item\">\n                    <h2 class=\"documento-title\">Nuevas tecnolog\u00edas aplicadas al estudio y conservaci\u00f3n de bienes culturales. Estado de la cuesti\u00f3n en los museos espa\u00f1oles<\/h2>\n        \n                    <p class=\"documento-subtitle\">Salvador Rovira Llorens<\/p>\n        \n                    <a href=\"\/wp-content\/uploads\/2025\/01\/publi-revistas\/pub_5.pdf\" class=\"documento-btn\">\n                <i class=\"fas fa-file-pdf\"><\/i> Descargar PDF\n            <\/a>\n            <\/div>\n\n        \n    <div class=\"documento-item\">\n                    <h2 class=\"documento-title\">El MARQ. La tecnolog\u00eda al servicio de la museograf\u00eda<\/h2>\n        \n                    <p class=\"documento-subtitle\">Rafael Azuar Ruiz<\/p>\n        \n                    <a href=\"\/wp-content\/uploads\/2025\/01\/publi-revistas\/pub_6.pdf\" class=\"documento-btn\">\n                <i class=\"fas fa-file-pdf\"><\/i> Descargar PDF\n            <\/a>\n            <\/div>\n\n        \n    <div class=\"documento-item\">\n                    <h2 class=\"documento-title\">El Museu d\u2019Hist\u00f2ria de Val\u00e8ncia. Nuevos formatos para una nueva did\u00e1ctica de la historia<\/h2>\n        \n                    <p class=\"documento-subtitle\">Javier Mart\u00ed Oltra<\/p>\n        \n                    <a href=\"\/wp-content\/uploads\/2025\/01\/publi-revistas\/pub_7.pdf\" class=\"documento-btn\">\n                <i class=\"fas fa-file-pdf\"><\/i> Descargar PDF\n            <\/a>\n            <\/div>\n\n        \n    <div class=\"documento-item\">\n                    <h2 class=\"documento-title\">El M.A.R. y las nuevas tecnolog\u00edas<\/h2>\n        \n                    <p class=\"documento-subtitle\">Enrique Baquedano P\u00e9rez<\/p>\n        \n                    <a href=\"\/wp-content\/uploads\/2025\/01\/publi-revistas\/pub_8.pdf\" class=\"documento-btn\">\n                <i class=\"fas fa-file-pdf\"><\/i> Descargar PDF\n            <\/a>\n            <\/div>\n\n        \n    <div class=\"documento-item\">\n                    <h2 class=\"documento-title\">La Sala de Arte Rupestre y de la Colecci\u00f3n Museogr\u00e1f\u00edca de Castell de Castells. Un montaje de vanguardia para un municipio de la monta\u00f1a alicantina<\/h2>\n        \n                    <p class=\"documento-subtitle\">Jorge A. Soler D\u00edaz&#044; Rafael P\u00e9rez Jim\u00e9nez<\/p>\n        \n                    <a href=\"\/wp-content\/uploads\/2025\/01\/publi-revistas\/pub_9.pdf\" class=\"documento-btn\">\n                <i class=\"fas fa-file-pdf\"><\/i> Descargar PDF\n            <\/a>\n            <\/div>\n\n        \n    <div class=\"documento-item\">\n                    <h2 class=\"documento-title\">The Peregrinus Project<\/h2>\n        \n                    <p class=\"documento-subtitle\">Stephen Clews<\/p>\n        \n                    <a href=\"\/wp-content\/uploads\/2025\/01\/publi-revistas\/pub_10.pdf\" class=\"documento-btn\">\n                <i class=\"fas fa-file-pdf\"><\/i> Descargar PDF\n            <\/a>\n            <\/div>\n\n        \n    <div class=\"documento-item\">\n                    <h2 class=\"documento-title\">The ORION Project A European Union Thematic Network<\/h2>\n        \n                    <p class=\"documento-subtitle\">Luis Salgado&#044; Nessa O\u2019Connor&#044; Martha Tsapatori&#044; Jorge A. Soler<\/p>\n        \n                    <a href=\"\/wp-content\/uploads\/2025\/01\/publi-revistas\/pub_11.pdf\" class=\"documento-btn\">\n                <i class=\"fas fa-file-pdf\"><\/i> Descargar PDF\n            <\/a>\n            <\/div>\n\n        \n    <div class=\"documento-item\">\n                    <h2 class=\"documento-title\">El proyecto de restituci\u00f3n virtual de la ciudad griega y romana de Emp\u00faries<\/h2>\n        \n                    <p class=\"documento-subtitle\">Xavier Aquilu\u00e9&#044; Tom\u00e0s Bases&#044; Pere Castanyer&#044; Joaquim Monturiol&#044; Marta Santos&#044; Joaquim Tremoleda<\/p>\n        \n                    <a href=\"\/wp-content\/uploads\/2025\/01\/publi-revistas\/pub_12.pdf\" class=\"documento-btn\">\n                <i class=\"fas fa-file-pdf\"><\/i> Descargar PDF\n            <\/a>\n            <\/div>\n\n        \n    <div class=\"documento-item\">\n                    <h2 class=\"documento-title\">\u201cPaisajes Milenarios\u201d: Centro de Interpretaci\u00f3n de la Prehistoria en Andaluc\u00eda<\/h2>\n        \n                    <p class=\"documento-subtitle\">Juli\u00e1n Mart\u00ednez Garc\u00eda<\/p>\n        \n                    <a href=\"\/wp-content\/uploads\/2025\/01\/publi-revistas\/pub_13.pdf\" class=\"documento-btn\">\n                <i class=\"fas fa-file-pdf\"><\/i> Descargar PDF\n            <\/a>\n            <\/div>\n\n        \n    <div class=\"documento-item\">\n                    <h2 class=\"documento-title\">Recursos infogr\u00e1ficos sobre Lucentum y la Illeta Dels Banyets en el MARQ y en internet<\/h2>\n        \n                    <p class=\"documento-subtitle\">Manuel Olcina Dom\u00e9nech&#044; Jorge Molina Lamothe&#044; Rafael P\u00e9rez Jim\u00e9nez<\/p>\n        \n                    <a href=\"\/wp-content\/uploads\/2025\/01\/publi-revistas\/pub_14.pdf\" class=\"documento-btn\">\n                <i class=\"fas fa-file-pdf\"><\/i> Descargar PDF\n            <\/a>\n            <\/div>\n\n        \n    <div class=\"documento-item\">\n                    <h2 class=\"documento-title\">Memoria de actividades 2000-2003<\/h2>\n        \n                    <p class=\"documento-subtitle\">Antonio S\u00e1nchez P\u00e9rez&#044; Miguel Benito Iborra<\/p>\n        \n                    <a href=\"\/wp-content\/uploads\/2025\/01\/publi-revistas\/pub_15.pdf\" class=\"documento-btn\">\n                <i class=\"fas fa-file-pdf\"><\/i> Descargar PDF\n            <\/a>\n            <\/div>\n","protected":false},"excerpt":{"rendered":"<p>Publicaci\u00f3n peri\u00f3dica y sistem\u00e1tica sobre los trabajos de investigaci\u00f3n arqueol\u00f3gica con art\u00edculos centrados en la pr\u00e1ctica propia de los museos&#44; para dar a conocer la investigaci\u00f3n del rico Patrimonio Arqueol\u00f3gico de Alicante. 18 \u20ac<\/p>\n","protected":false},"featured_media":18407,"template":"","meta":{"kia_subtitle":""},"product_brand":[],"product_cat":[1365],"product_tag":[],"class_list":{"0":"post-18582","1":"product","2":"type-product","3":"status-publish","4":"has-post-thumbnail","6":"product_cat-marq-arqueologia-y-museos","8":"first","9":"instock","10":"virtual","11":"product-type-simple"},"meta_box":{"ia_expediente":"","ia_ano":"","ia_fechas_de_actuacion":"","ia_municipios_comarcas":"","ia_directores":"","ia_periodos_culturales":"","ia_tipos_de_intervencion":"","ia_equipo_tecnico":"","ia_autores":"","ia_promotores":"","ia_deposito_de_materiales":"","ia_coordenadas_utm":""},"_links":{"self":[{"href":"https:\/\/marqalicante-admin.qwair.com\/es\/wp-json\/wp\/v2\/product\/18582","targetHints":{"allow":["GET"]}}],"collection":[{"href":"https:\/\/marqalicante-admin.qwair.com\/es\/wp-json\/wp\/v2\/product"}],"about":[{"href":"https:\/\/marqalicante-admin.qwair.com\/es\/wp-json\/wp\/v2\/types\/product"}],"wp:featuredmedia":[{"embeddable":true,"href":"https:\/\/marqalicante-admin.qwair.com\/es\/wp-json\/wp\/v2\/media\/18407"}],"wp:attachment":[{"href":"https:\/\/marqalicante-admin.qwair.com\/es\/wp-json\/wp\/v2\/media?parent=18582"}],"wp:term":[{"taxonomy":"product_brand","embeddable":true,"href":"https:\/\/marqalicante-admin.qwair.com\/es\/wp-json\/wp\/v2\/product_brand?post=18582"},{"taxonomy":"product_cat","embeddable":true,"href":"https:\/\/marqalicante-admin.qwair.com\/es\/wp-json\/wp\/v2\/product_cat?post=18582"},{"taxonomy":"product_tag","embeddable":true,"href":"https:\/\/marqalicante-admin.qwair.com\/es\/wp-json\/wp\/v2\/product_tag?post=18582"}],"curies":[{"name":"wp","href":"https:\/\/api.w.org\/{rel}","templated":true}]}}