{"id":18580,"date":"2025-01-20T06:01:17","date_gmt":"2025-01-20T06:01:17","guid":{"rendered":"https:\/\/marqalicante-admin.qwair.com\/item\/paleolitico-superior-final-y-epipaleolitico-en-la-comunidad-valenciana\/"},"modified":"2025-06-04T16:33:22","modified_gmt":"2025-06-04T16:33:22","slug":"paleolitico-superior-final-y-epipaleolitico-en-la-comunidad-valenciana","status":"publish","type":"product","link":"https:\/\/marqalicante-admin.qwair.com\/es\/producto\/paleolitico-superior-final-y-epipaleolitico-en-la-comunidad-valenciana\/","title":{"rendered":"PALEOL\u00cdTICO SUPERIOR FINAL Y EPIPALEOL\u00cdTICO EN LA COMUNIDAD VALENCIANA"},"content":{"rendered":"","protected":false},"excerpt":{"rendered":"<p>Todo el esfuerzo realizado en aras a la protecci\u00f3n&#44; conservaci\u00f3n y difusi\u00f3n del patrimonio arqueol\u00f3gico provincial&#44; es expuesto en esta publicaci\u00f3n al alcance del p\u00fablico en general.<\/p>\n","protected":false},"featured_media":18405,"template":"","meta":{"kia_subtitle":""},"product_brand":[],"product_cat":[1397],"product_tag":[],"class_list":{"0":"post-18580","1":"product","2":"type-product","3":"status-publish","4":"has-post-thumbnail","6":"product_cat-publicaciones","8":"first","9":"instock","10":"virtual","11":"product-type-simple"},"meta_box":{"ia_expediente":"","ia_ano":"","ia_fechas_de_actuacion":"","ia_municipios_comarcas":"","ia_directores":"","ia_periodos_culturales":"","ia_tipos_de_intervencion":"","ia_equipo_tecnico":"","ia_autores":"","ia_promotores":"","ia_deposito_de_materiales":"","ia_coordenadas_utm":""},"_links":{"self":[{"href":"https:\/\/marqalicante-admin.qwair.com\/es\/wp-json\/wp\/v2\/product\/18580","targetHints":{"allow":["GET"]}}],"collection":[{"href":"https:\/\/marqalicante-admin.qwair.com\/es\/wp-json\/wp\/v2\/product"}],"about":[{"href":"https:\/\/marqalicante-admin.qwair.com\/es\/wp-json\/wp\/v2\/types\/product"}],"wp:featuredmedia":[{"embeddable":true,"href":"https:\/\/marqalicante-admin.qwair.com\/es\/wp-json\/wp\/v2\/media\/18405"}],"wp:attachment":[{"href":"https:\/\/marqalicante-admin.qwair.com\/es\/wp-json\/wp\/v2\/media?parent=18580"}],"wp:term":[{"taxonomy":"product_brand","embeddable":true,"href":"https:\/\/marqalicante-admin.qwair.com\/es\/wp-json\/wp\/v2\/product_brand?post=18580"},{"taxonomy":"product_cat","embeddable":true,"href":"https:\/\/marqalicante-admin.qwair.com\/es\/wp-json\/wp\/v2\/product_cat?post=18580"},{"taxonomy":"product_tag","embeddable":true,"href":"https:\/\/marqalicante-admin.qwair.com\/es\/wp-json\/wp\/v2\/product_tag?post=18580"}],"curies":[{"name":"wp","href":"https:\/\/api.w.org\/{rel}","templated":true}]}}