{"id":18567,"date":"2025-01-20T06:01:13","date_gmt":"2025-01-20T06:01:13","guid":{"rendered":"https:\/\/marqalicante-admin.qwair.com\/item\/tesoros-arqueologicos-de-chipre-del-museo-mediterraneo-de-estocolmo-la-expedicion-arqueologica-sueca-en-chipre-1927-1931\/"},"modified":"2025-06-04T16:33:21","modified_gmt":"2025-06-04T16:33:21","slug":"tesoros-arqueologicos-de-chipre-del-museo-mediterraneo-de-estocolmo-la-expedicion-arqueologica-sueca-en-chipre-1927-1931","status":"publish","type":"product","link":"https:\/\/marqalicante-admin.qwair.com\/es\/producto\/tesoros-arqueologicos-de-chipre-del-museo-mediterraneo-de-estocolmo-la-expedicion-arqueologica-sueca-en-chipre-1927-1931\/","title":{"rendered":"TESOROS ARQUEOL\u00d3GICOS DE CHIPRE DEL MUSEO MEDITERR\u00c1NEO DE ESTOCOLMO. LA EXPEDICI\u00d3N ARQUEOL\u00d3GICA SUECA EN CHIPRE&#44; 1927-1931"},"content":{"rendered":"    \n    <div class=\"documento-item\">\n        \n        \n                    <a href=\"https:\/\/marqalicante.com\/contenido\/publicaciones\/pub_28.pdf\" class=\"documento-btn\" target=\"_blank\" rel=\"noopener\">\n                <i class=\"fas fa-file-pdf\"><\/i> Descargar PDF\n            <\/a>\n            <\/div>\n\n    \n","protected":false},"excerpt":{"rendered":"<p>Los hallazgos de la misi\u00f3n sueca a Chipre&#44; realizada en las primeras d\u00e9cadas del siglo XX&#44; nos acercan a la prehistoria y antig\u00fcedad de esta islas del Mediterr\u00e1neo Oriental a trav\u00e9s de las colecciones del Museo Mediterr\u00e1neo de Estocolmo 15 euros<\/p>\n","protected":false},"featured_media":18392,"template":"","meta":{"kia_subtitle":""},"product_brand":[],"product_cat":[1397],"product_tag":[],"class_list":{"0":"post-18567","1":"product","2":"type-product","3":"status-publish","4":"has-post-thumbnail","6":"product_cat-publicaciones","8":"first","9":"instock","10":"virtual","11":"product-type-simple"},"meta_box":{"ia_expediente":"","ia_ano":"","ia_fechas_de_actuacion":"","ia_municipios_comarcas":"","ia_directores":"","ia_periodos_culturales":"","ia_tipos_de_intervencion":"","ia_equipo_tecnico":"","ia_autores":"","ia_promotores":"","ia_deposito_de_materiales":"","ia_coordenadas_utm":""},"_links":{"self":[{"href":"https:\/\/marqalicante-admin.qwair.com\/es\/wp-json\/wp\/v2\/product\/18567","targetHints":{"allow":["GET"]}}],"collection":[{"href":"https:\/\/marqalicante-admin.qwair.com\/es\/wp-json\/wp\/v2\/product"}],"about":[{"href":"https:\/\/marqalicante-admin.qwair.com\/es\/wp-json\/wp\/v2\/types\/product"}],"wp:featuredmedia":[{"embeddable":true,"href":"https:\/\/marqalicante-admin.qwair.com\/es\/wp-json\/wp\/v2\/media\/18392"}],"wp:attachment":[{"href":"https:\/\/marqalicante-admin.qwair.com\/es\/wp-json\/wp\/v2\/media?parent=18567"}],"wp:term":[{"taxonomy":"product_brand","embeddable":true,"href":"https:\/\/marqalicante-admin.qwair.com\/es\/wp-json\/wp\/v2\/product_brand?post=18567"},{"taxonomy":"product_cat","embeddable":true,"href":"https:\/\/marqalicante-admin.qwair.com\/es\/wp-json\/wp\/v2\/product_cat?post=18567"},{"taxonomy":"product_tag","embeddable":true,"href":"https:\/\/marqalicante-admin.qwair.com\/es\/wp-json\/wp\/v2\/product_tag?post=18567"}],"curies":[{"name":"wp","href":"https:\/\/api.w.org\/{rel}","templated":true}]}}