{"id":18565,"date":"2025-01-20T06:01:13","date_gmt":"2025-01-20T06:01:13","guid":{"rendered":"https:\/\/marqalicante-admin.qwair.com\/item\/el-senor-de-sipan-misterio-y-esplendor-de-una-cultura-pre-incaica\/"},"modified":"2025-06-04T16:33:21","modified_gmt":"2025-06-04T16:33:21","slug":"el-senor-de-sipan-misterio-y-esplendor-de-una-cultura-pre-incaica","status":"publish","type":"product","link":"https:\/\/marqalicante-admin.qwair.com\/es\/producto\/el-senor-de-sipan-misterio-y-esplendor-de-una-cultura-pre-incaica\/","title":{"rendered":"EL SE\u00d1OR DE SIP\u00c1N: MISTERIO Y ESPLENDOR DE UNA CULTURA PRE-INCAICA"},"content":{"rendered":"","protected":false},"excerpt":{"rendered":"<p>Los espectaculares descubrimientos realizados en Sip\u00e1n&#44; en Per\u00fa&#44; han deparado el hallazgo de uno de los enclaves m\u00e1s importantes de la cultura moche. Excepcional colecci\u00f3n de objetos de oro y adornos as\u00ed como de vasijas de cer\u00e1mica y otros elementos procedentes de la tumba del Se\u00f1or de Sip\u00e1n y de otras sepulturas localizadas en el yacimiento 30 &#44; 00 euros<\/p>\n","protected":false},"featured_media":18390,"template":"","meta":{"kia_subtitle":""},"product_brand":[],"product_cat":[1397],"product_tag":[],"class_list":{"0":"post-18565","1":"product","2":"type-product","3":"status-publish","4":"has-post-thumbnail","6":"product_cat-publicaciones","8":"first","9":"instock","10":"virtual","11":"product-type-simple"},"meta_box":{"ia_expediente":"","ia_ano":"","ia_fechas_de_actuacion":"","ia_municipios_comarcas":"","ia_directores":"","ia_periodos_culturales":"","ia_tipos_de_intervencion":"","ia_equipo_tecnico":"","ia_autores":"","ia_promotores":"","ia_deposito_de_materiales":"","ia_coordenadas_utm":""},"_links":{"self":[{"href":"https:\/\/marqalicante-admin.qwair.com\/es\/wp-json\/wp\/v2\/product\/18565","targetHints":{"allow":["GET"]}}],"collection":[{"href":"https:\/\/marqalicante-admin.qwair.com\/es\/wp-json\/wp\/v2\/product"}],"about":[{"href":"https:\/\/marqalicante-admin.qwair.com\/es\/wp-json\/wp\/v2\/types\/product"}],"wp:featuredmedia":[{"embeddable":true,"href":"https:\/\/marqalicante-admin.qwair.com\/es\/wp-json\/wp\/v2\/media\/18390"}],"wp:attachment":[{"href":"https:\/\/marqalicante-admin.qwair.com\/es\/wp-json\/wp\/v2\/media?parent=18565"}],"wp:term":[{"taxonomy":"product_brand","embeddable":true,"href":"https:\/\/marqalicante-admin.qwair.com\/es\/wp-json\/wp\/v2\/product_brand?post=18565"},{"taxonomy":"product_cat","embeddable":true,"href":"https:\/\/marqalicante-admin.qwair.com\/es\/wp-json\/wp\/v2\/product_cat?post=18565"},{"taxonomy":"product_tag","embeddable":true,"href":"https:\/\/marqalicante-admin.qwair.com\/es\/wp-json\/wp\/v2\/product_tag?post=18565"}],"curies":[{"name":"wp","href":"https:\/\/api.w.org\/{rel}","templated":true}]}}