{"id":18564,"date":"2025-02-03T07:09:32","date_gmt":"2025-02-03T07:09:32","guid":{"rendered":"https:\/\/marqalicante-admin.qwair.com\/item\/marq-arqueologia-y-museos-02-2\/"},"modified":"2025-06-04T16:33:21","modified_gmt":"2025-06-04T16:33:21","slug":"marq-arqueologia-y-museos-02-2","status":"publish","type":"product","link":"https:\/\/marqalicante-admin.qwair.com\/es\/producto\/marq-arqueologia-y-museos-02-2\/","title":{"rendered":"MARQ&#44; ARQUEOLOG\u00cdA Y MUSEOS 02"},"content":{"rendered":"<div class=\"documento-item\">\n                    <h2 class=\"documento-title\">Ideolog\u00eda&#044; arqueolog\u00eda<\/h2>\n        \n                    <p class=\"documento-subtitle\">Vicente Lull&#044; Rafael Mic\u00f3&#044; Cristina Rihuete Herrada&#044; Roberto Risch<\/p>\n        \n                    <a href=\"\/wp-content\/uploads\/2025\/01\/publi-revistas\/pub_25.pdf\" class=\"documento-btn\">\n                <i class=\"fas fa-file-pdf\"><\/i> Descargar PDF\n            <\/a>\n            <\/div>\n\n        \n    <div class=\"documento-item\">\n                    <h2 class=\"documento-title\">Los abrigos rupestres del Rac\u00f3 de Cort\u00e9s y de la Cova de la Romera (Orxeta&#044; Alicante): aportaciones al Arte Neol\u00edtico de las comarcas centro-meridionales valencianas<\/h2>\n        \n                    <p class=\"documento-subtitle\">Mar\u00eda Francia Galiana Botella&#044; Palmira Torregrosa Gim\u00e9nez<\/p>\n        \n                    <a href=\"\/wp-content\/uploads\/2025\/01\/publi-revistas\/pub_26.pdf\" class=\"documento-btn\">\n                <i class=\"fas fa-file-pdf\"><\/i> Descargar PDF\n            <\/a>\n            <\/div>\n\n        \n    <div class=\"documento-item\">\n                    <h2 class=\"documento-title\">Nuevas evidencias de la ocupaci\u00f3n de Benal\u00faa (Alicante) durante los siglos VI-VII dC<\/h2>\n        \n                    <p class=\"documento-subtitle\">Gabriel Lara Vives&#044; Jes\u00fas Garc\u00eda Guardiola&#044; Eduardo L\u00f3pez Segu\u00ed&#044; Cristina E. Rizo Ant\u00f3n&#044; Mar\u00eda Dolores S\u00e1nchez de Prado<\/p>\n        \n                    <a href=\"\/wp-content\/uploads\/2025\/01\/publi-revistas\/pub_35.pdf\" class=\"documento-btn\">\n                <i class=\"fas fa-file-pdf\"><\/i> Descargar PDF\n            <\/a>\n            <\/div>\n\n        \n    <div class=\"documento-item\">\n                    <h2 class=\"documento-title\">En torno al origen de las ense\u00f1as militares en la Antig\u00fcedad<\/h2>\n        \n                    <p class=\"documento-subtitle\">Fernando Quesada Sanz<\/p>\n        \n                    <a href=\"\/wp-content\/uploads\/2025\/01\/publi-revistas\/pub_36.pdf\" class=\"documento-btn\">\n                <i class=\"fas fa-file-pdf\"><\/i> Descargar PDF\n            <\/a>\n            <\/div>\n\n        \n    <div class=\"documento-item\">\n                    <h2 class=\"documento-title\">Le Castellar de Morera d\u2019Elche est il la Mad\u00eena d\u2019al-cAskar des textes arabes?<\/h2>\n        \n                    <p class=\"documento-subtitle\">Pierre Guichard<\/p>\n        \n                    <a href=\"\/wp-content\/uploads\/2025\/01\/publi-revistas\/pub_37.pdf\" class=\"documento-btn\">\n                <i class=\"fas fa-file-pdf\"><\/i> Descargar PDF\n            <\/a>\n            <\/div>\n\n        \n    <div class=\"documento-item\">\n                    <h2 class=\"documento-title\">Firmar la tinaja&#044; marcar la historia. Marcas y grafittis en las cer\u00e1micas de Santa Mar\u00eda de Alicante<\/h2>\n        \n                    <p class=\"documento-subtitle\">Jos\u00e9 Luis Menendez Fueyo<\/p>\n        \n                    <a href=\"\/wp-content\/uploads\/2025\/01\/publi-revistas\/pub_38.pdf\" class=\"documento-btn\">\n                <i class=\"fas fa-file-pdf\"><\/i> Descargar PDF\n            <\/a>\n            <\/div>\n\n        \n    <div class=\"documento-item\">\n                    <h2 class=\"documento-title\">En el 75 Aniversario del Museo Arqueol\u00f3gico de Alicante. Diez apuntes sobre su historia<\/h2>\n        \n                    <p class=\"documento-subtitle\">Manuel H. Olcina Dom\u00e8nech&#044; Jorge A. Soler D\u00edaz<\/p>\n        \n                    <a href=\"\/wp-content\/uploads\/2025\/01\/publi-revistas\/pub_39.pdf\" class=\"documento-btn\">\n                <i class=\"fas fa-file-pdf\"><\/i> Descargar PDF\n            <\/a>\n            <\/div>\n\n        \n    <div class=\"documento-item\">\n                    <h2 class=\"documento-title\">Un centro de interpretaci\u00f3n para el yacimiento paleol\u00edtico de Ambrona (Soria&#044; Espa\u00f1a)<\/h2>\n        \n                    <p class=\"documento-subtitle\">Manuel Santonja&#044; Alfredo P\u00e9rez-Gonz\u00e1lez<\/p>\n        \n                    <a href=\"\/wp-content\/uploads\/2025\/01\/publi-revistas\/pub_40.pdf\" class=\"documento-btn\">\n                <i class=\"fas fa-file-pdf\"><\/i> Descargar PDF\n            <\/a>\n            <\/div>\n\n        \n    <div class=\"documento-item\">\n                    <h2 class=\"documento-title\">MARQ. Memoria de actividades 2005-2006<\/h2>\n        \n                    <p class=\"documento-subtitle\">MARQ. Equipo T\u00e9cnico<\/p>\n        \n                    <a href=\"\/wp-content\/uploads\/2025\/01\/publi-revistas\/pub_41.pdf\" class=\"documento-btn\">\n                <i class=\"fas fa-file-pdf\"><\/i> Descargar PDF\n            <\/a>\n            <\/div>\n","protected":false},"excerpt":{"rendered":"<p>Publicaci\u00f3n peri\u00f3dica y sistem\u00e1tica sobre trabajos de investigaci\u00f3n arqueol\u00f3gica con art\u00edculos centrados en la pr\u00e1ctica propia de los museos&#44; para dar a conocer la investigaci\u00f3n del rico patrimonio arqueol\u00f3gico de Alicante 18 &#44; 00 euros<\/p>\n","protected":false},"featured_media":18389,"template":"","meta":{"kia_subtitle":""},"product_brand":[],"product_cat":[1365],"product_tag":[],"class_list":{"0":"post-18564","1":"product","2":"type-product","3":"status-publish","4":"has-post-thumbnail","6":"product_cat-marq-arqueologia-y-museos","8":"first","9":"instock","10":"virtual","11":"product-type-simple"},"meta_box":{"ia_expediente":"","ia_ano":"","ia_fechas_de_actuacion":"","ia_municipios_comarcas":"","ia_directores":"","ia_periodos_culturales":"","ia_tipos_de_intervencion":"","ia_equipo_tecnico":"","ia_autores":"","ia_promotores":"","ia_deposito_de_materiales":"","ia_coordenadas_utm":""},"_links":{"self":[{"href":"https:\/\/marqalicante-admin.qwair.com\/es\/wp-json\/wp\/v2\/product\/18564","targetHints":{"allow":["GET"]}}],"collection":[{"href":"https:\/\/marqalicante-admin.qwair.com\/es\/wp-json\/wp\/v2\/product"}],"about":[{"href":"https:\/\/marqalicante-admin.qwair.com\/es\/wp-json\/wp\/v2\/types\/product"}],"wp:featuredmedia":[{"embeddable":true,"href":"https:\/\/marqalicante-admin.qwair.com\/es\/wp-json\/wp\/v2\/media\/18389"}],"wp:attachment":[{"href":"https:\/\/marqalicante-admin.qwair.com\/es\/wp-json\/wp\/v2\/media?parent=18564"}],"wp:term":[{"taxonomy":"product_brand","embeddable":true,"href":"https:\/\/marqalicante-admin.qwair.com\/es\/wp-json\/wp\/v2\/product_brand?post=18564"},{"taxonomy":"product_cat","embeddable":true,"href":"https:\/\/marqalicante-admin.qwair.com\/es\/wp-json\/wp\/v2\/product_cat?post=18564"},{"taxonomy":"product_tag","embeddable":true,"href":"https:\/\/marqalicante-admin.qwair.com\/es\/wp-json\/wp\/v2\/product_tag?post=18564"}],"curies":[{"name":"wp","href":"https:\/\/api.w.org\/{rel}","templated":true}]}}