{"id":18549,"date":"2025-01-20T06:01:08","date_gmt":"2025-01-20T06:01:08","guid":{"rendered":"https:\/\/marqalicante-admin.qwair.com\/item\/el-secreto-del-barro-un-cantaro-neolitico-de-la-cova-den-pardo-de-planes\/"},"modified":"2025-06-04T16:33:20","modified_gmt":"2025-06-04T16:33:20","slug":"el-secreto-del-barro-un-cantaro-neolitico-de-la-cova-den-pardo-de-planes","status":"publish","type":"product","link":"https:\/\/marqalicante-admin.qwair.com\/es\/producto\/el-secreto-del-barro-un-cantaro-neolitico-de-la-cova-den-pardo-de-planes\/","title":{"rendered":"EL SECRETO DEL BARRO. UN C\u00c1NTARO NEOL\u00cdTICO DE LA COVA D&#8217;EN PARDO DE PLANES"},"content":{"rendered":"    \n    <div class=\"documento-item\">\n        \n        \n                    <a href=\"https:\/\/marqalicante.com\/contenido\/publicaciones\/pub2_12.pdf\" class=\"documento-btn\" target=\"_blank\" rel=\"noopener\">\n                <i class=\"fas fa-file-pdf\"><\/i> Descargar PDF\n            <\/a>\n            <\/div>\n\n    \n","protected":false},"excerpt":{"rendered":"<p>Estudio arqueom\u00e9trico de un singular vaso de cer\u00e1mica neol\u00edtico hallado en el yacimiento de la Cova d&#8217;En Pardo&#44; en el municipio alicantino de Planes&#44; y de su contexto cultural y arqueol\u00f3gico 15 euros<\/p>\n","protected":false},"featured_media":18374,"template":"","meta":{"kia_subtitle":""},"product_brand":[],"product_cat":[1397],"product_tag":[],"class_list":{"0":"post-18549","1":"product","2":"type-product","3":"status-publish","4":"has-post-thumbnail","6":"product_cat-publicaciones","8":"first","9":"instock","10":"virtual","11":"product-type-simple"},"meta_box":{"ia_expediente":"","ia_ano":"","ia_fechas_de_actuacion":"","ia_municipios_comarcas":"","ia_directores":"","ia_periodos_culturales":"","ia_tipos_de_intervencion":"","ia_equipo_tecnico":"","ia_autores":"","ia_promotores":"","ia_deposito_de_materiales":"","ia_coordenadas_utm":""},"_links":{"self":[{"href":"https:\/\/marqalicante-admin.qwair.com\/es\/wp-json\/wp\/v2\/product\/18549","targetHints":{"allow":["GET"]}}],"collection":[{"href":"https:\/\/marqalicante-admin.qwair.com\/es\/wp-json\/wp\/v2\/product"}],"about":[{"href":"https:\/\/marqalicante-admin.qwair.com\/es\/wp-json\/wp\/v2\/types\/product"}],"wp:featuredmedia":[{"embeddable":true,"href":"https:\/\/marqalicante-admin.qwair.com\/es\/wp-json\/wp\/v2\/media\/18374"}],"wp:attachment":[{"href":"https:\/\/marqalicante-admin.qwair.com\/es\/wp-json\/wp\/v2\/media?parent=18549"}],"wp:term":[{"taxonomy":"product_brand","embeddable":true,"href":"https:\/\/marqalicante-admin.qwair.com\/es\/wp-json\/wp\/v2\/product_brand?post=18549"},{"taxonomy":"product_cat","embeddable":true,"href":"https:\/\/marqalicante-admin.qwair.com\/es\/wp-json\/wp\/v2\/product_cat?post=18549"},{"taxonomy":"product_tag","embeddable":true,"href":"https:\/\/marqalicante-admin.qwair.com\/es\/wp-json\/wp\/v2\/product_tag?post=18549"}],"curies":[{"name":"wp","href":"https:\/\/api.w.org\/{rel}","templated":true}]}}