{"id":18546,"date":"2025-01-20T06:01:08","date_gmt":"2025-01-20T06:01:08","guid":{"rendered":"https:\/\/marqalicante-admin.qwair.com\/item\/crevillent-arqueologia-y-museo\/"},"modified":"2025-07-23T10:56:49","modified_gmt":"2025-07-23T10:56:49","slug":"crevillent-arqueologia-y-museo","status":"publish","type":"product","link":"https:\/\/marqalicante-admin.qwair.com\/es\/producto\/crevillent-arqueologia-y-museo\/","title":{"rendered":"CREVILLENT, ARQUEOLOG\u00cdA Y MUSEO"},"content":{"rendered":"    \n    <div class=\"documento-item\">\n                    <h2 class=\"documento-title\">Crevillent. Arqueolog\u00eda y Museo<\/h2>\n        \n        \n                    <a href=\"https:\/\/marqalicante-classic-admin.qwair.com\/contenido\/publicaciones\/pub_6.pdf\" class=\"documento-btn\" target=\"_blank\" rel=\"noopener\">\n                <i class=\"fas fa-file-pdf\"><\/i> Descargar PDF\n            <\/a>\n            <\/div>\n\n    \n<p>&nbsp;<\/p>\n","protected":false},"excerpt":{"rendered":"<p>Un recorrido por los fondos arqueol\u00f3gicos conservados en las colecciones del Museo Arqueol\u00f3gico Municipal de Crevillent. No est\u00e1 a la venta<\/p>\n","protected":false},"featured_media":18371,"template":"","meta":{"kia_subtitle":""},"product_brand":[],"product_cat":[1397],"product_tag":[],"class_list":{"0":"post-18546","1":"product","2":"type-product","3":"status-publish","4":"has-post-thumbnail","6":"product_cat-publicaciones","8":"first","9":"instock","10":"virtual","11":"product-type-simple"},"meta_box":{"ia_expediente":"","ia_ano":"","ia_fechas_de_actuacion":"","ia_municipios_comarcas":"","ia_directores":"","ia_periodos_culturales":"","ia_tipos_de_intervencion":"","ia_equipo_tecnico":"","ia_autores":"","ia_promotores":"","ia_deposito_de_materiales":"","ia_coordenadas_utm":""},"_links":{"self":[{"href":"https:\/\/marqalicante-admin.qwair.com\/es\/wp-json\/wp\/v2\/product\/18546","targetHints":{"allow":["GET"]}}],"collection":[{"href":"https:\/\/marqalicante-admin.qwair.com\/es\/wp-json\/wp\/v2\/product"}],"about":[{"href":"https:\/\/marqalicante-admin.qwair.com\/es\/wp-json\/wp\/v2\/types\/product"}],"wp:featuredmedia":[{"embeddable":true,"href":"https:\/\/marqalicante-admin.qwair.com\/es\/wp-json\/wp\/v2\/media\/18371"}],"wp:attachment":[{"href":"https:\/\/marqalicante-admin.qwair.com\/es\/wp-json\/wp\/v2\/media?parent=18546"}],"wp:term":[{"taxonomy":"product_brand","embeddable":true,"href":"https:\/\/marqalicante-admin.qwair.com\/es\/wp-json\/wp\/v2\/product_brand?post=18546"},{"taxonomy":"product_cat","embeddable":true,"href":"https:\/\/marqalicante-admin.qwair.com\/es\/wp-json\/wp\/v2\/product_cat?post=18546"},{"taxonomy":"product_tag","embeddable":true,"href":"https:\/\/marqalicante-admin.qwair.com\/es\/wp-json\/wp\/v2\/product_tag?post=18546"}],"curies":[{"name":"wp","href":"https:\/\/api.w.org\/{rel}","templated":true}]}}