{"id":45811,"date":"2025-05-16T06:32:22","date_gmt":"2025-05-16T06:32:22","guid":{"rendered":"https:\/\/marqalicante-admin.qwair.com\/producto\/el-poblamiento-rural-andalusi-en-el-valle-medio-del-vinalopo-resultados-de-las-prospecciones-arqueologicas-en-la-alqueria-de-puca-petrer-alicante\/"},"modified":"2025-06-04T16:24:41","modified_gmt":"2025-06-04T16:24:41","slug":"el-poblamiento-rural-andalusi-en-el-valle-medio-del-vinalopo-resultados-de-las-prospecciones-arqueologicas-en-la-alqueria-de-puca-petrer-alicante","status":"publish","type":"product","link":"https:\/\/marqalicante-admin.qwair.com\/en\/product\/el-poblamiento-rural-andalusi-en-el-valle-medio-del-vinalopo-resultados-de-las-prospecciones-arqueologicas-en-la-alqueria-de-puca-petrer-alicante\/","title":{"rendered":"The Andalusian rural settlement in the middle Vinalop\u00f3 valley: Results of the archaeological surveys in the Alquer\u00eda de Pu\u00e7a (Petrer, Alicante)."},"content":{"rendered":"<div class=\"documento-item\">\n                    <h2 class=\"documento-title\">The Andalusian rural settlement in the middle Vinalop\u00f3 valley: Results of the archaeological surveys in the Alquer\u00eda de Pu\u00e7a (Petrer, Alicante).<\/h2>\n        \n                    <p class=\"documento-subtitle\">Jos\u00e9 Mar\u00eda Moreno Narganes, Joaqu\u00edn Pina Mira, Pedro Jos\u00e9 Saura Gil, Fernando E. Tendero Fern\u00e1ndez, Jos\u00e9 Daniel Busquier L\u00f3pez, Arturo Garc\u00eda L\u00f3pez, Raquel P\u00e9rez Serrano<\/p>\n        \n                    <a href=\"https:\/\/marqalicante.com\/contenido\/particulos\/pub_221.pdf\" class=\"documento-btn\" target=\"_blank\" rel=\"noopener\">\n                <i class=\"fas fa-file-pdf\"><\/i> Download PDF\n            <\/a>\n            <\/div>","protected":false},"excerpt":{"rendered":"<p>This research aims to enrich the knowledge of the Andalusian settlement in the middle Vinalop\u00f3 valley through the study of a farmhouse located on its banks. In this way, we seek to complete past proposals regarding the territorial organisation defined on the basis of the fortified centres (\u1e25u\u1e63\u016bn), which could not be explained without a network of farmhouses (qur\u0101) with an agrarian vocation within a larger territorial and political system. The Pu\u00e7a farmhouse will be approached on the basis of an intensive survey and the study of documented materials that will allow us to make proposals about its urban and chronological characteristics. This study has a historical perspective in the longue dur\u00e9e, forming part of one of the objectives of the General Research Plan \"The territory of Bitrir\/Petrer (10th-15th centuries). Towards the origins of a medieval landscape (Petrer, Alicante)\".<\/p>","protected":false},"featured_media":45873,"template":"","meta":{"kia_subtitle":""},"product_brand":[],"product_cat":[2913],"product_tag":[],"class_list":{"0":"post-45811","1":"product","2":"type-product","3":"status-publish","4":"has-post-thumbnail","6":"product_cat-articulos","8":"first","9":"instock","10":"virtual","11":"product-type-simple"},"meta_box":{"ia_expediente":"","ia_ano":"","ia_fechas_de_actuacion":"","ia_municipios_comarcas":"","ia_directores":"","ia_periodos_culturales":"","ia_tipos_de_intervencion":"","ia_equipo_tecnico":"","ia_autores":"","ia_promotores":"","ia_deposito_de_materiales":"","ia_coordenadas_utm":""},"_links":{"self":[{"href":"https:\/\/marqalicante-admin.qwair.com\/en\/wp-json\/wp\/v2\/product\/45811","targetHints":{"allow":["GET"]}}],"collection":[{"href":"https:\/\/marqalicante-admin.qwair.com\/en\/wp-json\/wp\/v2\/product"}],"about":[{"href":"https:\/\/marqalicante-admin.qwair.com\/en\/wp-json\/wp\/v2\/types\/product"}],"wp:featuredmedia":[{"embeddable":true,"href":"https:\/\/marqalicante-admin.qwair.com\/en\/wp-json\/wp\/v2\/media\/45873"}],"wp:attachment":[{"href":"https:\/\/marqalicante-admin.qwair.com\/en\/wp-json\/wp\/v2\/media?parent=45811"}],"wp:term":[{"taxonomy":"product_brand","embeddable":true,"href":"https:\/\/marqalicante-admin.qwair.com\/en\/wp-json\/wp\/v2\/product_brand?post=45811"},{"taxonomy":"product_cat","embeddable":true,"href":"https:\/\/marqalicante-admin.qwair.com\/en\/wp-json\/wp\/v2\/product_cat?post=45811"},{"taxonomy":"product_tag","embeddable":true,"href":"https:\/\/marqalicante-admin.qwair.com\/en\/wp-json\/wp\/v2\/product_tag?post=45811"}],"curies":[{"name":"wp","href":"https:\/\/api.w.org\/{rel}","templated":true}]}}