{"id":45810,"date":"2025-05-16T06:32:21","date_gmt":"2025-05-16T06:32:21","guid":{"rendered":"https:\/\/marqalicante-admin.qwair.com\/producto\/recuperacion-y-puesta-en-valor-de-tres-broches-de-cinturon-de-bronce-de-la-necropolis-de-lalbufereta-alicante-a-partir-del-proceso-de-restauracion\/"},"modified":"2025-06-04T16:24:41","modified_gmt":"2025-06-04T16:24:41","slug":"recuperacion-y-puesta-en-valor-de-tres-broches-de-cinturon-de-bronce-de-la-necropolis-de-lalbufereta-alicante-a-partir-del-proceso-de-restauracion","status":"publish","type":"product","link":"https:\/\/marqalicante-admin.qwair.com\/en\/product\/recuperacion-y-puesta-en-valor-de-tres-broches-de-cinturon-de-bronce-de-la-necropolis-de-lalbufereta-alicante-a-partir-del-proceso-de-restauracion\/","title":{"rendered":"Recovery and enhancement of three bronze belt brooches from the necropolis of l'Albufereta (Alicante) from the restoration process."},"content":{"rendered":"<div class=\"documento-item\">\n                    <h2 class=\"documento-title\">Recovery and enhancement of three bronze belt brooches from the necropolis of l'Albufereta (Alicante) from the restoration process.<\/h2>\n        \n                    <p class=\"documento-subtitle\">Enric Verd\u00fa Parra, Tatiana Mar\u00eda Mart\u00ednez Riera, Silvia Roca Alberola<\/p>\n        \n                    <a href=\"https:\/\/marqalicante.com\/contenido\/particulos\/pub_220.pdf\" class=\"documento-btn\" target=\"_blank\" rel=\"noopener\">\n                <i class=\"fas fa-file-pdf\"><\/i> Download PDF\n            <\/a>\n            <\/div>","protected":false},"excerpt":{"rendered":"<p>During the archaeological excavations carried out in the necropolis of lAlbufereta (Alicante) in the 1930s, three bronze belt brooches in the form of a rectangular plate were found, which were soon subjected to a restoration process with the aim of being exhibited in the display cases of the Provincial Archaeological Museum. At present, the conservation and restoration processes recently carried out in the Restoration Laboratory as part of the regular programme of revision and conservation of the materials in the collections of the MARQ Archaeological Museum of Alicante, have given rise to a number of new findings.<br \/>an interest in its re-study.<\/p>","protected":false},"featured_media":45873,"template":"","meta":{"kia_subtitle":""},"product_brand":[],"product_cat":[2913],"product_tag":[],"class_list":{"0":"post-45810","1":"product","2":"type-product","3":"status-publish","4":"has-post-thumbnail","6":"product_cat-articulos","8":"first","9":"instock","10":"virtual","11":"product-type-simple"},"meta_box":{"ia_expediente":"","ia_ano":"","ia_fechas_de_actuacion":"","ia_municipios_comarcas":"","ia_directores":"","ia_periodos_culturales":"","ia_tipos_de_intervencion":"","ia_equipo_tecnico":"","ia_autores":"","ia_promotores":"","ia_deposito_de_materiales":"","ia_coordenadas_utm":""},"_links":{"self":[{"href":"https:\/\/marqalicante-admin.qwair.com\/en\/wp-json\/wp\/v2\/product\/45810","targetHints":{"allow":["GET"]}}],"collection":[{"href":"https:\/\/marqalicante-admin.qwair.com\/en\/wp-json\/wp\/v2\/product"}],"about":[{"href":"https:\/\/marqalicante-admin.qwair.com\/en\/wp-json\/wp\/v2\/types\/product"}],"wp:featuredmedia":[{"embeddable":true,"href":"https:\/\/marqalicante-admin.qwair.com\/en\/wp-json\/wp\/v2\/media\/45873"}],"wp:attachment":[{"href":"https:\/\/marqalicante-admin.qwair.com\/en\/wp-json\/wp\/v2\/media?parent=45810"}],"wp:term":[{"taxonomy":"product_brand","embeddable":true,"href":"https:\/\/marqalicante-admin.qwair.com\/en\/wp-json\/wp\/v2\/product_brand?post=45810"},{"taxonomy":"product_cat","embeddable":true,"href":"https:\/\/marqalicante-admin.qwair.com\/en\/wp-json\/wp\/v2\/product_cat?post=45810"},{"taxonomy":"product_tag","embeddable":true,"href":"https:\/\/marqalicante-admin.qwair.com\/en\/wp-json\/wp\/v2\/product_tag?post=45810"}],"curies":[{"name":"wp","href":"https:\/\/api.w.org\/{rel}","templated":true}]}}