{"id":45768,"date":"2025-05-16T06:32:07","date_gmt":"2025-05-16T06:32:07","guid":{"rendered":"https:\/\/marqalicante-admin.qwair.com\/producto\/la-explotacion-agricola-y-forestal-en-el-entorno-del-cabezo-pardo-san-isidro-granja-de-rocamora-alicante-los-restos-vegetales-de-los-niveles-emirales\/"},"modified":"2025-06-04T16:24:33","modified_gmt":"2025-06-04T16:24:33","slug":"la-explotacion-agricola-y-forestal-en-el-entorno-del-cabezo-pardo-san-isidro-granja-de-rocamora-alicante-los-restos-vegetales-de-los-niveles-emirales","status":"publish","type":"product","link":"https:\/\/marqalicante-admin.qwair.com\/en\/product\/la-explotacion-agricola-y-forestal-en-el-entorno-del-cabezo-pardo-san-isidro-granja-de-rocamora-alicante-los-restos-vegetales-de-los-niveles-emirales\/","title":{"rendered":"Agricultural and forestry exploitation in the area around Cabezo Pardo (San Isidro-Granja de Rocamora, Alicante): plant remains from the emirial levels."},"content":{"rendered":"<div class=\"documento-item\">\n                    <h2 class=\"documento-title\">Agricultural and forestry exploitation in the area around Cabezo Pardo (San Isidro-Granja de Rocamora, Alicante): plant remains from the emirial levels.<\/h2>\n        \n                    <p class=\"documento-subtitle\">Yolanda Carri\u00f3n Marco, Guillem P\u00e9rez-Jord\u00e0, M\u00aa Teresa Xim\u00e9nez de Emb\u00fan S\u00e1nchez<\/p>\n        \n                    <a href=\"https:\/\/marqalicante.com\/contenido\/particulos\/pub_178.pdf\" class=\"documento-btn\" target=\"_blank\" rel=\"noopener\">\n                <i class=\"fas fa-file-pdf\"><\/i> Download PDF\n            <\/a>\n            <\/div>","protected":false},"excerpt":{"rendered":"<p>The results of the analysis of the plant remains from the emirial levels of the Cabezo Pardo site are presented. The material recovered includes charcoal and seeds from various structures in the farmstead. Although an area of habitation has been documented on the hill, with hearths and dumps, the storage function of the site stands out, with silos and large buildings. The plant remains associated with these structures indicate the exploitation of plants from the surrounding area for various purposes, including fuel, construction and food.<\/p>","protected":false},"featured_media":45873,"template":"","meta":{"kia_subtitle":""},"product_brand":[],"product_cat":[2913],"product_tag":[],"class_list":{"0":"post-45768","1":"product","2":"type-product","3":"status-publish","4":"has-post-thumbnail","6":"product_cat-articulos","8":"first","9":"instock","10":"virtual","11":"product-type-simple"},"meta_box":{"ia_expediente":"","ia_ano":"","ia_fechas_de_actuacion":"","ia_municipios_comarcas":"","ia_directores":"","ia_periodos_culturales":"","ia_tipos_de_intervencion":"","ia_equipo_tecnico":"","ia_autores":"","ia_promotores":"","ia_deposito_de_materiales":"","ia_coordenadas_utm":""},"_links":{"self":[{"href":"https:\/\/marqalicante-admin.qwair.com\/en\/wp-json\/wp\/v2\/product\/45768","targetHints":{"allow":["GET"]}}],"collection":[{"href":"https:\/\/marqalicante-admin.qwair.com\/en\/wp-json\/wp\/v2\/product"}],"about":[{"href":"https:\/\/marqalicante-admin.qwair.com\/en\/wp-json\/wp\/v2\/types\/product"}],"wp:featuredmedia":[{"embeddable":true,"href":"https:\/\/marqalicante-admin.qwair.com\/en\/wp-json\/wp\/v2\/media\/45873"}],"wp:attachment":[{"href":"https:\/\/marqalicante-admin.qwair.com\/en\/wp-json\/wp\/v2\/media?parent=45768"}],"wp:term":[{"taxonomy":"product_brand","embeddable":true,"href":"https:\/\/marqalicante-admin.qwair.com\/en\/wp-json\/wp\/v2\/product_brand?post=45768"},{"taxonomy":"product_cat","embeddable":true,"href":"https:\/\/marqalicante-admin.qwair.com\/en\/wp-json\/wp\/v2\/product_cat?post=45768"},{"taxonomy":"product_tag","embeddable":true,"href":"https:\/\/marqalicante-admin.qwair.com\/en\/wp-json\/wp\/v2\/product_tag?post=45768"}],"curies":[{"name":"wp","href":"https:\/\/api.w.org\/{rel}","templated":true}]}}