{"id":45762,"date":"2025-05-16T06:32:05","date_gmt":"2025-05-16T06:32:05","guid":{"rendered":"https:\/\/marqalicante-admin.qwair.com\/producto\/el-museo-provincial-de-alicante-y-su-ocupacion-durante-la-guerra-civil-espanola-por-el-servicio-de-recuperacion-y-defensa-del-patrimonio-artistico-nacional\/"},"modified":"2025-06-04T16:24:32","modified_gmt":"2025-06-04T16:24:32","slug":"el-museo-provincial-de-alicante-y-su-ocupacion-durante-la-guerra-civil-espanola-por-el-servicio-de-recuperacion-y-defensa-del-patrimonio-artistico-nacional","status":"publish","type":"product","link":"https:\/\/marqalicante-admin.qwair.com\/en\/product\/el-museo-provincial-de-alicante-y-su-ocupacion-durante-la-guerra-civil-espanola-por-el-servicio-de-recuperacion-y-defensa-del-patrimonio-artistico-nacional\/","title":{"rendered":"The Provincial Museum of Alicante and its occupation during the Spanish Civil War by the Service for the Recovery and Defence of National Artistic Heritage."},"content":{"rendered":"<div class=\"documento-item\">\n                    <h2 class=\"documento-title\">The Provincial Museum of Alicante and its occupation during the Spanish Civil War by the Service for the Recovery and Defence of National Artistic Heritage.<\/h2>\n        \n                    <p class=\"documento-subtitle\">Santiago Olcina Lagos<\/p>\n        \n                    <a href=\"https:\/\/marqalicante.com\/contenido\/particulos\/pub_172.pdf\" class=\"documento-btn\" target=\"_blank\" rel=\"noopener\">\n                <i class=\"fas fa-file-pdf\"><\/i> Download PDF\n            <\/a>\n            <\/div>","protected":false},"excerpt":{"rendered":"<p>During the Spanish Civil War and the early years of Francoism, the Provincial Museum of Alicante was occupied by the National Artistic Heritage Recovery Service. An entity created by the Ministry of National Education with the aim of recovering and returning the heritage seized by the Junta de Incautaci\u00f3n y Protecci\u00f3n del Patrimonio Art\u00edstico del bando republicano (Board for the Seizure and Protection of the Artistic Heritage of the Republican side). This article provides an approach to the development and scale of this event thanks to the documentation generated by the Service.<\/p>","protected":false},"featured_media":45873,"template":"","meta":{"kia_subtitle":""},"product_brand":[],"product_cat":[2913],"product_tag":[],"class_list":{"0":"post-45762","1":"product","2":"type-product","3":"status-publish","4":"has-post-thumbnail","6":"product_cat-articulos","8":"first","9":"instock","10":"virtual","11":"product-type-simple"},"meta_box":{"ia_expediente":"","ia_ano":"","ia_fechas_de_actuacion":"","ia_municipios_comarcas":"","ia_directores":"","ia_periodos_culturales":"","ia_tipos_de_intervencion":"","ia_equipo_tecnico":"","ia_autores":"","ia_promotores":"","ia_deposito_de_materiales":"","ia_coordenadas_utm":""},"_links":{"self":[{"href":"https:\/\/marqalicante-admin.qwair.com\/en\/wp-json\/wp\/v2\/product\/45762","targetHints":{"allow":["GET"]}}],"collection":[{"href":"https:\/\/marqalicante-admin.qwair.com\/en\/wp-json\/wp\/v2\/product"}],"about":[{"href":"https:\/\/marqalicante-admin.qwair.com\/en\/wp-json\/wp\/v2\/types\/product"}],"wp:featuredmedia":[{"embeddable":true,"href":"https:\/\/marqalicante-admin.qwair.com\/en\/wp-json\/wp\/v2\/media\/45873"}],"wp:attachment":[{"href":"https:\/\/marqalicante-admin.qwair.com\/en\/wp-json\/wp\/v2\/media?parent=45762"}],"wp:term":[{"taxonomy":"product_brand","embeddable":true,"href":"https:\/\/marqalicante-admin.qwair.com\/en\/wp-json\/wp\/v2\/product_brand?post=45762"},{"taxonomy":"product_cat","embeddable":true,"href":"https:\/\/marqalicante-admin.qwair.com\/en\/wp-json\/wp\/v2\/product_cat?post=45762"},{"taxonomy":"product_tag","embeddable":true,"href":"https:\/\/marqalicante-admin.qwair.com\/en\/wp-json\/wp\/v2\/product_tag?post=45762"}],"curies":[{"name":"wp","href":"https:\/\/api.w.org\/{rel}","templated":true}]}}