{"id":45755,"date":"2025-05-16T06:32:03","date_gmt":"2025-05-16T06:32:03","guid":{"rendered":"https:\/\/marqalicante-admin.qwair.com\/producto\/los-hornos-de-yeso-del-cerro-del-sastre-en-sax-alicante-primera-intervencion-para-su-puesta-en-valor\/"},"modified":"2025-06-04T16:24:31","modified_gmt":"2025-06-04T16:24:31","slug":"los-hornos-de-yeso-del-cerro-del-sastre-en-sax-alicante-primera-intervencion-para-su-puesta-en-valor","status":"publish","type":"product","link":"https:\/\/marqalicante-admin.qwair.com\/en\/product\/los-hornos-de-yeso-del-cerro-del-sastre-en-sax-alicante-primera-intervencion-para-su-puesta-en-valor\/","title":{"rendered":"The Cerro del Sastre plaster ovens in Sax (Alicante). First intervention to enhance their value"},"content":{"rendered":"<div class=\"documento-item\">\n                    <h2 class=\"documento-title\">The Cerro del Sastre plaster ovens in Sax (Alicante). First intervention to enhance their value<\/h2>\n        \n                    <p class=\"documento-subtitle\">Jos\u00e9 Ram\u00f3n Ortega P\u00e9rez, Jaime M. Giner Mart\u00ednez, Marco Aurelio Esquembre Bebia, Leticia Requena P\u00e9rez<\/p>\n        \n                    <a href=\"https:\/\/marqalicante.com\/contenido\/particulos\/pub_165.pdf\" class=\"documento-btn\" target=\"_blank\" rel=\"noopener\">\n                <i class=\"fas fa-file-pdf\"><\/i> Download PDF\n            <\/a>\n            <\/div>","protected":false},"excerpt":{"rendered":"<p>In the north-western part of the municipality of Sax (Alicante), most of the old gypsum plaster works are located.<br \/>The site is located in the Keuper geological belt, which is rich in gypsum and Triassic clays. The gypsum kilns<br \/>of the Cabezo del Sastre are an artisan-industrial complex, in which heritage recovery has begun with cleaning,<br \/>excavation, as well as the reconstruction of the adjoining rooms. Most importantly, the following guidelines have been established<br \/>in the future in order to achieve a comprehensive environmental and cultural heritage recovery of the whole complex.<\/p>","protected":false},"featured_media":45873,"template":"","meta":{"kia_subtitle":""},"product_brand":[],"product_cat":[2913],"product_tag":[],"class_list":{"0":"post-45755","1":"product","2":"type-product","3":"status-publish","4":"has-post-thumbnail","6":"product_cat-articulos","8":"first","9":"instock","10":"virtual","11":"product-type-simple"},"meta_box":{"ia_expediente":"","ia_ano":"","ia_fechas_de_actuacion":"","ia_municipios_comarcas":"","ia_directores":"","ia_periodos_culturales":"","ia_tipos_de_intervencion":"","ia_equipo_tecnico":"","ia_autores":"","ia_promotores":"","ia_deposito_de_materiales":"","ia_coordenadas_utm":""},"_links":{"self":[{"href":"https:\/\/marqalicante-admin.qwair.com\/en\/wp-json\/wp\/v2\/product\/45755","targetHints":{"allow":["GET"]}}],"collection":[{"href":"https:\/\/marqalicante-admin.qwair.com\/en\/wp-json\/wp\/v2\/product"}],"about":[{"href":"https:\/\/marqalicante-admin.qwair.com\/en\/wp-json\/wp\/v2\/types\/product"}],"wp:featuredmedia":[{"embeddable":true,"href":"https:\/\/marqalicante-admin.qwair.com\/en\/wp-json\/wp\/v2\/media\/45873"}],"wp:attachment":[{"href":"https:\/\/marqalicante-admin.qwair.com\/en\/wp-json\/wp\/v2\/media?parent=45755"}],"wp:term":[{"taxonomy":"product_brand","embeddable":true,"href":"https:\/\/marqalicante-admin.qwair.com\/en\/wp-json\/wp\/v2\/product_brand?post=45755"},{"taxonomy":"product_cat","embeddable":true,"href":"https:\/\/marqalicante-admin.qwair.com\/en\/wp-json\/wp\/v2\/product_cat?post=45755"},{"taxonomy":"product_tag","embeddable":true,"href":"https:\/\/marqalicante-admin.qwair.com\/en\/wp-json\/wp\/v2\/product_tag?post=45755"}],"curies":[{"name":"wp","href":"https:\/\/api.w.org\/{rel}","templated":true}]}}