{"id":45748,"date":"2025-05-16T06:31:59","date_gmt":"2025-05-16T06:31:59","guid":{"rendered":"https:\/\/marqalicante-admin.qwair.com\/producto\/seguimiento-arqueologico-de-las-obras-de-pavimentacion-del-nucleo-urbano-de-la-isla-de-tabarca-alicante\/"},"modified":"2025-06-04T16:24:29","modified_gmt":"2025-06-04T16:24:29","slug":"seguimiento-arqueologico-de-las-obras-de-pavimentacion-del-nucleo-urbano-de-la-isla-de-tabarca-alicante","status":"publish","type":"product","link":"https:\/\/marqalicante-admin.qwair.com\/en\/product\/seguimiento-arqueologico-de-las-obras-de-pavimentacion-del-nucleo-urbano-de-la-isla-de-tabarca-alicante\/","title":{"rendered":"Archaeological monitoring of the paving works in the urban centre of Tabarca Island (Alicante)."},"content":{"rendered":"<div class=\"documento-item\">\n                    <h2 class=\"documento-title\">Archaeological monitoring of the paving works in the urban centre of Tabarca Island (Alicante).<\/h2>\n        \n                    <p class=\"documento-subtitle\">Francisco Andr\u00e9s Molina Mas, Jos\u00e9 Ram\u00f3n Ortega P\u00e9rez, Marco Aurelio Esquembre Bebia and Jos\u00e9 Manuel P\u00e9rez Burgos<\/p>\n        \n                    <a href=\"https:\/\/marqalicante.com\/contenido\/particulos\/pub_158.pdf\" class=\"documento-btn\" target=\"_blank\" rel=\"noopener\">\n                <i class=\"fas fa-file-pdf\"><\/i> Download PDF\n            <\/a>\n            <\/div>","protected":false},"excerpt":{"rendered":"<p>The archaeological monitoring carried out in parallel to the paving works in the urban centre of the Isla de<br \/>Tabarca, has led to the discovery of archaeological remains in the urbanised area. Seven archaeological remains have been documented<br \/>dumping areas with materials from the Late Roman period (5th century), an 18th century pebble pavement on the<br \/>Pla\u00e7a Gran and the remains of another to the west of the town centre, two sections of the wall's parapet and scattered materials.<br \/>mainly from the 18th-20th centuries.<\/p>","protected":false},"featured_media":45873,"template":"","meta":{"kia_subtitle":""},"product_brand":[],"product_cat":[2913],"product_tag":[],"class_list":{"0":"post-45748","1":"product","2":"type-product","3":"status-publish","4":"has-post-thumbnail","6":"product_cat-articulos","8":"first","9":"instock","10":"virtual","11":"product-type-simple"},"meta_box":{"ia_expediente":"","ia_ano":"","ia_fechas_de_actuacion":"","ia_municipios_comarcas":"","ia_directores":"","ia_periodos_culturales":"","ia_tipos_de_intervencion":"","ia_equipo_tecnico":"","ia_autores":"","ia_promotores":"","ia_deposito_de_materiales":"","ia_coordenadas_utm":""},"_links":{"self":[{"href":"https:\/\/marqalicante-admin.qwair.com\/en\/wp-json\/wp\/v2\/product\/45748","targetHints":{"allow":["GET"]}}],"collection":[{"href":"https:\/\/marqalicante-admin.qwair.com\/en\/wp-json\/wp\/v2\/product"}],"about":[{"href":"https:\/\/marqalicante-admin.qwair.com\/en\/wp-json\/wp\/v2\/types\/product"}],"wp:featuredmedia":[{"embeddable":true,"href":"https:\/\/marqalicante-admin.qwair.com\/en\/wp-json\/wp\/v2\/media\/45873"}],"wp:attachment":[{"href":"https:\/\/marqalicante-admin.qwair.com\/en\/wp-json\/wp\/v2\/media?parent=45748"}],"wp:term":[{"taxonomy":"product_brand","embeddable":true,"href":"https:\/\/marqalicante-admin.qwair.com\/en\/wp-json\/wp\/v2\/product_brand?post=45748"},{"taxonomy":"product_cat","embeddable":true,"href":"https:\/\/marqalicante-admin.qwair.com\/en\/wp-json\/wp\/v2\/product_cat?post=45748"},{"taxonomy":"product_tag","embeddable":true,"href":"https:\/\/marqalicante-admin.qwair.com\/en\/wp-json\/wp\/v2\/product_tag?post=45748"}],"curies":[{"name":"wp","href":"https:\/\/api.w.org\/{rel}","templated":true}]}}