{"id":45743,"date":"2025-05-16T06:31:57","date_gmt":"2025-05-16T06:31:57","guid":{"rendered":"https:\/\/marqalicante-admin.qwair.com\/producto\/intervencion-arqueologica-en-la-apertura-de-c-castillo-castillo-del-aljau-aspe-alicante\/"},"modified":"2025-06-04T16:24:28","modified_gmt":"2025-06-04T16:24:28","slug":"intervencion-arqueologica-en-la-apertura-de-c-castillo-castillo-del-aljau-aspe-alicante","status":"publish","type":"product","link":"https:\/\/marqalicante-admin.qwair.com\/en\/product\/intervencion-arqueologica-en-la-apertura-de-c-castillo-castillo-del-aljau-aspe-alicante\/","title":{"rendered":"Archaeological intervention in the opening of c\/ Castillo. Castillo del Aljau (Aspe, Alicante)"},"content":{"rendered":"<div class=\"documento-item\">\n                    <h2 class=\"documento-title\">Archaeological intervention in the opening of c\/ Castillo. Castillo del Aljau (Aspe, Alicante)<\/h2>\n        \n                    <p class=\"documento-subtitle\">Jos\u00e9 Ram\u00f3n Ortega P\u00e9rez, Inmaculada Reina G\u00f3mez, Marco Aurelio Esquembre Bebia<\/p>\n        \n                    <a href=\"https:\/\/marqalicante.com\/contenido\/particulos\/pub_153.pdf\" class=\"documento-btn\" target=\"_blank\" rel=\"noopener\">\n                <i class=\"fas fa-file-pdf\"><\/i> Download PDF\n            <\/a>\n            <\/div>","protected":false},"excerpt":{"rendered":"<p>In 2010 an archaeological intervention was carried out, promoted by the Aspe Town Council, in the framework of the extension of the C\/Castillo, in the northern area of the municipality of Aspe (Alicante). A first phase of archaeological soundings was carried out, which were positive at the archaeological level.<br \/>concentrated in the central area. The result has been the discovery of a fortification and an annexed settlement, the Castillo y Arrabal del Aljau, which developed between the 14th and 17th centuries.<\/p>","protected":false},"featured_media":45873,"template":"","meta":{"kia_subtitle":""},"product_brand":[],"product_cat":[2913],"product_tag":[],"class_list":{"0":"post-45743","1":"product","2":"type-product","3":"status-publish","4":"has-post-thumbnail","6":"product_cat-articulos","8":"first","9":"instock","10":"virtual","11":"product-type-simple"},"meta_box":{"ia_expediente":"","ia_ano":"","ia_fechas_de_actuacion":"","ia_municipios_comarcas":"","ia_directores":"","ia_periodos_culturales":"","ia_tipos_de_intervencion":"","ia_equipo_tecnico":"","ia_autores":"","ia_promotores":"","ia_deposito_de_materiales":"","ia_coordenadas_utm":""},"_links":{"self":[{"href":"https:\/\/marqalicante-admin.qwair.com\/en\/wp-json\/wp\/v2\/product\/45743","targetHints":{"allow":["GET"]}}],"collection":[{"href":"https:\/\/marqalicante-admin.qwair.com\/en\/wp-json\/wp\/v2\/product"}],"about":[{"href":"https:\/\/marqalicante-admin.qwair.com\/en\/wp-json\/wp\/v2\/types\/product"}],"wp:featuredmedia":[{"embeddable":true,"href":"https:\/\/marqalicante-admin.qwair.com\/en\/wp-json\/wp\/v2\/media\/45873"}],"wp:attachment":[{"href":"https:\/\/marqalicante-admin.qwair.com\/en\/wp-json\/wp\/v2\/media?parent=45743"}],"wp:term":[{"taxonomy":"product_brand","embeddable":true,"href":"https:\/\/marqalicante-admin.qwair.com\/en\/wp-json\/wp\/v2\/product_brand?post=45743"},{"taxonomy":"product_cat","embeddable":true,"href":"https:\/\/marqalicante-admin.qwair.com\/en\/wp-json\/wp\/v2\/product_cat?post=45743"},{"taxonomy":"product_tag","embeddable":true,"href":"https:\/\/marqalicante-admin.qwair.com\/en\/wp-json\/wp\/v2\/product_tag?post=45743"}],"curies":[{"name":"wp","href":"https:\/\/api.w.org\/{rel}","templated":true}]}}