{"id":45734,"date":"2025-05-16T06:31:54","date_gmt":"2025-05-16T06:31:54","guid":{"rendered":"https:\/\/marqalicante-admin.qwair.com\/producto\/excavaciones-arqueologicas-en-el-poblado-iberico-de-la-escuera-san-fulgencio-bajo-segura-nuevos-datos-sobre-su-acceso-sur-y-su-relacion-con-el-complejo-sacro\/"},"modified":"2025-06-04T16:24:27","modified_gmt":"2025-06-04T16:24:27","slug":"excavaciones-arqueologicas-en-el-poblado-iberico-de-la-escuera-san-fulgencio-bajo-segura-nuevos-datos-sobre-su-acceso-sur-y-su-relacion-con-el-complejo-sacro","status":"publish","type":"product","link":"https:\/\/marqalicante-admin.qwair.com\/en\/product\/excavaciones-arqueologicas-en-el-poblado-iberico-de-la-escuera-san-fulgencio-bajo-segura-nuevos-datos-sobre-su-acceso-sur-y-su-relacion-con-el-complejo-sacro\/","title":{"rendered":"Archaeological excavations in the Iberian settlement of La Escuera (San Fulgencio, Bajo Segura): new data on its southern access and its relationship with the sacred complex."},"content":{"rendered":"<div class=\"documento-item\">\n                    <h2 class=\"documento-title\">Archaeological excavations in the Iberian settlement of La Escuera (San Fulgencio, Bajo Segura): new data on its southern access and its relationship with the sacred complex.<\/h2>\n        \n                    <p class=\"documento-subtitle\">Lorenzo Abad Casal, Feliciana Sala Sell\u00e9s and Jes\u00fas Moratalla J\u00e1vega<\/p>\n        \n                    <a href=\"https:\/\/marqalicante.com\/contenido\/particulos\/pub_144.pdf\" class=\"documento-btn\" target=\"_blank\" rel=\"noopener\">\n                <i class=\"fas fa-file-pdf\"><\/i> Download PDF\n            <\/a>\n            <\/div>","protected":false},"excerpt":{"rendered":"<p>First advance of the new results achieved in the excavation campaigns from 2010 to 2012 carried out in the Iberian settlement, specifically in the sector that concerns the southern gate of the oppidum and, immediately to the east, the space between the temple discovered by S. Nordstr\u00f6m and the cuts opened by L. Abad in 1984 and 1985. The aim is to exhume the western fa\u00e7ade of the sacred building and to observe its relationship with the street that starts from the gate.<\/p>","protected":false},"featured_media":45873,"template":"","meta":{"kia_subtitle":""},"product_brand":[],"product_cat":[2913],"product_tag":[],"class_list":{"0":"post-45734","1":"product","2":"type-product","3":"status-publish","4":"has-post-thumbnail","6":"product_cat-articulos","8":"first","9":"instock","10":"virtual","11":"product-type-simple"},"meta_box":{"ia_expediente":"","ia_ano":"","ia_fechas_de_actuacion":"","ia_municipios_comarcas":"","ia_directores":"","ia_periodos_culturales":"","ia_tipos_de_intervencion":"","ia_equipo_tecnico":"","ia_autores":"","ia_promotores":"","ia_deposito_de_materiales":"","ia_coordenadas_utm":""},"_links":{"self":[{"href":"https:\/\/marqalicante-admin.qwair.com\/en\/wp-json\/wp\/v2\/product\/45734","targetHints":{"allow":["GET"]}}],"collection":[{"href":"https:\/\/marqalicante-admin.qwair.com\/en\/wp-json\/wp\/v2\/product"}],"about":[{"href":"https:\/\/marqalicante-admin.qwair.com\/en\/wp-json\/wp\/v2\/types\/product"}],"wp:featuredmedia":[{"embeddable":true,"href":"https:\/\/marqalicante-admin.qwair.com\/en\/wp-json\/wp\/v2\/media\/45873"}],"wp:attachment":[{"href":"https:\/\/marqalicante-admin.qwair.com\/en\/wp-json\/wp\/v2\/media?parent=45734"}],"wp:term":[{"taxonomy":"product_brand","embeddable":true,"href":"https:\/\/marqalicante-admin.qwair.com\/en\/wp-json\/wp\/v2\/product_brand?post=45734"},{"taxonomy":"product_cat","embeddable":true,"href":"https:\/\/marqalicante-admin.qwair.com\/en\/wp-json\/wp\/v2\/product_cat?post=45734"},{"taxonomy":"product_tag","embeddable":true,"href":"https:\/\/marqalicante-admin.qwair.com\/en\/wp-json\/wp\/v2\/product_tag?post=45734"}],"curies":[{"name":"wp","href":"https:\/\/api.w.org\/{rel}","templated":true}]}}