{"id":45730,"date":"2025-05-16T06:31:53","date_gmt":"2025-05-16T06:31:53","guid":{"rendered":"https:\/\/marqalicante-admin.qwair.com\/producto\/excavaciones-arqueologicas-en-cabezo-pardo-san-isidro-granja-de-rocamora-alicante-ultimas-actuaciones\/"},"modified":"2025-06-04T16:24:26","modified_gmt":"2025-06-04T16:24:26","slug":"excavaciones-arqueologicas-en-cabezo-pardo-san-isidro-granja-de-rocamora-alicante-ultimas-actuaciones","status":"publish","type":"product","link":"https:\/\/marqalicante-admin.qwair.com\/en\/product\/excavaciones-arqueologicas-en-cabezo-pardo-san-isidro-granja-de-rocamora-alicante-ultimas-actuaciones\/","title":{"rendered":"Archaeological excavations in Cabezo Pardo (San Isidro\/Granja de Rocamora, Alicante). Latest actions"},"content":{"rendered":"<div class=\"documento-item\">\n                    <h2 class=\"documento-title\">Archaeological excavations in Cabezo Pardo (San Isidro\/Granja de Rocamora, Alicante). Latest actions<\/h2>\n        \n                    <p class=\"documento-subtitle\">Juan Antonio L\u00f3pez Padilla, Teresa Xim\u00e9nez de Emb\u00fan S\u00e1nchez<\/p>\n        \n                    <a href=\"https:\/\/marqalicante.com\/contenido\/particulos\/pub_140.pdf\" class=\"documento-btn\" target=\"_blank\" rel=\"noopener\">\n                <i class=\"fas fa-file-pdf\"><\/i> Download PDF\n            <\/a>\n            <\/div>","protected":false},"excerpt":{"rendered":"<p>Excavations at this site began in 2006. The results obtained during the fieldwork carried out at the site are presented. Two clearly differentiated periods of occupation have been recorded: one belonging to the Bronze Age, related to the El Argar culture; and another from the Medieval period, from the 8th-9th centuries.<br \/>AD. The work carried out has made it possible to document the urban organisation of the settlement in each of these two stages and to establish its chronology by means of radiocarbon dating.<\/p>","protected":false},"featured_media":45873,"template":"","meta":{"kia_subtitle":""},"product_brand":[],"product_cat":[2913],"product_tag":[],"class_list":{"0":"post-45730","1":"product","2":"type-product","3":"status-publish","4":"has-post-thumbnail","6":"product_cat-articulos","8":"first","9":"instock","10":"virtual","11":"product-type-simple"},"meta_box":{"ia_expediente":"","ia_ano":"","ia_fechas_de_actuacion":"","ia_municipios_comarcas":"","ia_directores":"","ia_periodos_culturales":"","ia_tipos_de_intervencion":"","ia_equipo_tecnico":"","ia_autores":"","ia_promotores":"","ia_deposito_de_materiales":"","ia_coordenadas_utm":""},"_links":{"self":[{"href":"https:\/\/marqalicante-admin.qwair.com\/en\/wp-json\/wp\/v2\/product\/45730","targetHints":{"allow":["GET"]}}],"collection":[{"href":"https:\/\/marqalicante-admin.qwair.com\/en\/wp-json\/wp\/v2\/product"}],"about":[{"href":"https:\/\/marqalicante-admin.qwair.com\/en\/wp-json\/wp\/v2\/types\/product"}],"wp:featuredmedia":[{"embeddable":true,"href":"https:\/\/marqalicante-admin.qwair.com\/en\/wp-json\/wp\/v2\/media\/45873"}],"wp:attachment":[{"href":"https:\/\/marqalicante-admin.qwair.com\/en\/wp-json\/wp\/v2\/media?parent=45730"}],"wp:term":[{"taxonomy":"product_brand","embeddable":true,"href":"https:\/\/marqalicante-admin.qwair.com\/en\/wp-json\/wp\/v2\/product_brand?post=45730"},{"taxonomy":"product_cat","embeddable":true,"href":"https:\/\/marqalicante-admin.qwair.com\/en\/wp-json\/wp\/v2\/product_cat?post=45730"},{"taxonomy":"product_tag","embeddable":true,"href":"https:\/\/marqalicante-admin.qwair.com\/en\/wp-json\/wp\/v2\/product_tag?post=45730"}],"curies":[{"name":"wp","href":"https:\/\/api.w.org\/{rel}","templated":true}]}}