{"id":45726,"date":"2025-05-16T06:31:52","date_gmt":"2025-05-16T06:31:52","guid":{"rendered":"https:\/\/marqalicante-admin.qwair.com\/producto\/campanas-de-excavacion-recientes-en-el-yacimiento-del-mas-dis-penaguila-alacant\/"},"modified":"2025-06-04T16:24:25","modified_gmt":"2025-06-04T16:24:25","slug":"campanas-de-excavacion-recientes-en-el-yacimiento-del-mas-dis-penaguila-alacant","status":"publish","type":"product","link":"https:\/\/marqalicante-admin.qwair.com\/en\/product\/campanas-de-excavacion-recientes-en-el-yacimiento-del-mas-dis-penaguila-alacant\/","title":{"rendered":"Recent excavation campaigns at the Mas d'Is site (Pen\u00e0guila, Alacant)."},"content":{"rendered":"<div class=\"documento-item\">\n                    <h2 class=\"documento-title\">Recent excavation campaigns at the Mas d'Is site (Pen\u00e0guila, Alacant).<\/h2>\n        \n                    <p class=\"documento-subtitle\">Joan Bernabeu Aub\u00e1n, Agust\u00edn Diez Castillo and Teresa Orozco K\u00f6hler<\/p>\n        \n                    <a href=\"https:\/\/marqalicante.com\/contenido\/particulos\/pub_136.pdf\" class=\"documento-btn\" target=\"_blank\" rel=\"noopener\">\n                <i class=\"fas fa-file-pdf\"><\/i> Download PDF\n            <\/a>\n            <\/div>","protected":false},"excerpt":{"rendered":"<p>The different archaeological actions carried out at the Mas d'Is site (Pen\u00e0guila, Alacant) have revealed deposits dating from the Early - Middle Holocene. The fieldwork at this Neolithic site is one of the projects that the Department of Prehistory and Archaeology of the University of Valencia is carrying out in this region.<br \/>Previous campaigns have revealed the existence of large negative structures at the northern end of the site. We present here the results obtained in recent years.<\/p>","protected":false},"featured_media":45873,"template":"","meta":{"kia_subtitle":""},"product_brand":[],"product_cat":[2913],"product_tag":[],"class_list":{"0":"post-45726","1":"product","2":"type-product","3":"status-publish","4":"has-post-thumbnail","6":"product_cat-articulos","8":"first","9":"instock","10":"virtual","11":"product-type-simple"},"meta_box":{"ia_expediente":"","ia_ano":"","ia_fechas_de_actuacion":"","ia_municipios_comarcas":"","ia_directores":"","ia_periodos_culturales":"","ia_tipos_de_intervencion":"","ia_equipo_tecnico":"","ia_autores":"","ia_promotores":"","ia_deposito_de_materiales":"","ia_coordenadas_utm":""},"_links":{"self":[{"href":"https:\/\/marqalicante-admin.qwair.com\/en\/wp-json\/wp\/v2\/product\/45726","targetHints":{"allow":["GET"]}}],"collection":[{"href":"https:\/\/marqalicante-admin.qwair.com\/en\/wp-json\/wp\/v2\/product"}],"about":[{"href":"https:\/\/marqalicante-admin.qwair.com\/en\/wp-json\/wp\/v2\/types\/product"}],"wp:featuredmedia":[{"embeddable":true,"href":"https:\/\/marqalicante-admin.qwair.com\/en\/wp-json\/wp\/v2\/media\/45873"}],"wp:attachment":[{"href":"https:\/\/marqalicante-admin.qwair.com\/en\/wp-json\/wp\/v2\/media?parent=45726"}],"wp:term":[{"taxonomy":"product_brand","embeddable":true,"href":"https:\/\/marqalicante-admin.qwair.com\/en\/wp-json\/wp\/v2\/product_brand?post=45726"},{"taxonomy":"product_cat","embeddable":true,"href":"https:\/\/marqalicante-admin.qwair.com\/en\/wp-json\/wp\/v2\/product_cat?post=45726"},{"taxonomy":"product_tag","embeddable":true,"href":"https:\/\/marqalicante-admin.qwair.com\/en\/wp-json\/wp\/v2\/product_tag?post=45726"}],"curies":[{"name":"wp","href":"https:\/\/api.w.org\/{rel}","templated":true}]}}