{"id":45724,"date":"2025-05-16T06:31:51","date_gmt":"2025-05-16T06:31:51","guid":{"rendered":"https:\/\/marqalicante-admin.qwair.com\/producto\/actualizacion-y-realizacion-del-inventario-de-los-yacimientos-arqueologicos-con-arte-rupestre-de-la-comunidad-valenciana-provincia-de-alicante\/"},"modified":"2025-06-04T16:24:24","modified_gmt":"2025-06-04T16:24:24","slug":"actualizacion-y-realizacion-del-inventario-de-los-yacimientos-arqueologicos-con-arte-rupestre-de-la-comunidad-valenciana-provincia-de-alicante","status":"publish","type":"product","link":"https:\/\/marqalicante-admin.qwair.com\/en\/product\/actualizacion-y-realizacion-del-inventario-de-los-yacimientos-arqueologicos-con-arte-rupestre-de-la-comunidad-valenciana-provincia-de-alicante\/","title":{"rendered":"Updating and compilation of the inventory of archaeological sites with Rock Art in the Valencian Community. Province of Alicante"},"content":{"rendered":"<div class=\"documento-item\">\n                    <h2 class=\"documento-title\">Updating and compilation of the inventory of archaeological sites with Rock Art in the Valencian Community. Province of Alicante<\/h2>\n        \n                    <p class=\"documento-subtitle\">Mauro S. Hern\u00e1ndez P\u00e9rez, Gabriel Garc\u00eda Atienzar, Virginia Barciela Gonz\u00e1lez, Ximo Martorell Briz y Francisco Javier Molina Hern\u00e1ndez<\/p>\n        \n                    <a href=\"https:\/\/marqalicante.com\/contenido\/particulos\/pub_134.pdf\" class=\"documento-btn\" target=\"_blank\" rel=\"noopener\">\n                <i class=\"fas fa-file-pdf\"><\/i> Download PDF\n            <\/a>\n            <\/div>","protected":false},"excerpt":{"rendered":"<p>The consideration of the Cave Art of the Mediterranean Arc as an Asset of Cultural Interest and its inclusion on the list of<br \/>The UNESCO World Heritage Site implies the fulfilment of a series of precepts necessary for its best preservation.<br \/>knowledge and, consequently, conservation. For this reason, a project has been carried out in the Valencian Community of<br \/>updating of the catalogue of this type of sites, which began in 2010 with the inventory of the province of Alicante.<\/p>","protected":false},"featured_media":45873,"template":"","meta":{"kia_subtitle":""},"product_brand":[],"product_cat":[2913],"product_tag":[],"class_list":{"0":"post-45724","1":"product","2":"type-product","3":"status-publish","4":"has-post-thumbnail","6":"product_cat-articulos","8":"first","9":"instock","10":"virtual","11":"product-type-simple"},"meta_box":{"ia_expediente":"","ia_ano":"","ia_fechas_de_actuacion":"","ia_municipios_comarcas":"","ia_directores":"","ia_periodos_culturales":"","ia_tipos_de_intervencion":"","ia_equipo_tecnico":"","ia_autores":"","ia_promotores":"","ia_deposito_de_materiales":"","ia_coordenadas_utm":""},"_links":{"self":[{"href":"https:\/\/marqalicante-admin.qwair.com\/en\/wp-json\/wp\/v2\/product\/45724","targetHints":{"allow":["GET"]}}],"collection":[{"href":"https:\/\/marqalicante-admin.qwair.com\/en\/wp-json\/wp\/v2\/product"}],"about":[{"href":"https:\/\/marqalicante-admin.qwair.com\/en\/wp-json\/wp\/v2\/types\/product"}],"wp:featuredmedia":[{"embeddable":true,"href":"https:\/\/marqalicante-admin.qwair.com\/en\/wp-json\/wp\/v2\/media\/45873"}],"wp:attachment":[{"href":"https:\/\/marqalicante-admin.qwair.com\/en\/wp-json\/wp\/v2\/media?parent=45724"}],"wp:term":[{"taxonomy":"product_brand","embeddable":true,"href":"https:\/\/marqalicante-admin.qwair.com\/en\/wp-json\/wp\/v2\/product_brand?post=45724"},{"taxonomy":"product_cat","embeddable":true,"href":"https:\/\/marqalicante-admin.qwair.com\/en\/wp-json\/wp\/v2\/product_cat?post=45724"},{"taxonomy":"product_tag","embeddable":true,"href":"https:\/\/marqalicante-admin.qwair.com\/en\/wp-json\/wp\/v2\/product_tag?post=45724"}],"curies":[{"name":"wp","href":"https:\/\/api.w.org\/{rel}","templated":true}]}}