{"id":45723,"date":"2025-05-16T06:31:51","date_gmt":"2025-05-16T06:31:51","guid":{"rendered":"https:\/\/marqalicante-admin.qwair.com\/producto\/excavacions-en-la-cova-de-les-cendres-teulada-moraira-la-marina-alta-campanyes-2010-2011\/"},"modified":"2025-06-04T16:24:24","modified_gmt":"2025-06-04T16:24:24","slug":"excavacions-en-la-cova-de-les-cendres-teulada-moraira-la-marina-alta-campanyes-2010-2011","status":"publish","type":"product","link":"https:\/\/marqalicante-admin.qwair.com\/en\/product\/excavacions-en-la-cova-de-les-cendres-teulada-moraira-la-marina-alta-campanyes-2010-2011\/","title":{"rendered":"Excavacions en la Cova de Les Cendres (Teulada-Moraira, La Marina Alta): campanyes 2010-2011"},"content":{"rendered":"<div class=\"documento-item\">\n                    <h2 class=\"documento-title\">Excavacions en la Cova de Les Cendres (Teulada-Moraira, La Marina Alta): campanyes 2010-2011<\/h2>\n        \n                    <p class=\"documento-subtitle\">D\u00eddac Rom\u00e1n Monroig and Valent\u00edn Villaverde Bonilla<\/p>\n        \n                    <a href=\"https:\/\/marqalicante.com\/contenido\/particulos\/pub_133.pdf\" class=\"documento-btn\" target=\"_blank\" rel=\"noopener\">\n                <i class=\"fas fa-file-pdf\"><\/i> Download PDF\n            <\/a>\n            <\/div>","protected":false},"excerpt":{"rendered":"<p>This article presents the work carried out in the Cova de les Cendres in 2010 and 2011. By way of introduction<br \/>We provide a brief summary of the location and archaeological sequence of the site, and then describe the<br \/>tasks carried out during these campaigns.<br \/>In 2010, due to a reduced budget, only a small excavation campaign could be carried out. In 2010, due to a reduced budget, only a small excavation campaign could be carried out.<br \/>2011 only sampling (sedimentology and phytoliths) and laboratory work could be carried out.<\/p>","protected":false},"featured_media":45873,"template":"","meta":{"kia_subtitle":""},"product_brand":[],"product_cat":[2913],"product_tag":[],"class_list":{"0":"post-45723","1":"product","2":"type-product","3":"status-publish","4":"has-post-thumbnail","6":"product_cat-articulos","8":"first","9":"instock","10":"virtual","11":"product-type-simple"},"meta_box":{"ia_expediente":"","ia_ano":"","ia_fechas_de_actuacion":"","ia_municipios_comarcas":"","ia_directores":"","ia_periodos_culturales":"","ia_tipos_de_intervencion":"","ia_equipo_tecnico":"","ia_autores":"","ia_promotores":"","ia_deposito_de_materiales":"","ia_coordenadas_utm":""},"_links":{"self":[{"href":"https:\/\/marqalicante-admin.qwair.com\/en\/wp-json\/wp\/v2\/product\/45723","targetHints":{"allow":["GET"]}}],"collection":[{"href":"https:\/\/marqalicante-admin.qwair.com\/en\/wp-json\/wp\/v2\/product"}],"about":[{"href":"https:\/\/marqalicante-admin.qwair.com\/en\/wp-json\/wp\/v2\/types\/product"}],"wp:featuredmedia":[{"embeddable":true,"href":"https:\/\/marqalicante-admin.qwair.com\/en\/wp-json\/wp\/v2\/media\/45873"}],"wp:attachment":[{"href":"https:\/\/marqalicante-admin.qwair.com\/en\/wp-json\/wp\/v2\/media?parent=45723"}],"wp:term":[{"taxonomy":"product_brand","embeddable":true,"href":"https:\/\/marqalicante-admin.qwair.com\/en\/wp-json\/wp\/v2\/product_brand?post=45723"},{"taxonomy":"product_cat","embeddable":true,"href":"https:\/\/marqalicante-admin.qwair.com\/en\/wp-json\/wp\/v2\/product_cat?post=45723"},{"taxonomy":"product_tag","embeddable":true,"href":"https:\/\/marqalicante-admin.qwair.com\/en\/wp-json\/wp\/v2\/product_tag?post=45723"}],"curies":[{"name":"wp","href":"https:\/\/api.w.org\/{rel}","templated":true}]}}