{"id":45722,"date":"2025-05-16T06:31:50","date_gmt":"2025-05-16T06:31:50","guid":{"rendered":"https:\/\/marqalicante-admin.qwair.com\/producto\/prospeccion-geoarqueologica-del-prebetico-de-alicante-primeros-datos-acerca-del-abastecimiento-de-silex-durante-la-prehistoria\/"},"modified":"2025-06-04T16:24:24","modified_gmt":"2025-06-04T16:24:24","slug":"prospeccion-geoarqueologica-del-prebetico-de-alicante-primeros-datos-acerca-del-abastecimiento-de-silex-durante-la-prehistoria","status":"publish","type":"product","link":"https:\/\/marqalicante-admin.qwair.com\/en\/product\/prospeccion-geoarqueologica-del-prebetico-de-alicante-primeros-datos-acerca-del-abastecimiento-de-silex-durante-la-prehistoria\/","title":{"rendered":"Geoarchaeological prospection of the Prebetic of Alicante: First data on the supply of flint during Prehistoric times."},"content":{"rendered":"<div class=\"documento-item\">\n                    <h2 class=\"documento-title\">Geoarchaeological prospection of the Prebetic of Alicante: First data on the supply of flint during Prehistoric times.<\/h2>\n        \n                    <p class=\"documento-subtitle\">Francisco Javier Molina Hern\u00e1ndez, Antonio Tarri\u00f1o Vinagre, Bertila Galv\u00e1n Santos and Cristo M. Hern\u00e1ndez G\u00f3mez<\/p>\n        \n                    <a href=\"https:\/\/marqalicante.com\/contenido\/particulos\/pub_132.pdf\" class=\"documento-btn\" target=\"_blank\" rel=\"noopener\">\n                <i class=\"fas fa-file-pdf\"><\/i> Download PDF\n            <\/a>\n            <\/div>","protected":false},"excerpt":{"rendered":"<p>In this paper we present the first results obtained in the geoarchaeological survey of the sector.<br \/>geomorphological area known as the Alicante Prebetic. Ten geological levels with silicifications have been documented.<br \/>The relevant data cover a wide chronological span: from the Upper Jurassic to the Upper Miocene. It also<br \/>have located raw material supply areas in the vicinity of geological outcrops containing flint.<br \/>silica. Their study is providing data to infer possible siliceous raw material uptake patterns.<br \/>of the prehistoric human groups that inhabited the study area.<\/p>","protected":false},"featured_media":45873,"template":"","meta":{"kia_subtitle":""},"product_brand":[],"product_cat":[2913],"product_tag":[],"class_list":{"0":"post-45722","1":"product","2":"type-product","3":"status-publish","4":"has-post-thumbnail","6":"product_cat-articulos","8":"first","9":"instock","10":"virtual","11":"product-type-simple"},"meta_box":{"ia_expediente":"","ia_ano":"","ia_fechas_de_actuacion":"","ia_municipios_comarcas":"","ia_directores":"","ia_periodos_culturales":"","ia_tipos_de_intervencion":"","ia_equipo_tecnico":"","ia_autores":"","ia_promotores":"","ia_deposito_de_materiales":"","ia_coordenadas_utm":""},"_links":{"self":[{"href":"https:\/\/marqalicante-admin.qwair.com\/en\/wp-json\/wp\/v2\/product\/45722","targetHints":{"allow":["GET"]}}],"collection":[{"href":"https:\/\/marqalicante-admin.qwair.com\/en\/wp-json\/wp\/v2\/product"}],"about":[{"href":"https:\/\/marqalicante-admin.qwair.com\/en\/wp-json\/wp\/v2\/types\/product"}],"wp:featuredmedia":[{"embeddable":true,"href":"https:\/\/marqalicante-admin.qwair.com\/en\/wp-json\/wp\/v2\/media\/45873"}],"wp:attachment":[{"href":"https:\/\/marqalicante-admin.qwair.com\/en\/wp-json\/wp\/v2\/media?parent=45722"}],"wp:term":[{"taxonomy":"product_brand","embeddable":true,"href":"https:\/\/marqalicante-admin.qwair.com\/en\/wp-json\/wp\/v2\/product_brand?post=45722"},{"taxonomy":"product_cat","embeddable":true,"href":"https:\/\/marqalicante-admin.qwair.com\/en\/wp-json\/wp\/v2\/product_cat?post=45722"},{"taxonomy":"product_tag","embeddable":true,"href":"https:\/\/marqalicante-admin.qwair.com\/en\/wp-json\/wp\/v2\/product_tag?post=45722"}],"curies":[{"name":"wp","href":"https:\/\/api.w.org\/{rel}","templated":true}]}}