{"id":45718,"date":"2025-05-16T06:31:50","date_gmt":"2025-05-16T06:31:50","guid":{"rendered":"https:\/\/marqalicante-admin.qwair.com\/producto\/la-arqueologia-de-la-prehistoria-alicantina-en-la-primera-decada-del-siglo-xxi\/"},"modified":"2025-06-04T16:24:23","modified_gmt":"2025-06-04T16:24:23","slug":"la-arqueologia-de-la-prehistoria-alicantina-en-la-primera-decada-del-siglo-xxi","status":"publish","type":"product","link":"https:\/\/marqalicante-admin.qwair.com\/en\/product\/la-arqueologia-de-la-prehistoria-alicantina-en-la-primera-decada-del-siglo-xxi\/","title":{"rendered":"THE ARCHAEOLOGY OF PREHISTORIC ALICANTE IN THE FIRST DECADE OF THE 21ST CENTURY"},"content":{"rendered":"<div class=\"documento-item\">\n                    <h2 class=\"documento-title\">THE ARCHAEOLOGY OF PREHISTORIC ALICANTE IN THE FIRST DECADE OF THE 21ST CENTURY<\/h2>\n        \n                    <p class=\"documento-subtitle\">Jorge A. Soler D\u00edaz, Juan A. L\u00f3pez Padilla and Rafael Mart\u00ednez Valle<\/p>\n        \n                    <a href=\"https:\/\/marqalicante.com\/contenido\/particulos\/pub_128.pdf\" class=\"documento-btn\" target=\"_blank\" rel=\"noopener\">\n                <i class=\"fas fa-file-pdf\"><\/i> Download PDF\n            <\/a>\n            <\/div>","protected":false},"excerpt":{"rendered":"<p>In the first decade of the 21st century, research into the prehistory of the<br \/>in Alicante has achieved outstanding goals. Great<br \/>part of this is due to the involvement of different institutions<br \/>such as the universities of Alicante, Valencia and La Laguna.<br \/>and the archaeological museums such as the municipal museum of Alcoy<br \/>and the Provincial Council of Alicante, as an institution that, from<br \/>1991 reinforces the research of that stage with creation,<br \/>thanks to the then director, Enrique Llobregat, of a place in the<br \/>specialised within the museum's curatorial staff<br \/>and undertakes multidisciplinary research programmes.<br \/>From 2000 onwards, a renewed MARQ has demonstrated its firm commitment to the<br \/>commitment to the research, conservation and dissemination of<br \/>the prehistory of our province.<\/p>","protected":false},"featured_media":45873,"template":"","meta":{"kia_subtitle":""},"product_brand":[],"product_cat":[2913],"product_tag":[],"class_list":{"0":"post-45718","1":"product","2":"type-product","3":"status-publish","4":"has-post-thumbnail","6":"product_cat-articulos","8":"first","9":"instock","10":"virtual","11":"product-type-simple"},"meta_box":{"ia_expediente":"","ia_ano":"","ia_fechas_de_actuacion":"","ia_municipios_comarcas":"","ia_directores":"","ia_periodos_culturales":"","ia_tipos_de_intervencion":"","ia_equipo_tecnico":"","ia_autores":"","ia_promotores":"","ia_deposito_de_materiales":"","ia_coordenadas_utm":""},"_links":{"self":[{"href":"https:\/\/marqalicante-admin.qwair.com\/en\/wp-json\/wp\/v2\/product\/45718","targetHints":{"allow":["GET"]}}],"collection":[{"href":"https:\/\/marqalicante-admin.qwair.com\/en\/wp-json\/wp\/v2\/product"}],"about":[{"href":"https:\/\/marqalicante-admin.qwair.com\/en\/wp-json\/wp\/v2\/types\/product"}],"wp:featuredmedia":[{"embeddable":true,"href":"https:\/\/marqalicante-admin.qwair.com\/en\/wp-json\/wp\/v2\/media\/45873"}],"wp:attachment":[{"href":"https:\/\/marqalicante-admin.qwair.com\/en\/wp-json\/wp\/v2\/media?parent=45718"}],"wp:term":[{"taxonomy":"product_brand","embeddable":true,"href":"https:\/\/marqalicante-admin.qwair.com\/en\/wp-json\/wp\/v2\/product_brand?post=45718"},{"taxonomy":"product_cat","embeddable":true,"href":"https:\/\/marqalicante-admin.qwair.com\/en\/wp-json\/wp\/v2\/product_cat?post=45718"},{"taxonomy":"product_tag","embeddable":true,"href":"https:\/\/marqalicante-admin.qwair.com\/en\/wp-json\/wp\/v2\/product_tag?post=45718"}],"curies":[{"name":"wp","href":"https:\/\/api.w.org\/{rel}","templated":true}]}}