{"id":45713,"date":"2025-05-16T06:31:48","date_gmt":"2025-05-16T06:31:48","guid":{"rendered":"https:\/\/marqalicante-admin.qwair.com\/producto\/museos-y-yacimientos-arqueologicos-musealizados-panorama-en-alicante-en-la-primera-decada-del-s-xxi\/"},"modified":"2025-06-04T16:24:23","modified_gmt":"2025-06-04T16:24:23","slug":"museos-y-yacimientos-arqueologicos-musealizados-panorama-en-alicante-en-la-primera-decada-del-s-xxi","status":"publish","type":"product","link":"https:\/\/marqalicante-admin.qwair.com\/en\/product\/museos-y-yacimientos-arqueologicos-musealizados-panorama-en-alicante-en-la-primera-decada-del-s-xxi\/","title":{"rendered":"MUSEUMS AND MUSEUMISED ARCHAEOLOGICAL SITES. THE PANORAMA IN ALICANTE IN THE FIRST DECADE OF THE 21ST CENTURY"},"content":{"rendered":"<div class=\"documento-item\">\n                    <h2 class=\"documento-title\">MUSEUMS AND MUSEUMISED ARCHAEOLOGICAL SITES. THE PANORAMA IN ALICANTE IN THE FIRST DECADE OF THE 21ST CENTURY<\/h2>\n        \n                    <p class=\"documento-subtitle\">Manuel H. Olcina Dom\u00e9nech, Jorge A. Soler D\u00edaz and Rafael P\u00e9rez Jim\u00e9nez<\/p>\n        \n                    <a href=\"https:\/\/marqalicante.com\/contenido\/particulos\/pub_123.pdf\" class=\"documento-btn\" target=\"_blank\" rel=\"noopener\">\n                <i class=\"fas fa-file-pdf\"><\/i> Download PDF\n            <\/a>\n            <\/div>","protected":false},"excerpt":{"rendered":"<p>In contrast to the 1990s, when the<br \/>in the province of Alicante, a panorama of museums was perceived as<br \/>archaeological sites reinforced after the advent of democracy<br \/>with municipally-owned entities in which<br \/>the conservation of goods found in the municipality was a priority, and<br \/>The first decade of the 20th century saw the spread to the neighbourhood itself.<br \/>XXI has made Alicante a European reference for its museology,<br \/>under the umbrella of economic development, there has been a<br \/>growth in some long-established institutions that<br \/>are now fully recognised as being beneficial in a broad sense<br \/>social, cultural and economic.<\/p>","protected":false},"featured_media":45873,"template":"","meta":{"kia_subtitle":""},"product_brand":[],"product_cat":[2913],"product_tag":[],"class_list":{"0":"post-45713","1":"product","2":"type-product","3":"status-publish","4":"has-post-thumbnail","6":"product_cat-articulos","8":"first","9":"instock","10":"virtual","11":"product-type-simple"},"meta_box":{"ia_expediente":"","ia_ano":"","ia_fechas_de_actuacion":"","ia_municipios_comarcas":"","ia_directores":"","ia_periodos_culturales":"","ia_tipos_de_intervencion":"","ia_equipo_tecnico":"","ia_autores":"","ia_promotores":"","ia_deposito_de_materiales":"","ia_coordenadas_utm":""},"_links":{"self":[{"href":"https:\/\/marqalicante-admin.qwair.com\/en\/wp-json\/wp\/v2\/product\/45713","targetHints":{"allow":["GET"]}}],"collection":[{"href":"https:\/\/marqalicante-admin.qwair.com\/en\/wp-json\/wp\/v2\/product"}],"about":[{"href":"https:\/\/marqalicante-admin.qwair.com\/en\/wp-json\/wp\/v2\/types\/product"}],"wp:featuredmedia":[{"embeddable":true,"href":"https:\/\/marqalicante-admin.qwair.com\/en\/wp-json\/wp\/v2\/media\/45873"}],"wp:attachment":[{"href":"https:\/\/marqalicante-admin.qwair.com\/en\/wp-json\/wp\/v2\/media?parent=45713"}],"wp:term":[{"taxonomy":"product_brand","embeddable":true,"href":"https:\/\/marqalicante-admin.qwair.com\/en\/wp-json\/wp\/v2\/product_brand?post=45713"},{"taxonomy":"product_cat","embeddable":true,"href":"https:\/\/marqalicante-admin.qwair.com\/en\/wp-json\/wp\/v2\/product_cat?post=45713"},{"taxonomy":"product_tag","embeddable":true,"href":"https:\/\/marqalicante-admin.qwair.com\/en\/wp-json\/wp\/v2\/product_tag?post=45713"}],"curies":[{"name":"wp","href":"https:\/\/api.w.org\/{rel}","templated":true}]}}