{"id":45712,"date":"2025-05-16T06:31:48","date_gmt":"2025-05-16T06:31:48","guid":{"rendered":"https:\/\/marqalicante-admin.qwair.com\/producto\/arqueologia-y-administracion-autonomica-en-la-comunidad-valenciana-2002-2012-alicante\/"},"modified":"2025-06-04T16:24:22","modified_gmt":"2025-06-04T16:24:22","slug":"arqueologia-y-administracion-autonomica-en-la-comunidad-valenciana-2002-2012-alicante","status":"publish","type":"product","link":"https:\/\/marqalicante-admin.qwair.com\/en\/product\/arqueologia-y-administracion-autonomica-en-la-comunidad-valenciana-2002-2012-alicante\/","title":{"rendered":"ARCHAEOLOGY AND REGIONAL ADMINISTRATION IN THE VALENCIAN COMMUNITY (2002-2012): ALICANTE"},"content":{"rendered":"<div class=\"documento-item\">\n                    <h2 class=\"documento-title\">ARCHAEOLOGY AND REGIONAL ADMINISTRATION IN THE VALENCIAN COMMUNITY (2002-2012): ALICANTE<\/h2>\n        \n                    <p class=\"documento-subtitle\">Consuelo Matamoros de Villa and Jos\u00e9 Luis Sim\u00f3n Garc\u00eda<\/p>\n        \n                    <a href=\"https:\/\/marqalicante.com\/contenido\/particulos\/pub_122.pdf\" class=\"documento-btn\" target=\"_blank\" rel=\"noopener\">\n                <i class=\"fas fa-file-pdf\"><\/i> Download PDF\n            <\/a>\n            <\/div>","protected":false},"excerpt":{"rendered":"<p>The management and safeguarding of archaeological heritage is a competence<br \/>attributed to the Directorate-General for Culture of the<br \/>Generalitat Valenciana, which has its starting point in<br \/>knowledge of the archaeological remains, that the development of the<br \/>of time has allowed it to reach the present day.<\/p>","protected":false},"featured_media":45873,"template":"","meta":{"kia_subtitle":""},"product_brand":[],"product_cat":[2913],"product_tag":[],"class_list":{"0":"post-45712","1":"product","2":"type-product","3":"status-publish","4":"has-post-thumbnail","6":"product_cat-articulos","8":"first","9":"instock","10":"virtual","11":"product-type-simple"},"meta_box":{"ia_expediente":"","ia_ano":"","ia_fechas_de_actuacion":"","ia_municipios_comarcas":"","ia_directores":"","ia_periodos_culturales":"","ia_tipos_de_intervencion":"","ia_equipo_tecnico":"","ia_autores":"","ia_promotores":"","ia_deposito_de_materiales":"","ia_coordenadas_utm":""},"_links":{"self":[{"href":"https:\/\/marqalicante-admin.qwair.com\/en\/wp-json\/wp\/v2\/product\/45712","targetHints":{"allow":["GET"]}}],"collection":[{"href":"https:\/\/marqalicante-admin.qwair.com\/en\/wp-json\/wp\/v2\/product"}],"about":[{"href":"https:\/\/marqalicante-admin.qwair.com\/en\/wp-json\/wp\/v2\/types\/product"}],"wp:featuredmedia":[{"embeddable":true,"href":"https:\/\/marqalicante-admin.qwair.com\/en\/wp-json\/wp\/v2\/media\/45873"}],"wp:attachment":[{"href":"https:\/\/marqalicante-admin.qwair.com\/en\/wp-json\/wp\/v2\/media?parent=45712"}],"wp:term":[{"taxonomy":"product_brand","embeddable":true,"href":"https:\/\/marqalicante-admin.qwair.com\/en\/wp-json\/wp\/v2\/product_brand?post=45712"},{"taxonomy":"product_cat","embeddable":true,"href":"https:\/\/marqalicante-admin.qwair.com\/en\/wp-json\/wp\/v2\/product_cat?post=45712"},{"taxonomy":"product_tag","embeddable":true,"href":"https:\/\/marqalicante-admin.qwair.com\/en\/wp-json\/wp\/v2\/product_tag?post=45712"}],"curies":[{"name":"wp","href":"https:\/\/api.w.org\/{rel}","templated":true}]}}