{"id":45708,"date":"2025-05-16T06:31:47","date_gmt":"2025-05-16T06:31:47","guid":{"rendered":"https:\/\/marqalicante-admin.qwair.com\/producto\/la-vajilla-campaniforme-del-penon-de-la-zorra-villena-alicante-aproximacion-a-su-estilo-y-contexto-historico\/"},"modified":"2025-06-04T16:24:22","modified_gmt":"2025-06-04T16:24:22","slug":"la-vajilla-campaniforme-del-penon-de-la-zorra-villena-alicante-aproximacion-a-su-estilo-y-contexto-historico","status":"publish","type":"product","link":"https:\/\/marqalicante-admin.qwair.com\/en\/product\/la-vajilla-campaniforme-del-penon-de-la-zorra-villena-alicante-aproximacion-a-su-estilo-y-contexto-historico\/","title":{"rendered":"The campaniform tableware from Pe\u00f1\u00f3n de la Zorra (Villena, Alicante): an approach to its style and historical context."},"content":{"rendered":"<div class=\"documento-item\">\n                    <h2 class=\"documento-title\">The campaniform tableware from Pe\u00f1\u00f3n de la Zorra (Villena, Alicante): an approach to its style and historical context.<\/h2>\n        \n                    <p class=\"documento-subtitle\">Gabriel Garc\u00eda Ati\u00e9nzar and Miriam Alba Luz\u00f3n<\/p>\n        \n                    <a href=\"https:\/\/marqalicante.com\/contenido\/particulos\/pub_118.pdf\" class=\"documento-btn\" target=\"_blank\" rel=\"noopener\">\n                <i class=\"fas fa-file-pdf\"><\/i> Download PDF\n            <\/a>\n            <\/div>","protected":false},"excerpt":{"rendered":"<p>This paper analyses the campaniform tableware from the Pe\u00f1\u00f3n de la Zorra site. This study examines different variables, from morphological characteristics to stylistic variability. The interpretation of this unique set of decorated vessels is done taking into consideration the archaeological and historical context in which it was documented, so both the contexts of appearance and other sites in the Alto Vinalop\u00f3 (Alicante, Spain) are considered.<\/p>","protected":false},"featured_media":45873,"template":"","meta":{"kia_subtitle":""},"product_brand":[],"product_cat":[2913],"product_tag":[],"class_list":{"0":"post-45708","1":"product","2":"type-product","3":"status-publish","4":"has-post-thumbnail","6":"product_cat-articulos","8":"first","9":"instock","10":"virtual","11":"product-type-simple"},"meta_box":{"ia_expediente":"","ia_ano":"","ia_fechas_de_actuacion":"","ia_municipios_comarcas":"","ia_directores":"","ia_periodos_culturales":"","ia_tipos_de_intervencion":"","ia_equipo_tecnico":"","ia_autores":"","ia_promotores":"","ia_deposito_de_materiales":"","ia_coordenadas_utm":""},"_links":{"self":[{"href":"https:\/\/marqalicante-admin.qwair.com\/en\/wp-json\/wp\/v2\/product\/45708","targetHints":{"allow":["GET"]}}],"collection":[{"href":"https:\/\/marqalicante-admin.qwair.com\/en\/wp-json\/wp\/v2\/product"}],"about":[{"href":"https:\/\/marqalicante-admin.qwair.com\/en\/wp-json\/wp\/v2\/types\/product"}],"wp:featuredmedia":[{"embeddable":true,"href":"https:\/\/marqalicante-admin.qwair.com\/en\/wp-json\/wp\/v2\/media\/45873"}],"wp:attachment":[{"href":"https:\/\/marqalicante-admin.qwair.com\/en\/wp-json\/wp\/v2\/media?parent=45708"}],"wp:term":[{"taxonomy":"product_brand","embeddable":true,"href":"https:\/\/marqalicante-admin.qwair.com\/en\/wp-json\/wp\/v2\/product_brand?post=45708"},{"taxonomy":"product_cat","embeddable":true,"href":"https:\/\/marqalicante-admin.qwair.com\/en\/wp-json\/wp\/v2\/product_cat?post=45708"},{"taxonomy":"product_tag","embeddable":true,"href":"https:\/\/marqalicante-admin.qwair.com\/en\/wp-json\/wp\/v2\/product_tag?post=45708"}],"curies":[{"name":"wp","href":"https:\/\/api.w.org\/{rel}","templated":true}]}}