{"id":45700,"date":"2025-05-16T06:31:45","date_gmt":"2025-05-16T06:31:45","guid":{"rendered":"https:\/\/marqalicante-admin.qwair.com\/producto\/una-tumba-en-una-aldea-del-v-milenio-a-n-e-a-proposito-de-la-inhumacion-en-fosa-del-yacimiento-neolitico-del-cami-de-missena-la-pobla-del-duc-valencia\/"},"modified":"2025-06-04T16:24:20","modified_gmt":"2025-06-04T16:24:20","slug":"una-tumba-en-una-aldea-del-v-milenio-a-n-e-a-proposito-de-la-inhumacion-en-fosa-del-yacimiento-neolitico-del-cami-de-missena-la-pobla-del-duc-valencia","status":"publish","type":"product","link":"https:\/\/marqalicante-admin.qwair.com\/en\/product\/una-tumba-en-una-aldea-del-v-milenio-a-n-e-a-proposito-de-la-inhumacion-en-fosa-del-yacimiento-neolitico-del-cami-de-missena-la-pobla-del-duc-valencia\/","title":{"rendered":"A tomb in a village from the 5th millennium B.C.E. About the burial in a pit at the Neolithic site of Cam\u00ed de Missena (La Pobla del Duc, Valencia)."},"content":{"rendered":"<div class=\"documento-item\">\n                    <h2 class=\"documento-title\">A tomb in a village from the 5th millennium B.C.E. About the burial in a pit at the Neolithic site of Cam\u00ed de Missena (La Pobla del Duc, Valencia).<\/h2>\n        \n                    <p class=\"documento-subtitle\">Jorge A. Soler D\u00edaz, Consuelo Roca de Togores Mu\u00f1oz, Josep Pascual i Beneyto, Marina Lozano Ruiz, Olga G\u00f3mez P\u00e9rez, Manuel P\u00e9rez Mateu and Silvia Roca Alberola<\/p>\n        \n                    <a href=\"https:\/\/marqalicante.com\/contenido\/particulos\/pub_110.pdf\" class=\"documento-btn\" target=\"_blank\" rel=\"noopener\">\n                <i class=\"fas fa-file-pdf\"><\/i> Download PDF\n            <\/a>\n            <\/div>","protected":false},"excerpt":{"rendered":"<p>In 2003, as part of an emergency excavation, a tomb with grave goods was discovered at the open-air site of Cam\u00ed de Missena. It is dated to the first half of the 5th millennium BC. The fieldwork, the results of the analysis of the bone and dental remains, studies of the manufacture, techniques and restoration of the ceramic vessel, as well as the post-depositional processes that affected the burial and that have been used in the reconstruction of the funerary ritual are presented. The significance of the<br \/>The aim of this paper is to provide a synthesis of chronologically related cave and open-air burials in the regional Neolithic panorama.&nbsp;<\/p>","protected":false},"featured_media":45873,"template":"","meta":{"kia_subtitle":""},"product_brand":[],"product_cat":[2913],"product_tag":[],"class_list":{"0":"post-45700","1":"product","2":"type-product","3":"status-publish","4":"has-post-thumbnail","6":"product_cat-articulos","8":"first","9":"instock","10":"virtual","11":"product-type-simple"},"meta_box":{"ia_expediente":"","ia_ano":"","ia_fechas_de_actuacion":"","ia_municipios_comarcas":"","ia_directores":"","ia_periodos_culturales":"","ia_tipos_de_intervencion":"","ia_equipo_tecnico":"","ia_autores":"","ia_promotores":"","ia_deposito_de_materiales":"","ia_coordenadas_utm":""},"_links":{"self":[{"href":"https:\/\/marqalicante-admin.qwair.com\/en\/wp-json\/wp\/v2\/product\/45700","targetHints":{"allow":["GET"]}}],"collection":[{"href":"https:\/\/marqalicante-admin.qwair.com\/en\/wp-json\/wp\/v2\/product"}],"about":[{"href":"https:\/\/marqalicante-admin.qwair.com\/en\/wp-json\/wp\/v2\/types\/product"}],"wp:featuredmedia":[{"embeddable":true,"href":"https:\/\/marqalicante-admin.qwair.com\/en\/wp-json\/wp\/v2\/media\/45873"}],"wp:attachment":[{"href":"https:\/\/marqalicante-admin.qwair.com\/en\/wp-json\/wp\/v2\/media?parent=45700"}],"wp:term":[{"taxonomy":"product_brand","embeddable":true,"href":"https:\/\/marqalicante-admin.qwair.com\/en\/wp-json\/wp\/v2\/product_brand?post=45700"},{"taxonomy":"product_cat","embeddable":true,"href":"https:\/\/marqalicante-admin.qwair.com\/en\/wp-json\/wp\/v2\/product_cat?post=45700"},{"taxonomy":"product_tag","embeddable":true,"href":"https:\/\/marqalicante-admin.qwair.com\/en\/wp-json\/wp\/v2\/product_tag?post=45700"}],"curies":[{"name":"wp","href":"https:\/\/api.w.org\/{rel}","templated":true}]}}