{"id":45692,"date":"2025-05-16T06:31:42","date_gmt":"2025-05-16T06:31:42","guid":{"rendered":"https:\/\/marqalicante-admin.qwair.com\/producto\/de-la-villa-romana-a-la-alqueria-bajomedieval-en-lalacanti-excavacion-arqueologica-en-la-avenida-conrado-albaladejo-alicante\/"},"modified":"2025-06-04T16:24:18","modified_gmt":"2025-06-04T16:24:18","slug":"de-la-villa-romana-a-la-alqueria-bajomedieval-en-lalacanti-excavacion-arqueologica-en-la-avenida-conrado-albaladejo-alicante","status":"publish","type":"product","link":"https:\/\/marqalicante-admin.qwair.com\/en\/product\/de-la-villa-romana-a-la-alqueria-bajomedieval-en-lalacanti-excavacion-arqueologica-en-la-avenida-conrado-albaladejo-alicante\/","title":{"rendered":"From the Roman villa to the late medieval farmhouse in l'Alacant\u00ed. Archaeological excavation in the Avenida Conrado Albaladejo (Alicante)"},"content":{"rendered":"<div class=\"documento-item\">\n                    <h2 class=\"documento-title\">From the Roman villa to the late medieval farmhouse in l'Alacant\u00ed. Archaeological excavation in the Avenida Conrado Albaladejo (Alicante)<\/h2>\n        \n                    <p class=\"documento-subtitle\">Francisco Andr\u00e9s Molina Mas, Jos\u00e9 Ram\u00f3n Ortega P\u00e9rez and Inmaculada Reina G\u00f3mez<\/p>\n        \n                    <a href=\"https:\/\/marqalicante.com\/contenido\/particulos\/pub_102.pdf\" class=\"documento-btn\" target=\"_blank\" rel=\"noopener\">\n                <i class=\"fas fa-file-pdf\"><\/i> Download PDF\n            <\/a>\n            <\/div>","protected":false},"excerpt":{"rendered":"<p>The archaeological excavation at Avda. Conrado Albaladejo (Alicante), located in the Huerta de Alicante, reveals a human occupation for fifteen hundred years (1st century - 15th century), from the Roman Empire to the Islamic occupation and the subsequent Christian conquest. This settlement was initially linked to the municipium of Lucentum, later to Mad\u0131\u0304na Laqant and finally to the villa d'Alacant.<\/p>","protected":false},"featured_media":45873,"template":"","meta":{"kia_subtitle":""},"product_brand":[],"product_cat":[2913],"product_tag":[],"class_list":{"0":"post-45692","1":"product","2":"type-product","3":"status-publish","4":"has-post-thumbnail","6":"product_cat-articulos","8":"first","9":"instock","10":"virtual","11":"product-type-simple"},"meta_box":{"ia_expediente":"","ia_ano":"","ia_fechas_de_actuacion":"","ia_municipios_comarcas":"","ia_directores":"","ia_periodos_culturales":"","ia_tipos_de_intervencion":"","ia_equipo_tecnico":"","ia_autores":"","ia_promotores":"","ia_deposito_de_materiales":"","ia_coordenadas_utm":""},"_links":{"self":[{"href":"https:\/\/marqalicante-admin.qwair.com\/en\/wp-json\/wp\/v2\/product\/45692","targetHints":{"allow":["GET"]}}],"collection":[{"href":"https:\/\/marqalicante-admin.qwair.com\/en\/wp-json\/wp\/v2\/product"}],"about":[{"href":"https:\/\/marqalicante-admin.qwair.com\/en\/wp-json\/wp\/v2\/types\/product"}],"wp:featuredmedia":[{"embeddable":true,"href":"https:\/\/marqalicante-admin.qwair.com\/en\/wp-json\/wp\/v2\/media\/45873"}],"wp:attachment":[{"href":"https:\/\/marqalicante-admin.qwair.com\/en\/wp-json\/wp\/v2\/media?parent=45692"}],"wp:term":[{"taxonomy":"product_brand","embeddable":true,"href":"https:\/\/marqalicante-admin.qwair.com\/en\/wp-json\/wp\/v2\/product_brand?post=45692"},{"taxonomy":"product_cat","embeddable":true,"href":"https:\/\/marqalicante-admin.qwair.com\/en\/wp-json\/wp\/v2\/product_cat?post=45692"},{"taxonomy":"product_tag","embeddable":true,"href":"https:\/\/marqalicante-admin.qwair.com\/en\/wp-json\/wp\/v2\/product_tag?post=45692"}],"curies":[{"name":"wp","href":"https:\/\/api.w.org\/{rel}","templated":true}]}}