{"id":45691,"date":"2025-05-16T06:31:42","date_gmt":"2025-05-16T06:31:42","guid":{"rendered":"https:\/\/marqalicante-admin.qwair.com\/producto\/monedes-de-seques-provincials-romanes-dhispania-de-la-col%c2%b7leccio-d-enrique-llobregat-marq-alacant\/"},"modified":"2025-06-04T16:24:18","modified_gmt":"2025-06-04T16:24:18","slug":"monedes-de-seques-provincials-romanes-dhispania-de-la-col%c2%b7leccio-d-enrique-llobregat-marq-alacant","status":"publish","type":"product","link":"https:\/\/marqalicante-admin.qwair.com\/en\/product\/monedes-de-seques-provincials-romanes-dhispania-de-la-col%c2%b7leccio-d-enrique-llobregat-marq-alacant\/","title":{"rendered":"Monedes de seques provincials romanes d'Hisp\u00e0nia de la col-lecci\u00f3 D. Enrique Llobregat (MARQ, Alacant)"},"content":{"rendered":"<div class=\"documento-item\">\n                    <h2 class=\"documento-title\">Monedes de seques provincials romanes d'Hisp\u00e0nia de la col-lecci\u00f3 D. Enrique Llobregat (MARQ, Alacant)<\/h2>\n        \n                    <p class=\"documento-subtitle\">Julio J. Ram\u00f3n S\u00e1nchez and Jos\u00e9 M. Torregrosa Yago<\/p>\n        \n                    <a href=\"https:\/\/marqalicante.com\/contenido\/particulos\/pub_101.pdf\" class=\"documento-btn\" target=\"_blank\" rel=\"noopener\">\n                <i class=\"fas fa-file-pdf\"><\/i> Download PDF\n            <\/a>\n            <\/div>","protected":false},"excerpt":{"rendered":"Monedes de seques provincials romanes d\u2019Hisp\u00e0nia de la col\u00b7lecci\u00f3 D. Enrique Llobregat (MARQ, Alacant) Julio<span class=\"excerpt-hellip\"> [\u2026]<\/span>","protected":false},"featured_media":45873,"template":"","meta":{"kia_subtitle":""},"product_brand":[],"product_cat":[2913],"product_tag":[],"class_list":{"0":"post-45691","1":"product","2":"type-product","3":"status-publish","4":"has-post-thumbnail","6":"product_cat-articulos","8":"first","9":"instock","10":"virtual","11":"product-type-simple"},"meta_box":{"ia_expediente":"","ia_ano":"","ia_fechas_de_actuacion":"","ia_municipios_comarcas":"","ia_directores":"","ia_periodos_culturales":"","ia_tipos_de_intervencion":"","ia_equipo_tecnico":"","ia_autores":"","ia_promotores":"","ia_deposito_de_materiales":"","ia_coordenadas_utm":""},"_links":{"self":[{"href":"https:\/\/marqalicante-admin.qwair.com\/en\/wp-json\/wp\/v2\/product\/45691","targetHints":{"allow":["GET"]}}],"collection":[{"href":"https:\/\/marqalicante-admin.qwair.com\/en\/wp-json\/wp\/v2\/product"}],"about":[{"href":"https:\/\/marqalicante-admin.qwair.com\/en\/wp-json\/wp\/v2\/types\/product"}],"wp:featuredmedia":[{"embeddable":true,"href":"https:\/\/marqalicante-admin.qwair.com\/en\/wp-json\/wp\/v2\/media\/45873"}],"wp:attachment":[{"href":"https:\/\/marqalicante-admin.qwair.com\/en\/wp-json\/wp\/v2\/media?parent=45691"}],"wp:term":[{"taxonomy":"product_brand","embeddable":true,"href":"https:\/\/marqalicante-admin.qwair.com\/en\/wp-json\/wp\/v2\/product_brand?post=45691"},{"taxonomy":"product_cat","embeddable":true,"href":"https:\/\/marqalicante-admin.qwair.com\/en\/wp-json\/wp\/v2\/product_cat?post=45691"},{"taxonomy":"product_tag","embeddable":true,"href":"https:\/\/marqalicante-admin.qwair.com\/en\/wp-json\/wp\/v2\/product_tag?post=45691"}],"curies":[{"name":"wp","href":"https:\/\/api.w.org\/{rel}","templated":true}]}}