{"id":45688,"date":"2025-05-16T06:31:41","date_gmt":"2025-05-16T06:31:41","guid":{"rendered":"https:\/\/marqalicante-admin.qwair.com\/producto\/galanet-elche-alicante-nuevas-evidencias-de-ocupacion-humana-del-camp-delx-durante-el-neolitico-final\/"},"modified":"2025-06-04T16:24:17","modified_gmt":"2025-06-04T16:24:17","slug":"galanet-elche-alicante-nuevas-evidencias-de-ocupacion-humana-del-camp-delx-durante-el-neolitico-final","status":"publish","type":"product","link":"https:\/\/marqalicante-admin.qwair.com\/en\/product\/galanet-elche-alicante-nuevas-evidencias-de-ocupacion-humana-del-camp-delx-durante-el-neolitico-final\/","title":{"rendered":"Galanet (Elche, Alicante). New evidence of human occupation of the Camp d'Elx during the Late Neolithic."},"content":{"rendered":"<div class=\"documento-item\">\n                    <h2 class=\"documento-title\">Galanet (Elche, Alicante). New evidence of human occupation of the Camp d'Elx during the Late Neolithic.<\/h2>\n        \n                    <p class=\"documento-subtitle\">Palmira Torregrosa Gim\u00e9nez and Eduardo L\u00f3pez Segu\u00ed<\/p>\n        \n                    <a href=\"https:\/\/marqalicante.com\/contenido\/particulos\/pub_98.pdf\" class=\"documento-btn\" target=\"_blank\" rel=\"noopener\">\n                <i class=\"fas fa-file-pdf\"><\/i> Download PDF\n            <\/a>\n            <\/div>","protected":false},"excerpt":{"rendered":"<p>This article presents the results of the archaeological interventions carried out in several nearby areas, all of them integrated under the name of the site of Galanet (Elche, Alicante). The excavation of a wide range of negative structures and the recovery of a large number of material remains have allowed us to date the site to between the end of the 4th and beginning of the 3rd millennium BC. The distribution and number of structures make it the most extensive site of this period in the lands of the Vinalop\u00f3 river.<\/p>","protected":false},"featured_media":45873,"template":"","meta":{"kia_subtitle":""},"product_brand":[],"product_cat":[2913],"product_tag":[],"class_list":{"0":"post-45688","1":"product","2":"type-product","3":"status-publish","4":"has-post-thumbnail","6":"product_cat-articulos","8":"first","9":"instock","10":"virtual","11":"product-type-simple"},"meta_box":{"ia_expediente":"","ia_ano":"","ia_fechas_de_actuacion":"","ia_municipios_comarcas":"","ia_directores":"","ia_periodos_culturales":"","ia_tipos_de_intervencion":"","ia_equipo_tecnico":"","ia_autores":"","ia_promotores":"","ia_deposito_de_materiales":"","ia_coordenadas_utm":""},"_links":{"self":[{"href":"https:\/\/marqalicante-admin.qwair.com\/en\/wp-json\/wp\/v2\/product\/45688","targetHints":{"allow":["GET"]}}],"collection":[{"href":"https:\/\/marqalicante-admin.qwair.com\/en\/wp-json\/wp\/v2\/product"}],"about":[{"href":"https:\/\/marqalicante-admin.qwair.com\/en\/wp-json\/wp\/v2\/types\/product"}],"wp:featuredmedia":[{"embeddable":true,"href":"https:\/\/marqalicante-admin.qwair.com\/en\/wp-json\/wp\/v2\/media\/45873"}],"wp:attachment":[{"href":"https:\/\/marqalicante-admin.qwair.com\/en\/wp-json\/wp\/v2\/media?parent=45688"}],"wp:term":[{"taxonomy":"product_brand","embeddable":true,"href":"https:\/\/marqalicante-admin.qwair.com\/en\/wp-json\/wp\/v2\/product_brand?post=45688"},{"taxonomy":"product_cat","embeddable":true,"href":"https:\/\/marqalicante-admin.qwair.com\/en\/wp-json\/wp\/v2\/product_cat?post=45688"},{"taxonomy":"product_tag","embeddable":true,"href":"https:\/\/marqalicante-admin.qwair.com\/en\/wp-json\/wp\/v2\/product_tag?post=45688"}],"curies":[{"name":"wp","href":"https:\/\/api.w.org\/{rel}","templated":true}]}}