{"id":45683,"date":"2025-05-16T06:31:40","date_gmt":"2025-05-16T06:31:40","guid":{"rendered":"https:\/\/marqalicante-admin.qwair.com\/producto\/el-registro-funerario-de-cabezo-pardo-san-isidro-granja-de-rocamora-alicante\/"},"modified":"2025-06-04T16:24:17","modified_gmt":"2025-06-04T16:24:17","slug":"el-registro-funerario-de-cabezo-pardo-san-isidro-granja-de-rocamora-alicante","status":"publish","type":"product","link":"https:\/\/marqalicante-admin.qwair.com\/en\/product\/el-registro-funerario-de-cabezo-pardo-san-isidro-granja-de-rocamora-alicante\/","title":{"rendered":"The funerary register of Cabezo Pardo (San Isidro \/ Granja de Rocamora, Alicante)."},"content":{"rendered":"<div class=\"documento-item\">\n                    <h2 class=\"documento-title\">The funerary register of Cabezo Pardo (San Isidro \/ Granja de Rocamora, Alicante).<\/h2>\n        \n                    <p class=\"documento-subtitle\">Juan Antonio L\u00f3pez Padilla, M\u00aa Teresa Xim\u00e9nez de Emb\u00fan S\u00e1nchez, Susana G\u00f3mez Gonz\u00e1lez, Alejandro Romero Rameta<\/p>\n        \n                    <a href=\"https:\/\/marqalicante.com\/contenido\/particulos\/pub_93.pdf\" class=\"documento-btn\" target=\"_blank\" rel=\"noopener\">\n                <i class=\"fas fa-file-pdf\"><\/i> Download PDF\n            <\/a>\n            <\/div>","protected":false},"excerpt":{"rendered":"<p>The funerary record of the archaeological site of Cabezo Pardo is presented. The excavations carried out have revealed the existence of two periods of occupation that are chronologically very distant from each other: a first settlement belonging to the Bronze Age (c. 1950-1550 cal BC) and another from the Emirate period (c. 8th-10th century AD). The work has made it possible to document the existence of graves corresponding to both periods, as well as a set of<br \/>human skeletal remains lacking an archaeological context that cannot be assigned to one stage or another.<\/p>","protected":false},"featured_media":45873,"template":"","meta":{"kia_subtitle":""},"product_brand":[],"product_cat":[2913],"product_tag":[],"class_list":{"0":"post-45683","1":"product","2":"type-product","3":"status-publish","4":"has-post-thumbnail","6":"product_cat-articulos","8":"first","9":"instock","10":"virtual","11":"product-type-simple"},"meta_box":{"ia_expediente":"","ia_ano":"","ia_fechas_de_actuacion":"","ia_municipios_comarcas":"","ia_directores":"","ia_periodos_culturales":"","ia_tipos_de_intervencion":"","ia_equipo_tecnico":"","ia_autores":"","ia_promotores":"","ia_deposito_de_materiales":"","ia_coordenadas_utm":""},"_links":{"self":[{"href":"https:\/\/marqalicante-admin.qwair.com\/en\/wp-json\/wp\/v2\/product\/45683","targetHints":{"allow":["GET"]}}],"collection":[{"href":"https:\/\/marqalicante-admin.qwair.com\/en\/wp-json\/wp\/v2\/product"}],"about":[{"href":"https:\/\/marqalicante-admin.qwair.com\/en\/wp-json\/wp\/v2\/types\/product"}],"wp:featuredmedia":[{"embeddable":true,"href":"https:\/\/marqalicante-admin.qwair.com\/en\/wp-json\/wp\/v2\/media\/45873"}],"wp:attachment":[{"href":"https:\/\/marqalicante-admin.qwair.com\/en\/wp-json\/wp\/v2\/media?parent=45683"}],"wp:term":[{"taxonomy":"product_brand","embeddable":true,"href":"https:\/\/marqalicante-admin.qwair.com\/en\/wp-json\/wp\/v2\/product_brand?post=45683"},{"taxonomy":"product_cat","embeddable":true,"href":"https:\/\/marqalicante-admin.qwair.com\/en\/wp-json\/wp\/v2\/product_cat?post=45683"},{"taxonomy":"product_tag","embeddable":true,"href":"https:\/\/marqalicante-admin.qwair.com\/en\/wp-json\/wp\/v2\/product_tag?post=45683"}],"curies":[{"name":"wp","href":"https:\/\/api.w.org\/{rel}","templated":true}]}}