{"id":45676,"date":"2025-05-16T06:31:38","date_gmt":"2025-05-16T06:31:38","guid":{"rendered":"https:\/\/marqalicante-admin.qwair.com\/producto\/la-cova-del-barranc-fondo-xativa-valencia-materiales-depositados-en-el-museu-de-prehistoria-de-valencia\/"},"modified":"2025-06-04T16:24:16","modified_gmt":"2025-06-04T16:24:16","slug":"la-cova-del-barranc-fondo-xativa-valencia-materiales-depositados-en-el-museu-de-prehistoria-de-valencia","status":"publish","type":"product","link":"https:\/\/marqalicante-admin.qwair.com\/en\/product\/la-cova-del-barranc-fondo-xativa-valencia-materiales-depositados-en-el-museu-de-prehistoria-de-valencia\/","title":{"rendered":"The Barranc Fondo Cave (X\u00e0tiva, Val\u00e8ncia). Materials deposited in the Museu de Prehist\u00f2ria de Val\u00e8ncia."},"content":{"rendered":"<div class=\"documento-item\">\n                    <h2 class=\"documento-title\">The Barranc Fondo Cave (X\u00e0tiva, Val\u00e8ncia). Materials deposited in the Museu de Prehist\u00f2ria de Val\u00e8ncia.<\/h2>\n        \n                    <p class=\"documento-subtitle\">Pablo Garc\u00eda Borja, \u00c1ngel Velasco Berzosa, Margarita Vadillo Conesa, Josep Llu\u00eds Pascual Benito, Mario Sanz Tormo and Emilio Cortell P\u00e9rez<\/p>\n        \n                    <a href=\"https:\/\/marqalicante.com\/contenido\/particulos\/pub_86.pdf\" class=\"documento-btn\" target=\"_blank\" rel=\"noopener\">\n                <i class=\"fas fa-file-pdf\"><\/i> Download PDF\n            <\/a>\n            <\/div>","protected":false},"excerpt":{"rendered":"<p>After reviewing the prehistoric archaeological materials from the Cova del Barranc Fondo deposited at the Museu de Prehist\u00f2ria de Val\u00e8ncia, a sequence of occupations is proposed that begins in the Late Magdalenian period and ends in the Bronze Age. The results obtained have led to the start of an archaeological excavation project in the cave, with the aim of contextualising the existing remains in greater detail and establishing the degree of conservation of its strata, as well as carrying out a more extensive documentation of its morphology and physical characteristics.&nbsp;<\/p>","protected":false},"featured_media":45873,"template":"","meta":{"kia_subtitle":""},"product_brand":[],"product_cat":[2913],"product_tag":[],"class_list":{"0":"post-45676","1":"product","2":"type-product","3":"status-publish","4":"has-post-thumbnail","6":"product_cat-articulos","8":"first","9":"instock","10":"virtual","11":"product-type-simple"},"meta_box":{"ia_expediente":"","ia_ano":"","ia_fechas_de_actuacion":"","ia_municipios_comarcas":"","ia_directores":"","ia_periodos_culturales":"","ia_tipos_de_intervencion":"","ia_equipo_tecnico":"","ia_autores":"","ia_promotores":"","ia_deposito_de_materiales":"","ia_coordenadas_utm":""},"_links":{"self":[{"href":"https:\/\/marqalicante-admin.qwair.com\/en\/wp-json\/wp\/v2\/product\/45676","targetHints":{"allow":["GET"]}}],"collection":[{"href":"https:\/\/marqalicante-admin.qwair.com\/en\/wp-json\/wp\/v2\/product"}],"about":[{"href":"https:\/\/marqalicante-admin.qwair.com\/en\/wp-json\/wp\/v2\/types\/product"}],"wp:featuredmedia":[{"embeddable":true,"href":"https:\/\/marqalicante-admin.qwair.com\/en\/wp-json\/wp\/v2\/media\/45873"}],"wp:attachment":[{"href":"https:\/\/marqalicante-admin.qwair.com\/en\/wp-json\/wp\/v2\/media?parent=45676"}],"wp:term":[{"taxonomy":"product_brand","embeddable":true,"href":"https:\/\/marqalicante-admin.qwair.com\/en\/wp-json\/wp\/v2\/product_brand?post=45676"},{"taxonomy":"product_cat","embeddable":true,"href":"https:\/\/marqalicante-admin.qwair.com\/en\/wp-json\/wp\/v2\/product_cat?post=45676"},{"taxonomy":"product_tag","embeddable":true,"href":"https:\/\/marqalicante-admin.qwair.com\/en\/wp-json\/wp\/v2\/product_tag?post=45676"}],"curies":[{"name":"wp","href":"https:\/\/api.w.org\/{rel}","templated":true}]}}