{"id":45668,"date":"2025-05-16T06:31:36","date_gmt":"2025-05-16T06:31:36","guid":{"rendered":"https:\/\/marqalicante-admin.qwair.com\/producto\/a-medio-camino-excavaciones-arqueologicas-en-el-negret-agost-alicante\/"},"modified":"2025-06-04T16:24:14","modified_gmt":"2025-06-04T16:24:14","slug":"a-medio-camino-excavaciones-arqueologicas-en-el-negret-agost-alicante","status":"publish","type":"product","link":"https:\/\/marqalicante-admin.qwair.com\/en\/product\/a-medio-camino-excavaciones-arqueologicas-en-el-negret-agost-alicante\/","title":{"rendered":"Halfway. Archaeological excavations in El Negret (Agost, Alicante)"},"content":{"rendered":"<div class=\"documento-item\">\n                    <h2 class=\"documento-title\">Halfway. Archaeological excavations in El Negret (Agost, Alicante)<\/h2>\n        \n                    <p class=\"documento-subtitle\">Virginia Barciela Gonz\u00e1lez, Mauro S. Hern\u00e1ndez P\u00e9rez, Eduardo L\u00f3pez Segu\u00ed, Palmira Torregrosa Gim\u00e9nez<\/p>\n        \n                    <a href=\"https:\/\/marqalicante.com\/contenido\/particulos\/pub_78.pdf\" class=\"documento-btn\" target=\"_blank\" rel=\"noopener\">\n                <i class=\"fas fa-file-pdf\"><\/i> Download PDF\n            <\/a>\n            <\/div>","protected":false},"excerpt":{"rendered":"<p>This article presents the first results of the excavations carried out at the site of El Negret (Agost, Alicante). The absolute dates obtained and the analysis of certain materials from the excavation and previous surveys have allowed us to ascribe this settlement to the Late Bronze Age and to relate it to other sites from the same period. Its privileged setting, with abundant water and fertile land, as well as its location between the Vinalop\u00f3 river basin - where the Late Bronze Age is well represented - and the Mediterranean coast, explain its extensive chronological framework and the richness and variety of the archaeological contexts documented.<\/p>","protected":false},"featured_media":45873,"template":"","meta":{"kia_subtitle":""},"product_brand":[],"product_cat":[2913],"product_tag":[],"class_list":{"0":"post-45668","1":"product","2":"type-product","3":"status-publish","4":"has-post-thumbnail","6":"product_cat-articulos","8":"first","9":"instock","10":"virtual","11":"product-type-simple"},"meta_box":{"ia_expediente":"","ia_ano":"","ia_fechas_de_actuacion":"","ia_municipios_comarcas":"","ia_directores":"","ia_periodos_culturales":"","ia_tipos_de_intervencion":"","ia_equipo_tecnico":"","ia_autores":"","ia_promotores":"","ia_deposito_de_materiales":"","ia_coordenadas_utm":""},"_links":{"self":[{"href":"https:\/\/marqalicante-admin.qwair.com\/en\/wp-json\/wp\/v2\/product\/45668","targetHints":{"allow":["GET"]}}],"collection":[{"href":"https:\/\/marqalicante-admin.qwair.com\/en\/wp-json\/wp\/v2\/product"}],"about":[{"href":"https:\/\/marqalicante-admin.qwair.com\/en\/wp-json\/wp\/v2\/types\/product"}],"wp:featuredmedia":[{"embeddable":true,"href":"https:\/\/marqalicante-admin.qwair.com\/en\/wp-json\/wp\/v2\/media\/45873"}],"wp:attachment":[{"href":"https:\/\/marqalicante-admin.qwair.com\/en\/wp-json\/wp\/v2\/media?parent=45668"}],"wp:term":[{"taxonomy":"product_brand","embeddable":true,"href":"https:\/\/marqalicante-admin.qwair.com\/en\/wp-json\/wp\/v2\/product_brand?post=45668"},{"taxonomy":"product_cat","embeddable":true,"href":"https:\/\/marqalicante-admin.qwair.com\/en\/wp-json\/wp\/v2\/product_cat?post=45668"},{"taxonomy":"product_tag","embeddable":true,"href":"https:\/\/marqalicante-admin.qwair.com\/en\/wp-json\/wp\/v2\/product_tag?post=45668"}],"curies":[{"name":"wp","href":"https:\/\/api.w.org\/{rel}","templated":true}]}}